{"id":9228,"date":"2025-10-11T10:50:47","date_gmt":"2025-10-11T10:50:47","guid":{"rendered":"https:\/\/softskinshop.net\/?post_type=product&#038;p=9228"},"modified":"2025-10-11T10:50:48","modified_gmt":"2025-10-11T10:50:48","slug":"niacinamide-arbutin-glow-boosting-cream","status":"publish","type":"product","link":"https:\/\/softskinshop.net\/lv\/shop\/all-products\/niacinamide-arbutin-glow-boosting-cream\/","title":{"rendered":"Niacinamide Arbutin Glow Boosting kr\u0113ms"},"content":{"rendered":"<p>Uzlabojiet savu \u0101das kop\u0161anas rut\u012bnu ar FABYOU Niacinamide Arbutin Glow Boosting kr\u0113mu, kura sast\u0101v\u0101 ir 10% niacinam\u012bds un arbut\u012bns, lai efekt\u012bvi att\u012br\u012btu un uzlabotu mirdzumu. \u0160is \u0101tri uzs\u016bco\u0161ais kr\u0113ms, kas ir paredz\u0113ts c\u012b\u0146ai ar plankumiem, nevienm\u0113r\u012bgu \u0101das toni un papla\u0161in\u0101t\u0101m por\u0101m, izmanto patent\u0113tu nanolipozomu tehnolo\u0123iju, lai nodro\u0161in\u0101tu dzi\u013cu mitrin\u0101\u0161anu un vieglu p\u0101rkl\u0101jumu. Kr\u0113ms ir dro\u0161s jut\u012bgai \u0101dai, t\u0101 sast\u0101v\u0101 ir Hippophae Rhamnoides e\u013c\u013ca, kas nomierina kairin\u0101jumu, vienlaikus saglab\u0101jot mitrumu. \u0160is nekomedog\u0113niskais kr\u0113ms bez alkohola un parab\u0113niem ir ide\u0101li piem\u0113rots mirdzuma uzlabo\u0161anai un \u0101das gluduma, mirdzuma un dzi\u013cas mitrin\u0101\u0161anas saglab\u0101\u0161anai.<\/p>\n<p>SP\u0112C\u012aGA MIRDZUMU VEICINO\u0160A FORMULA<br \/>\n10% niac\u012bnam\u012bds un arbut\u012bns sp\u0113c\u012bgi att\u012bra \u0101du, nov\u0113r\u0161ot plankumus, nevienm\u0113r\u012bgu \u0101das toni un papla\u0161in\u0101t\u0101s poras.<\/p>\n<p>\u0100TRA UZS\u016aK\u0160AN\u0100S AR NANOLIPOZOMU TEHNOLO\u0122IJU<br \/>\n\u0160aj\u0101 serum\u0101 izmantota patent\u0113ta nanolipozomu tehnolo\u0123ija, kas nodro\u0161ina \u0101tru un dzi\u013cu uzs\u016bk\u0161anos \u0101d\u0101, maksim\u0101li palielinot \u0101das dzidrin\u0101\u0161anas un mitrin\u0101\u0161anas efektu.<\/p>\n<p>NEKAIRINA, PIEM\u0112ROTS JUT\u012aGAI \u0100DAI<br \/>\nBag\u0101tin\u0101ts ar Hippophae Rhamnoides e\u013c\u013cu, lai mazin\u0101tu kairin\u0101jumu, t\u0101p\u0113c ir dro\u0161s jut\u012bgai \u0101dai, kas nepanes augstas koncentr\u0101cijas C vitam\u012bna produktus.<\/p>\n<p>PAMAN\u0100MI REZULT\u0100TI<br \/>\nDa\u017eu ned\u0113\u013cu laik\u0101 pal\u012bdz uzlabot \u0101das tonusu, mazin\u0101t plankumus un palielin\u0101t \u0101das mirdzumu.<\/p>\n<p>MITRIN\u0100\u0160ANA UN DZIDRIN\u0100\u0160ANA VIEN\u0100 SOL\u012a<br \/>\nNodro\u0161ina dzi\u013cu mitrin\u0101\u0161anu, vienlaikus izgaismojot \u0101du, padarot to gludu, mirdzo\u0161u un ar izl\u012bdzin\u0101t\u0101m por\u0101m bez lip\u012bgiem atlikumiem. Turkl\u0101t tas ir bez e\u013c\u013cas, nekomedog\u0113ns, bez smar\u017eas, bez alkohola un parab\u0113niem, t\u0101p\u0113c ir lieliska izv\u0113le jut\u012bgai \u0101dai un \u0101dai ar noslieci uz aknes r\u0113t\u0101m.<\/p>","protected":false},"excerpt":{"rendered":"<p>Uzlabojiet savu \u0101das kop\u0161anas rut\u012bnu ar FABYOU Niacinamide Arbutin Glow Boosting kr\u0113mu, kura sast\u0101v\u0101 ir 10% niacinam\u012bds un arbut\u012bns, lai efekt\u012bvi att\u012br\u012btu un uzlabotu mirdzumu. \u0160is \u0101tri uzs\u016bco\u0161ais kr\u0113ms, kas ir paredz\u0113ts c\u012b\u0146ai ar plankumiem, nevienm\u0113r\u012bgu \u0101das toni un papla\u0161in\u0101t\u0101m por\u0101m, izmanto patent\u0113tu nanolipozomu tehnolo\u0123iju, lai nodro\u0161in\u0101tu dzi\u013cu mitrin\u0101\u0161anu un vieglu p\u0101rkl\u0101jumu. Kr\u0113ms ir dro\u0161s jut\u012bgai \u0101dai, t\u0101 sast\u0101v\u0101 ir Hippophae Rhamnoides e\u013c\u013ca, kas nomierina kairin\u0101jumu, vienlaikus saglab\u0101jot mitrumu. \u0160is nekomedog\u0113niskais kr\u0113ms bez alkohola un parab\u0113niem ir ide\u0101li piem\u0113rots mirdzuma uzlabo\u0161anai un \u0101das gluduma, mirdzuma un dzi\u013cas mitrin\u0101\u0161anas saglab\u0101\u0161anai.<\/p>\n<p>SP\u0112C\u012aGA MIRDZUMU VEICINO\u0160A FORMULA<br \/>\n10% niac\u012bnam\u012bds un arbut\u012bns sp\u0113c\u012bgi att\u012bra \u0101du, nov\u0113r\u0161ot plankumus, nevienm\u0113r\u012bgu \u0101das toni un papla\u0161in\u0101t\u0101s poras.<\/p>\n<p>\u0100TRA UZS\u016aK\u0160AN\u0100S AR NANOLIPOZOMU TEHNOLO\u0122IJU<br \/>\n\u0160aj\u0101 serum\u0101 izmantota patent\u0113ta nanolipozomu tehnolo\u0123ija, kas nodro\u0161ina \u0101tru un dzi\u013cu uzs\u016bk\u0161anos \u0101d\u0101, maksim\u0101li palielinot \u0101das dzidrin\u0101\u0161anas un mitrin\u0101\u0161anas efektu.<\/p>\n<p>NEKAIRINA, PIEM\u0112ROTS JUT\u012aGAI \u0100DAI<br \/>\nBag\u0101tin\u0101ts ar Hippophae Rhamnoides e\u013c\u013cu, lai mazin\u0101tu kairin\u0101jumu, t\u0101p\u0113c ir dro\u0161s jut\u012bgai \u0101dai, kas nepanes augstas koncentr\u0101cijas C vitam\u012bna produktus.<\/p>\n<p>PAMAN\u0100MI REZULT\u0100TI<br \/>\nDa\u017eu ned\u0113\u013cu laik\u0101 pal\u012bdz uzlabot \u0101das tonusu, mazin\u0101t plankumus un palielin\u0101t \u0101das mirdzumu.<\/p>\n<p>MITRIN\u0100\u0160ANA UN DZIDRIN\u0100\u0160ANA VIEN\u0100 SOL\u012a<br \/>\nNodro\u0161ina dzi\u013cu mitrin\u0101\u0161anu, vienlaikus izgaismojot \u0101du, padarot to gludu, mirdzo\u0161u un ar izl\u012bdzin\u0101t\u0101m por\u0101m bez lip\u012bgiem atlikumiem. Turkl\u0101t tas ir bez e\u013c\u013cas, nekomedog\u0113ns, bez smar\u017eas, bez alkohola un parab\u0113niem, t\u0101p\u0113c ir lieliska izv\u0113le jut\u012bgai \u0101dai un \u0101dai ar noslieci uz aknes r\u0113t\u0101m.<\/p>\n<p>Sast\u0101vda\u013cas:<br \/>\n\u016adens, niac\u012bnam\u012bds (100 000ppm), kaprilic\/kapric triglicer\u012bds, glicer\u012bns, butil\u0113nglikols, hidrogen\u0113ts polidecens, neopentilglikola dikapr\u0101ts, cetearilspirts, Butyrospermum Parkii (Shea) sviests, ciklopentasiloks\u0101ns, 1,2-heksanediols, dimetikons, cikloheksasiloks\u0101ns, beta\u012bns, trehalozes, Cynanchum Atratum ekstrakts, glutations, Hippophae Rhamnoides e\u013c\u013ca, keram\u012bds NP, hidrogen\u0113tais lecit\u012bns, n\u0101trija hialuron\u0101ts, bi\u0161u vasks, adenoz\u012bns, arbut\u012bns (10ppm), sorbit\u0101na stear\u0101ts, glicer\u012bna stear\u0101ts, PEG-100 stear\u0101ts, cetearila oliv\u0101ts, sorbit\u0101na oliv\u0101ts, PEG-40 stear\u0101ts, glicer\u012bna stear\u0101ts SE, karbom\u0113rs, trometam\u012bns, n\u0101trija fit\u0101ts, etilheksilglicer\u012bns<\/p>","protected":false},"featured_media":9229,"template":"","meta":{"om_disable_all_campaigns":false,"_monsterinsights_skip_tracking":false,"_monsterinsights_sitenote_active":false,"_monsterinsights_sitenote_note":"","_monsterinsights_sitenote_category":0},"product_cat":[15,71],"product_tag":[],"aioseo_notices":[],"_links":{"self":[{"href":"https:\/\/softskinshop.net\/lv\/wp-json\/wp\/v2\/product\/9228"}],"collection":[{"href":"https:\/\/softskinshop.net\/lv\/wp-json\/wp\/v2\/product"}],"about":[{"href":"https:\/\/softskinshop.net\/lv\/wp-json\/wp\/v2\/types\/product"}],"wp:featuredmedia":[{"embeddable":true,"href":"https:\/\/softskinshop.net\/lv\/wp-json\/wp\/v2\/media\/9229"}],"wp:attachment":[{"href":"https:\/\/softskinshop.net\/lv\/wp-json\/wp\/v2\/media?parent=9228"}],"wp:term":[{"taxonomy":"product_cat","embeddable":true,"href":"https:\/\/softskinshop.net\/lv\/wp-json\/wp\/v2\/product_cat?post=9228"},{"taxonomy":"product_tag","embeddable":true,"href":"https:\/\/softskinshop.net\/lv\/wp-json\/wp\/v2\/product_tag?post=9228"}],"curies":[{"name":"wp","href":"https:\/\/api.w.org\/{rel}","templated":true}]}}