{"id":9226,"date":"2025-10-11T10:46:02","date_gmt":"2025-10-11T10:46:02","guid":{"rendered":"https:\/\/softskinshop.net\/?post_type=product&#038;p=9226"},"modified":"2025-10-11T10:46:02","modified_gmt":"2025-10-11T10:46:02","slug":"apricot-blossom-peeling-gel","status":"publish","type":"product","link":"https:\/\/softskinshop.net\/lv\/shop\/all-products\/apricot-blossom-peeling-gel\/","title":{"rendered":"Apriko\u017eu ziedu p\u012blinga \u017eeleja"},"content":{"rendered":"<p>\u0160is izl\u012bdzino\u0161ais att\u012bro\u0161ais g\u0113ls ir bag\u0101tin\u0101ts ar pl\u016bmju ziedu \u016bdeni un augu izcelsmes eksfoliantiem, lai uzlabotu \u0101das bl\u0101vumu un nevienm\u0113r\u012bgu tekst\u016bru. Lietojiet to uz sejas un \u0137erme\u0146a, lai atkl\u0101tu dabiski mirdzo\u0161us rezult\u0101tus.<\/p>","protected":false},"excerpt":{"rendered":"<p>\u0160is izl\u012bdzino\u0161ais att\u012bro\u0161ais g\u0113ls ir bag\u0101tin\u0101ts ar pl\u016bmju ziedu \u016bdeni un augu izcelsmes eksfoliantiem, lai uzlabotu \u0101das bl\u0101vumu un nevienm\u0113r\u012bgu tekst\u016bru. Lietojiet to uz sejas un \u0137erme\u0146a, lai atkl\u0101tu dabiski mirdzo\u0161us rezult\u0101tus.<br \/>\nSast\u0101vda\u013cas:<br \/>\n\u016adens, Prunus Mume ziedu \u016bdens, celuloze, metilprop\u0101ndiols, 1,2-heks\u0101ndiols, karbom\u0113rs, argin\u012bns, etilheksilglicer\u012bns, alanto\u012bns, sorb\u012bts, din\u0101trija EDTA, butil\u0113nglikols, Pyrus Malus (\u0101bolu) aug\u013cu ekstrakts, Camellia Sinensis lapu ekstrakts, Houttuynia Cordata ekstrakts, Nelumbo Nucifera ziedu ekstrakts, Oryza Sativa (r\u012bsu) ekstrakts, Prunus Mume aug\u013cu ekstrakts, Vaccinium Angustifolium (melle\u0146u) aug\u013cu ekstrakts.<\/p>","protected":false},"featured_media":9227,"template":"","meta":{"om_disable_all_campaigns":false,"_monsterinsights_skip_tracking":false,"_monsterinsights_sitenote_active":false,"_monsterinsights_sitenote_note":"","_monsterinsights_sitenote_category":0},"product_cat":[15,71],"product_tag":[],"aioseo_notices":[],"_links":{"self":[{"href":"https:\/\/softskinshop.net\/lv\/wp-json\/wp\/v2\/product\/9226"}],"collection":[{"href":"https:\/\/softskinshop.net\/lv\/wp-json\/wp\/v2\/product"}],"about":[{"href":"https:\/\/softskinshop.net\/lv\/wp-json\/wp\/v2\/types\/product"}],"wp:featuredmedia":[{"embeddable":true,"href":"https:\/\/softskinshop.net\/lv\/wp-json\/wp\/v2\/media\/9227"}],"wp:attachment":[{"href":"https:\/\/softskinshop.net\/lv\/wp-json\/wp\/v2\/media?parent=9226"}],"wp:term":[{"taxonomy":"product_cat","embeddable":true,"href":"https:\/\/softskinshop.net\/lv\/wp-json\/wp\/v2\/product_cat?post=9226"},{"taxonomy":"product_tag","embeddable":true,"href":"https:\/\/softskinshop.net\/lv\/wp-json\/wp\/v2\/product_tag?post=9226"}],"curies":[{"name":"wp","href":"https:\/\/api.w.org\/{rel}","templated":true}]}}