{"id":9218,"date":"2025-09-25T08:10:26","date_gmt":"2025-09-25T08:10:26","guid":{"rendered":"https:\/\/softskinshop.net\/?post_type=product&#038;p=9218"},"modified":"2025-11-24T18:32:34","modified_gmt":"2025-11-24T18:32:34","slug":"stem-cell-pdrn-recovery-serum","status":"publish","type":"product","link":"https:\/\/softskinshop.net\/lv\/shop\/all-products\/stem-cell-pdrn-recovery-serum\/","title":{"rendered":"Cilmes \u0161\u016bnu PDRN atjaunojo\u0161ais serums"},"content":{"rendered":"<p>FABYOU Stem Cell PDRN Recovery Serum ir intens\u012bvas kop\u0161anas serums, kas izstr\u0101d\u0101ts, lai uzlabotu \u0101das dabisko vitalit\u0101ti, izmantojot progres\u012bvas biotehnolo\u0123ijas un dabiskas izcelsmes sast\u0101vda\u013cas. Izbaudiet dzi\u013cu atjauno\u0161anos un uzlabotu \u0101das elast\u012bbu ar m\u016bsu sp\u0113c\u012bgo augu izcelsmes cilmes \u0161\u016bnu, EGF, PDRN un barojo\u0161o sast\u0101vda\u013cu mais\u012bjumu. \u0160is atjaunojo\u0161ais serums, kas papildin\u0101ts ar niacinam\u012bdu un keram\u012bdu NP, stiprina \u0101das barjeru, veicina \u0161\u016bnu re\u0123ener\u0101ciju un redzami izl\u012bdzina, nostiprina un atjauno sejas kr\u0101su.<\/p>\n<p>UZLABOTA NOVECO\u0160AN\u0100S NOV\u0112R\u0160ANA AR AUGU CILMES \u0160\u016aNU TEHNOLO\u0122IJU<\/p>\n<p>DZI\u013bA MITRIN\u0100\u0160ANA UN BARO\u0160ANA<\/p>\n<p>STIPRINA UN ATJAUNO \u0100DAS BARJERU<\/p>\n<p>PRETNOVECO\u0160AN\u0100S, IZL\u012aDZINO\u0160A UN IZGAISMOJO\u0160A IEDARB\u012aBA.<\/p>\n<p>VIEGLS UN \u0100TRI UZS\u016aCO\u0160S<\/p>\n<p>DRO\u0160A UN EFEKT\u012aVA KOREJIE\u0160U \u0100DAS KOP\u0160ANA<\/p>\n<p>Sast\u0101vda\u013cas:<br \/>\n\u016adens, butil\u0113nglikols, prop\u0101ndiols, 1,2-heks\u0101ndiols, glicer\u012bns, niac\u012bnam\u012bds, etilheksilpalmit\u0101ts, hidrogen\u0113ts polydec\u0113ns, cetearila oliv\u0101ts, cetearila alkohols, keram\u012bds NP, sorbit\u0101na oliv\u0101ts, vinildimetikons, skval\u0101ns,<br \/>\nHidroksietilakril\u0101ta\/n\u0101trija akriloksidimetiltaur\u0101ta kopolim\u0113rs, pantenols, Limnanthes Alba (Limnanthes Alba) s\u0113klu e\u013c\u013ca, hidroksietilceluloze, adenoz\u012bns, Leontopodium Alpinum kalusa kult\u016bras ekstrakts (100ppm), n\u0101trija hialuron\u0101ts, Centella Asiatica kalusa \u0101r\u0161\u016bnu vezikulas, bakuchiols, n\u0101trija DNS (1ppm), sh-Oligopep<br \/>\ntide-1, karbom\u0113rs, ksant\u0101na sve\u0137i, lecit\u012bns, sorbit\u0101na izostear\u0101ts, polisorb\u0101ts 60,<br \/>\npolisorb\u0101ts 20 , trometam\u012bns, din\u0101trija fosf\u0101ts, n\u0101trija fosf\u0101ts, n\u0101trija fosf\u0101ts, n\u0101trija fosf\u0101ts, n\u0101trija fosf\u0101ts, n\u0101trija fosf\u0101ts, n\u0101trija fosf\u0101ts<br \/>\nAskorbilfosf\u0101ts, etilheksilglicer\u012bns, n\u0101trija fit\u0101ts, din\u0101trija EDTA, smar\u017evielas.<\/p>","protected":false},"excerpt":{"rendered":"<p>FABYOU Stem Cell PDRN Recovery Serum ir intens\u012bvas kop\u0161anas serums, kas izstr\u0101d\u0101ts, lai uzlabotu \u0101das dabisko vitalit\u0101ti, izmantojot progres\u012bvas biotehnolo\u0123ijas un dabiskas izcelsmes sast\u0101vda\u013cas. Izbaudiet dzi\u013cu atjauno\u0161anos un uzlabotu \u0101das elast\u012bbu ar m\u016bsu sp\u0113c\u012bgo augu izcelsmes cilmes \u0161\u016bnu, EGF, PDRN un barojo\u0161o sast\u0101vda\u013cu mais\u012bjumu. \u0160is atjaunojo\u0161ais serums, kas papildin\u0101ts ar niacinam\u012bdu un keram\u012bdu NP, stiprina \u0101das barjeru, veicina \u0161\u016bnu re\u0123ener\u0101ciju un redzami izl\u012bdzina, nostiprina un atjauno sejas kr\u0101su.<\/p>\n<p>UZLABOTA NOVECO\u0160AN\u0100S NOV\u0112R\u0160ANA AR AUGU CILMES \u0160\u016aNU TEHNOLO\u0122IJU<\/p>\n<p>DZI\u013bA MITRIN\u0100\u0160ANA UN BARO\u0160ANA<\/p>\n<p>STIPRINA UN ATJAUNO \u0100DAS BARJERU<\/p>\n<p>PRETNOVECO\u0160AN\u0100S, IZL\u012aDZINO\u0160A UN IZGAISMOJO\u0160A IEDARB\u012aBA.<\/p>\n<p>VIEGLS UN \u0100TRI UZS\u016aCO\u0160S<\/p>\n<p>DRO\u0160A UN EFEKT\u012aVA KOREJIE\u0160U \u0100DAS KOP\u0160ANA<\/p>\n<p>Sast\u0101vda\u013cas:<br \/>\n\u016adens, butil\u0113nglikols, prop\u0101ndiols, 1,2-heks\u0101ndiols, glicer\u012bns, niac\u012bnam\u012bds, etilheksilpalmit\u0101ts, hidrogen\u0113ts polydec\u0113ns, cetearila oliv\u0101ts, cetearila alkohols, keram\u012bds NP, sorbit\u0101na oliv\u0101ts, vinildimetikons, skval\u0101ns,<br \/>\nHidroksietilakril\u0101ta\/n\u0101trija akriloksidimetiltaur\u0101ta kopolim\u0113rs, pantenols, Limnanthes Alba (Limnanthes Alba) s\u0113klu e\u013c\u013ca, hidroksietilceluloze, adenoz\u012bns, Leontopodium Alpinum kalusa kult\u016bras ekstrakts (100ppm), n\u0101trija hialuron\u0101ts, Centella Asiatica kalusa \u0101r\u0161\u016bnu vezikulas, bakuchiols, n\u0101trija DNS (1ppm), sh-Oligopep<br \/>\ntide-1, karbom\u0113rs, ksant\u0101na sve\u0137i, lecit\u012bns, sorbit\u0101na izostear\u0101ts, polisorb\u0101ts 60,<br \/>\npolisorb\u0101ts 20 , trometam\u012bns, din\u0101trija fosf\u0101ts, n\u0101trija fosf\u0101ts, n\u0101trija fosf\u0101ts, n\u0101trija fosf\u0101ts, n\u0101trija fosf\u0101ts, n\u0101trija fosf\u0101ts, n\u0101trija fosf\u0101ts<br \/>\nAskorbilfosf\u0101ts, etilheksilglicer\u012bns, n\u0101trija fit\u0101ts, din\u0101trija EDTA, smar\u017evielas.<\/p>","protected":false},"featured_media":9219,"template":"","meta":{"om_disable_all_campaigns":false,"_monsterinsights_skip_tracking":false,"_monsterinsights_sitenote_active":false,"_monsterinsights_sitenote_note":"","_monsterinsights_sitenote_category":0},"product_cat":[15,71],"product_tag":[],"aioseo_notices":[],"_links":{"self":[{"href":"https:\/\/softskinshop.net\/lv\/wp-json\/wp\/v2\/product\/9218"}],"collection":[{"href":"https:\/\/softskinshop.net\/lv\/wp-json\/wp\/v2\/product"}],"about":[{"href":"https:\/\/softskinshop.net\/lv\/wp-json\/wp\/v2\/types\/product"}],"wp:featuredmedia":[{"embeddable":true,"href":"https:\/\/softskinshop.net\/lv\/wp-json\/wp\/v2\/media\/9219"}],"wp:attachment":[{"href":"https:\/\/softskinshop.net\/lv\/wp-json\/wp\/v2\/media?parent=9218"}],"wp:term":[{"taxonomy":"product_cat","embeddable":true,"href":"https:\/\/softskinshop.net\/lv\/wp-json\/wp\/v2\/product_cat?post=9218"},{"taxonomy":"product_tag","embeddable":true,"href":"https:\/\/softskinshop.net\/lv\/wp-json\/wp\/v2\/product_tag?post=9218"}],"curies":[{"name":"wp","href":"https:\/\/api.w.org\/{rel}","templated":true}]}}