{"id":9215,"date":"2025-09-25T08:02:24","date_gmt":"2025-09-25T08:02:24","guid":{"rendered":"https:\/\/softskinshop.net\/?post_type=product&#038;p=9215"},"modified":"2025-09-25T08:02:24","modified_gmt":"2025-09-25T08:02:24","slug":"centella-skin-resurrection-toner","status":"publish","type":"product","link":"https:\/\/softskinshop.net\/lv\/shop\/all-products\/centella-skin-resurrection-toner\/","title":{"rendered":"Centella Skin Resurrection toniks"},"content":{"rendered":"<p>\u0160is toniks mitrina un nomierina \u0101du, jo t\u0101 sast\u0101v\u0101 ir pievienots asiatisk\u0101s centellas ekstrakts.<br \/>\nSatur pept\u012bdu un pantenolu, kas pal\u012bdz uzlabot \u0101das elast\u012bbu.<br \/>\nPievienota hialuronsk\u0101be, kas nodro\u0161ina \u0101das mitrin\u0101\u0161anu.<br \/>\nZemu kairin\u0101jumu izraiso\u0161s PHA toniks, kas piem\u0113rots ikdienas lieto\u0161anai.<br \/>\nVeg\u0101nu formula, kas pagatavota no sast\u0101vda\u013c\u0101m, kas nesatur alerg\u0113nus.<\/p>\n<p>Sast\u0101vda\u013cas:<br \/>\n\u016adens, Centella Asiatica lapu \u016bdens (120 000ppm), dipropil\u0113nglikols, glicer\u012bns, butil\u0113nglikols, 1,2-heksandiols, hidroksiacetofenons, C12-14-paretons-12, pantenols, karbom\u0113rs, argin\u012bns, n\u0101trija hialuron\u0101ts, din\u0101trija EDTA, glikonolaktons, Centella Asiatica ekstrakts (1ppm), Centella Asiatica lapu ekstrakts (1ppm), Centella Asiatica sak\u0146u ekstrakts (1ppm), asiatisk\u0101 sk\u0101be, asiatikoz\u012bds, acetilheksapept\u012bds-8, madekazi\u0137sk\u0101be, madekazi\u0137sk\u0101be, madekazi\u0137sk\u0101be, Melaleuca Alternifolia (Tea Tree) lapu e\u013c\u013ca.<\/p>","protected":false},"excerpt":{"rendered":"<p>\u0160is toniks mitrina un nomierina \u0101du, jo t\u0101 sast\u0101v\u0101 ir pievienots asiatisk\u0101s centellas ekstrakts.<br \/>\nSatur pept\u012bdu un pantenolu, kas pal\u012bdz uzlabot \u0101das elast\u012bbu.<br \/>\nPievienota hialuronsk\u0101be, kas nodro\u0161ina \u0101das mitrin\u0101\u0161anu.<br \/>\nZemu kairin\u0101jumu izraiso\u0161s PHA toniks, kas piem\u0113rots ikdienas lieto\u0161anai.<br \/>\nVeg\u0101nu formula, kas pagatavota no sast\u0101vda\u013c\u0101m, kas nesatur alerg\u0113nus.<\/p>\n<p>Sast\u0101vda\u013cas:<br \/>\n\u016adens, Centella Asiatica lapu \u016bdens (120 000ppm), dipropil\u0113nglikols, glicer\u012bns, butil\u0113nglikols, 1,2-heksandiols, hidroksiacetofenons, C12-14-paretons-12, pantenols, karbom\u0113rs, argin\u012bns, n\u0101trija hialuron\u0101ts, din\u0101trija EDTA, glikonolaktons, Centella Asiatica ekstrakts (1ppm), Centella Asiatica lapu ekstrakts (1ppm), Centella Asiatica sak\u0146u ekstrakts (1ppm), asiatisk\u0101 sk\u0101be, asiatikoz\u012bds, acetilheksapept\u012bds-8, madekazi\u0137sk\u0101be, madekazi\u0137sk\u0101be, madekazi\u0137sk\u0101be, Melaleuca Alternifolia (Tea Tree) lapu e\u013c\u013ca.<\/p>","protected":false},"featured_media":9216,"template":"","meta":{"om_disable_all_campaigns":false,"_monsterinsights_skip_tracking":false,"_monsterinsights_sitenote_active":false,"_monsterinsights_sitenote_note":"","_monsterinsights_sitenote_category":0},"product_cat":[15,71],"product_tag":[],"aioseo_notices":[],"_links":{"self":[{"href":"https:\/\/softskinshop.net\/lv\/wp-json\/wp\/v2\/product\/9215"}],"collection":[{"href":"https:\/\/softskinshop.net\/lv\/wp-json\/wp\/v2\/product"}],"about":[{"href":"https:\/\/softskinshop.net\/lv\/wp-json\/wp\/v2\/types\/product"}],"wp:featuredmedia":[{"embeddable":true,"href":"https:\/\/softskinshop.net\/lv\/wp-json\/wp\/v2\/media\/9216"}],"wp:attachment":[{"href":"https:\/\/softskinshop.net\/lv\/wp-json\/wp\/v2\/media?parent=9215"}],"wp:term":[{"taxonomy":"product_cat","embeddable":true,"href":"https:\/\/softskinshop.net\/lv\/wp-json\/wp\/v2\/product_cat?post=9215"},{"taxonomy":"product_tag","embeddable":true,"href":"https:\/\/softskinshop.net\/lv\/wp-json\/wp\/v2\/product_tag?post=9215"}],"curies":[{"name":"wp","href":"https:\/\/api.w.org\/{rel}","templated":true}]}}