{"id":9213,"date":"2025-09-25T07:32:46","date_gmt":"2025-09-25T07:32:46","guid":{"rendered":"https:\/\/softskinshop.net\/?post_type=product&#038;p=9213"},"modified":"2025-11-01T16:29:32","modified_gmt":"2025-11-01T16:29:32","slug":"super-food-mask-avocado","status":"publish","type":"product","link":"https:\/\/softskinshop.net\/lv\/shop\/all-products\/super-food-mask-avocado\/","title":{"rendered":"Super p\u0101rtikas maska Avokado"},"content":{"rendered":"<p>Avokado<br \/>\nAvokado, ko d\u0113v\u0113 par me\u017ea sviestu, ir bag\u0101ts ar og\u013chidr\u0101tiem,<br \/>\nolbaltumvielas, vitam\u012bns Tas ir efekt\u012bvs \u0101das skaistumam, k\u0101 ar\u012b \u0113\u0161anas<br \/>\nTas pal\u012bdz nov\u0113rst \u0101das oksid\u0113\u0161anos, pie\u0161\u0137ir \u0101dai sp\u012bdumu un mitrina to.<\/p>","protected":false},"excerpt":{"rendered":"<p>Avokado<br \/>\nAvokado, ko d\u0113v\u0113 par me\u017ea sviestu, ir bag\u0101ts ar og\u013chidr\u0101tiem,<br \/>\nolbaltumvielas, vitam\u012bns Tas ir efekt\u012bvs \u0101das skaistumam, k\u0101 ar\u012b \u0113\u0161anas<br \/>\nTas pal\u012bdz nov\u0113rst \u0101das oksid\u0113\u0161anos, pie\u0161\u0137ir \u0101dai sp\u012bdumu un mitrina to.<\/p>","protected":false},"featured_media":9214,"template":"","meta":{"om_disable_all_campaigns":false,"_monsterinsights_skip_tracking":false,"_monsterinsights_sitenote_active":false,"_monsterinsights_sitenote_note":"","_monsterinsights_sitenote_category":0},"product_cat":[15,71,70],"product_tag":[],"aioseo_notices":[],"_links":{"self":[{"href":"https:\/\/softskinshop.net\/lv\/wp-json\/wp\/v2\/product\/9213"}],"collection":[{"href":"https:\/\/softskinshop.net\/lv\/wp-json\/wp\/v2\/product"}],"about":[{"href":"https:\/\/softskinshop.net\/lv\/wp-json\/wp\/v2\/types\/product"}],"wp:featuredmedia":[{"embeddable":true,"href":"https:\/\/softskinshop.net\/lv\/wp-json\/wp\/v2\/media\/9214"}],"wp:attachment":[{"href":"https:\/\/softskinshop.net\/lv\/wp-json\/wp\/v2\/media?parent=9213"}],"wp:term":[{"taxonomy":"product_cat","embeddable":true,"href":"https:\/\/softskinshop.net\/lv\/wp-json\/wp\/v2\/product_cat?post=9213"},{"taxonomy":"product_tag","embeddable":true,"href":"https:\/\/softskinshop.net\/lv\/wp-json\/wp\/v2\/product_tag?post=9213"}],"curies":[{"name":"wp","href":"https:\/\/api.w.org\/{rel}","templated":true}]}}