{"id":9208,"date":"2025-08-08T13:34:48","date_gmt":"2025-08-08T13:34:48","guid":{"rendered":"https:\/\/softskinshop.net\/?post_type=product&#038;p=9208"},"modified":"2025-08-08T13:37:14","modified_gmt":"2025-08-08T13:37:14","slug":"super-aqua-moisture-cream","status":"publish","type":"product","link":"https:\/\/softskinshop.net\/lv\/shop\/all-products\/super-aqua-moisture-cream\/","title":{"rendered":"Super Aqua mitrino\u0161s kr\u0113ms"},"content":{"rendered":"<p>Tas ir \u013coti mitrino\u0161s kr\u0113ms, kas nodro\u0161ina mitrin\u0101\u0161anu \u0101r\u0113j\u0101s vides iedarb\u012bbas rezult\u0101t\u0101 nobru\u017e\u0101tai un noguru\u0161ai \u0101dai, satur hialuronsk\u0101bi sausas \u0101das mitrin\u0101\u0161anai un niacinam\u012bdu \u0101das izgaismo\u0161anai.<\/p>","protected":false},"excerpt":{"rendered":"<p>Tas ir \u013coti mitrino\u0161s kr\u0113ms, kas nodro\u0161ina mitrin\u0101\u0161anu \u0101r\u0113j\u0101s vides iedarb\u012bbas rezult\u0101t\u0101 nobru\u017e\u0101tai un noguru\u0161ai \u0101dai, satur hialuronsk\u0101bi sausas \u0101das mitrin\u0101\u0161anai un niacinam\u012bdu \u0101das izgaismo\u0161anai.<\/p>\n<p>Sast\u0101vda\u013cas:<br \/>\n\u016adens, beta\u012bns, glicer\u012bns, ciklopentasiloks\u0101ns, 1,2-heksanediols, niac\u012bnam\u012bds, glicerilstear\u0101ts, kaprilic\/kapric triglicer\u012bds, cikloheksasiloks\u0101ns, cetila etilheksano\u0101ts, cetearilglikoz\u012bds, cetearila glikoz\u012bds, cetearila alkohols, PEG-100 stear\u0101ts, dimetikons, poliakril\u0101ts-13, karbom\u0113rs, palmit\u012bnsk\u0101be, stear\u012bnsk\u0101be, Poliizobut\u0113ns, dimetikonols, k\u0101lija hidroks\u012bds, ksant\u0101na sve\u0137i, smar\u017evielas, n\u0101trija hialuron\u0101ts, polisorb\u0101ts 20, din\u0101trija EDTA, sorbit\u0101na izostear\u0101ts, mirist\u012bnsk\u0101be, butil\u0113nglikols, Punica Granatum aug\u013cu ekstrakts, Ficus Carica (v\u012b\u0123es) aug\u013cu ekstrakts, Morus Alba aug\u013cu ekstrakts, Ginkgo Biloba riekstu ekstrakts.<\/p>","protected":false},"featured_media":9209,"template":"","meta":{"om_disable_all_campaigns":false,"_monsterinsights_skip_tracking":false,"_monsterinsights_sitenote_active":false,"_monsterinsights_sitenote_note":"","_monsterinsights_sitenote_category":0},"product_cat":[15,71],"product_tag":[],"aioseo_notices":[],"_links":{"self":[{"href":"https:\/\/softskinshop.net\/lv\/wp-json\/wp\/v2\/product\/9208"}],"collection":[{"href":"https:\/\/softskinshop.net\/lv\/wp-json\/wp\/v2\/product"}],"about":[{"href":"https:\/\/softskinshop.net\/lv\/wp-json\/wp\/v2\/types\/product"}],"wp:featuredmedia":[{"embeddable":true,"href":"https:\/\/softskinshop.net\/lv\/wp-json\/wp\/v2\/media\/9209"}],"wp:attachment":[{"href":"https:\/\/softskinshop.net\/lv\/wp-json\/wp\/v2\/media?parent=9208"}],"wp:term":[{"taxonomy":"product_cat","embeddable":true,"href":"https:\/\/softskinshop.net\/lv\/wp-json\/wp\/v2\/product_cat?post=9208"},{"taxonomy":"product_tag","embeddable":true,"href":"https:\/\/softskinshop.net\/lv\/wp-json\/wp\/v2\/product_tag?post=9208"}],"curies":[{"name":"wp","href":"https:\/\/api.w.org\/{rel}","templated":true}]}}