{"id":9206,"date":"2025-08-08T13:32:45","date_gmt":"2025-08-08T13:32:45","guid":{"rendered":"https:\/\/softskinshop.net\/?post_type=product&#038;p=9206"},"modified":"2025-08-08T13:32:46","modified_gmt":"2025-08-08T13:32:46","slug":"axis-y-artichoke-intensive-skin-barrier-ampoule","status":"publish","type":"product","link":"https:\/\/softskinshop.net\/lv\/shop\/all-products\/axis-y-artichoke-intensive-skin-barrier-ampoule\/","title":{"rendered":"Axis-Y Arti\u0161oku intens\u012bva \u0101das barjeras ampula"},"content":{"rendered":"<p>\u0160\u012b ampula, kuras galven\u0101 sast\u0101vda\u013ca ir arti\u0161oki, ir \u012bpa\u0161i izstr\u0101d\u0101ta, lai atjaunotu un stiprin\u0101tu \u0101das dabisko barjeru un nov\u0113rstu \u0101das kairin\u0101jumu. Jaunaj\u0101 un uzlabotaj\u0101 formul\u0101 tagad ir divreiz vair\u0101k \u0101boli\u0146a ekstrakta, kas nodro\u0161ina vair\u0101k antioksidantu un pretiekaisuma iedarb\u012bbu, lai sejas \u0101da b\u016btu gai\u0161\u0101ka un glud\u0101ka.<\/p>","protected":false},"excerpt":{"rendered":"<p>\u0160\u012b ampula, kuras galven\u0101 sast\u0101vda\u013ca ir arti\u0161oki, ir \u012bpa\u0161i izstr\u0101d\u0101ta, lai atjaunotu un stiprin\u0101tu \u0101das dabisko barjeru un nov\u0113rstu \u0101das kairin\u0101jumu. Jaunaj\u0101 un uzlabotaj\u0101 formul\u0101 tagad ir divreiz vair\u0101k \u0101boli\u0146a ekstrakta, kas nodro\u0161ina vair\u0101k antioksidantu un pretiekaisuma iedarb\u012bbu, lai sejas \u0101da b\u016btu gai\u0161\u0101ka un glud\u0101ka.<\/p>\n<p>Sast\u0101vda\u013cas:<br \/>\n\u016adens, Aloe Barbadensis Leaf Water, butil\u0113nglikols, n\u0101trija hialuron\u0101ts, Centella Asiatica ekstrakts, glicer\u012bns, beta\u012bns, propandiols, Glycyrrhiza Uralensis (lakricas) sak\u0146u ekstrakts, Hieracium Umbellatum ekstrakts, Cynara Scolymus (Arti\u0161oku) lapu ekstrakts (10,000Ppm), sorb\u012bts, alvejas lapu ekstrakts, Dioscorea Japonica sak\u0146u ekstrakts, Laminaria Japonica ekstrakts, 1,2-Hexanediol, ksant\u0101na sve\u0137i, karbom\u0113rs, Linum Usitatissimum (Linseed) s\u0113klu ekstrakts, Hibiscus Esculentus aug\u013cu ekstrakts, Aloe Barbadensis lapu sula, Arctium Lappa sak\u0146u ekstrakts, Hibiscus Mutabilis ziedu ekstrakts, Corchorus Olitorius lapu ekstrakts, Rheum Palmatum sak\u0146u ekstrakts, Althaea Rosea ziedu ekstrakts, dimetilsulfons, hlorfenez\u012bns, etilheksilglicer\u012bns, poliglutam\u012bnsk\u0101be, beta-glik\u0101ns, argin\u012bns, alanto\u012bns, adenoz\u012bns.<\/p>","protected":false},"featured_media":9207,"template":"","meta":{"om_disable_all_campaigns":false,"_monsterinsights_skip_tracking":false,"_monsterinsights_sitenote_active":false,"_monsterinsights_sitenote_note":"","_monsterinsights_sitenote_category":0},"product_cat":[15,71],"product_tag":[],"aioseo_notices":[],"_links":{"self":[{"href":"https:\/\/softskinshop.net\/lv\/wp-json\/wp\/v2\/product\/9206"}],"collection":[{"href":"https:\/\/softskinshop.net\/lv\/wp-json\/wp\/v2\/product"}],"about":[{"href":"https:\/\/softskinshop.net\/lv\/wp-json\/wp\/v2\/types\/product"}],"wp:featuredmedia":[{"embeddable":true,"href":"https:\/\/softskinshop.net\/lv\/wp-json\/wp\/v2\/media\/9207"}],"wp:attachment":[{"href":"https:\/\/softskinshop.net\/lv\/wp-json\/wp\/v2\/media?parent=9206"}],"wp:term":[{"taxonomy":"product_cat","embeddable":true,"href":"https:\/\/softskinshop.net\/lv\/wp-json\/wp\/v2\/product_cat?post=9206"},{"taxonomy":"product_tag","embeddable":true,"href":"https:\/\/softskinshop.net\/lv\/wp-json\/wp\/v2\/product_tag?post=9206"}],"curies":[{"name":"wp","href":"https:\/\/api.w.org\/{rel}","templated":true}]}}