{"id":9200,"date":"2025-06-20T15:59:26","date_gmt":"2025-06-20T15:59:26","guid":{"rendered":"https:\/\/softskinshop.net\/?post_type=product&#038;p=9200"},"modified":"2025-09-25T07:22:40","modified_gmt":"2025-09-25T07:22:40","slug":"balanceful-cica-calming-serum-50ml","status":"publish","type":"product","link":"https:\/\/softskinshop.net\/lv\/shop\/all-products\/balanceful-cica-calming-serum-50ml\/","title":{"rendered":"Balanceful Cica nomierino\u0161s serums 50ml"},"content":{"rendered":"<p>Serums sebuma un atmiru\u0161o \u0101das \u0161\u016bnu no\u0146em\u0161anai un \u0101das tekst\u016bras m\u012bkstin\u0101\u0161anai.<\/p>","protected":false},"excerpt":{"rendered":"<p>Serums sebuma un atmiru\u0161o \u0101das \u0161\u016bnu no\u0146em\u0161anai un \u0101das tekst\u016bras m\u012bkstin\u0101\u0161anai.<\/p>\n<p>Sast\u0101vda\u013cas<br \/>\n\u016adens, butil\u0113nglikols, glicer\u012bns, dipropil\u0113nglikols, 1,2-heksanediols, glicer\u012bns, glicer\u012bns-26, pantenols, centella Asiatica ekstrakts, madekazi\u0137sk\u0101be, azi\u0101tisk\u0101 sk\u0101be, azi\u0101tisk\u0101 sk\u0101be, madekazi\u0137is, alanto\u012bns, Swertia Japonica ekstrakts, Nymphaea Caerulea ziedu ekstrakts, Lactobacillus ferments, Althaea Rosea ziedu ekstrakts, n\u0101trija hialuron\u0101ts, hidroliz\u0113ta hialuronsk\u0101be, hialuronsk\u0101be, hidroksipropiltrimonija hialuron\u0101ts, k\u0101lija hialuron\u0101ts, n\u0101trija hialuron\u0101ta krospolim\u0113rs, n\u0101trija acetil\u0113ts hialuron\u0101ts, beta\u012bns, kaprilsalicilsk\u0101be, dipeptid-2, dipotaksilglicirhiz\u0101ts, pentil\u0113nglikols, n\u0101trija stearoilglutam\u0101ts, propandiols, izopentildiols, glicerilakril\u0101ta\/akrilsk\u0101bes kopolim\u0113rs, Pvm\/Ma kopolim\u0113rs, kapronsk\u0101be, poligliceril-4 ole\u0101ts, n\u0101trija virsmacti\u0146\u0161, karbom\u0113rs, ksant\u0101na sve\u0137i, trometam\u012bns, n\u0101trija acet\u0101ts, Melia Azadirachta lapu ekstrakts, Melia Azadirachta ziedu ekstrakts, din\u0101trija EDTA, etilheksilglicer\u012bns.<\/p>","protected":false},"featured_media":9201,"template":"","meta":{"om_disable_all_campaigns":false,"_monsterinsights_skip_tracking":false,"_monsterinsights_sitenote_active":false,"_monsterinsights_sitenote_note":"","_monsterinsights_sitenote_category":0},"product_cat":[15,71],"product_tag":[],"aioseo_notices":[],"_links":{"self":[{"href":"https:\/\/softskinshop.net\/lv\/wp-json\/wp\/v2\/product\/9200"}],"collection":[{"href":"https:\/\/softskinshop.net\/lv\/wp-json\/wp\/v2\/product"}],"about":[{"href":"https:\/\/softskinshop.net\/lv\/wp-json\/wp\/v2\/types\/product"}],"wp:featuredmedia":[{"embeddable":true,"href":"https:\/\/softskinshop.net\/lv\/wp-json\/wp\/v2\/media\/9201"}],"wp:attachment":[{"href":"https:\/\/softskinshop.net\/lv\/wp-json\/wp\/v2\/media?parent=9200"}],"wp:term":[{"taxonomy":"product_cat","embeddable":true,"href":"https:\/\/softskinshop.net\/lv\/wp-json\/wp\/v2\/product_cat?post=9200"},{"taxonomy":"product_tag","embeddable":true,"href":"https:\/\/softskinshop.net\/lv\/wp-json\/wp\/v2\/product_tag?post=9200"}],"curies":[{"name":"wp","href":"https:\/\/api.w.org\/{rel}","templated":true}]}}