{"id":9198,"date":"2025-06-20T15:55:59","date_gmt":"2025-06-20T15:55:59","guid":{"rendered":"https:\/\/softskinshop.net\/?post_type=product&#038;p=9198"},"modified":"2025-11-04T18:26:13","modified_gmt":"2025-11-04T18:26:13","slug":"balanceful-centella-asiatica-extract-mask-25ml","status":"publish","type":"product","link":"https:\/\/softskinshop.net\/lv\/shop\/all-products\/balanceful-centella-asiatica-extract-mask-25ml\/","title":{"rendered":"Balanceful Centella Asiatica ekstrakta maska 25ml"},"content":{"rendered":"<p>Ikdienas nomierino\u0161\u0101 maska nodro\u0161ina mitrin\u0101\u0161anu un nomierina \u0101du ar 5D multicentella asiatica ekstraktu.<\/p>","protected":false},"excerpt":{"rendered":"<p>Ikdienas nomierino\u0161\u0101 maska nodro\u0161ina mitrin\u0101\u0161anu un nomierina \u0101du ar 5D multicentella asiatica ekstraktu.<\/p>\n<p>Sast\u0101vda\u013cas<br \/>\n\u016adens, butil\u0113nglikols, glicer\u012bns, dipropil\u0113nglikols, 1,2-heksanediols, Centella Asiatica ekstrakts, madekazi\u0137sk\u0101be, azi\u0101tisk\u0101 sk\u0101be, azi\u0101tisk\u0101 sk\u0101be, madekazi\u0137sk\u0101be, pantenols, alanto\u012bns, Swertia Japonica ekstrakts, Nymphaea Caerulea ziedu ekstrakts, Lactobacillus ferments, Althaea Rosea ziedu ekstrakts, hidroliz\u0113t\u0101 hialuronsk\u0101be, dipeptid-2, Dipotassium Glycyrrhizate, propandiols, izopentildiols, glicerilakril\u0101ta\/akrilsk\u0101bes kopolim\u0113rs, poligliceril-4 ole\u0101ts, n\u0101trija stearoilglutam\u0101ts, Pvm\/Ma kopolim\u0113rs, n\u0101trija virsmacti\u0146\u0161, karbom\u0113rs, ksant\u0101na sve\u0137i, trometam\u012bns, Melia Azadirachta lapu ekstrakts, Melia Azadirachta ziedu ekstrakts, din\u0101trija EDTA, etilheksil-glicer\u012bns.<\/p>","protected":false},"featured_media":9199,"template":"","meta":{"om_disable_all_campaigns":false,"_monsterinsights_skip_tracking":false,"_monsterinsights_sitenote_active":false,"_monsterinsights_sitenote_note":"","_monsterinsights_sitenote_category":0},"product_cat":[15,71,70],"product_tag":[],"aioseo_notices":[],"_links":{"self":[{"href":"https:\/\/softskinshop.net\/lv\/wp-json\/wp\/v2\/product\/9198"}],"collection":[{"href":"https:\/\/softskinshop.net\/lv\/wp-json\/wp\/v2\/product"}],"about":[{"href":"https:\/\/softskinshop.net\/lv\/wp-json\/wp\/v2\/types\/product"}],"wp:featuredmedia":[{"embeddable":true,"href":"https:\/\/softskinshop.net\/lv\/wp-json\/wp\/v2\/media\/9199"}],"wp:attachment":[{"href":"https:\/\/softskinshop.net\/lv\/wp-json\/wp\/v2\/media?parent=9198"}],"wp:term":[{"taxonomy":"product_cat","embeddable":true,"href":"https:\/\/softskinshop.net\/lv\/wp-json\/wp\/v2\/product_cat?post=9198"},{"taxonomy":"product_tag","embeddable":true,"href":"https:\/\/softskinshop.net\/lv\/wp-json\/wp\/v2\/product_tag?post=9198"}],"curies":[{"name":"wp","href":"https:\/\/api.w.org\/{rel}","templated":true}]}}