{"id":9187,"date":"2025-06-20T15:33:09","date_gmt":"2025-06-20T15:33:09","guid":{"rendered":"https:\/\/softskinshop.net\/?post_type=product&#038;p=9187"},"modified":"2026-02-11T13:28:09","modified_gmt":"2026-02-11T13:28:09","slug":"black-snail-eye-cream-50ml","status":"publish","type":"product","link":"https:\/\/softskinshop.net\/lv\/shop\/all-products\/black-snail-eye-cream-50ml\/","title":{"rendered":"Melno glieme\u017eu acu kr\u0113ms 50ml"},"content":{"rendered":"<p>Meln\u0101 glieme\u017ea g\u013cotu filtr\u0101ti ir galven\u0101s \u0101das kop\u0161anas sast\u0101vda\u013cas.<br \/>\nArti\u0161oki, safr\u0101ns pal\u012bdz\u0113s nomierin\u0101t \u0101du un nov\u0113rst noveco\u0161anos.<br \/>\nSast\u0101v\u0101 eso\u0161ais j\u016bras kolag\u0113ns saglab\u0101 \u0101das mitrumu un pie\u0161\u0137ir \u0101dai elast\u012bbu.<br \/>\nMelnajam gliemezim ir vit\u0101li svar\u012bgs sp\u0113ks izdz\u012bvot 6 m\u0113ne\u0161us ar iek\u0161\u0113jo bar\u012bbu.<br \/>\nMeln\u0101 glieme\u017ea g\u013cotu un filtr\u0101tu vit\u0101lais sp\u0113ks nodro\u0161in\u0101s lielisku uzturu un<br \/>\nmitrina \u0101du.<br \/>\nGlieme\u017eu g\u013cotas satur muc\u012bnu, alanto\u012bnu, glikolsk\u0101bi.<\/p>","protected":false},"excerpt":{"rendered":"<p>Meln\u0101 glieme\u017ea g\u013cotu filtr\u0101ti ir galven\u0101s \u0101das kop\u0161anas sast\u0101vda\u013cas.<br \/>\nArti\u0161oki, safr\u0101ns pal\u012bdz\u0113s nomierin\u0101t \u0101du un nov\u0113rst noveco\u0161anos.<br \/>\nSast\u0101v\u0101 eso\u0161ais j\u016bras kolag\u0113ns saglab\u0101 \u0101das mitrumu un pie\u0161\u0137ir \u0101dai elast\u012bbu.<br \/>\nMelnajam gliemezim ir vit\u0101li svar\u012bgs sp\u0113ks izdz\u012bvot 6 m\u0113ne\u0161us ar iek\u0161\u0113jo bar\u012bbu.<br \/>\nMeln\u0101 glieme\u017ea g\u013cotu un filtr\u0101tu vit\u0101lais sp\u0113ks nodro\u0161in\u0101s lielisku uzturu un<br \/>\nmitrina \u0101du.<br \/>\nGlieme\u017eu g\u013cotas satur muc\u012bnu, alanto\u012bnu, glikolsk\u0101bi.<\/p>\n<p>Sast\u0101vda\u013cas<br \/>\nGlieme\u017eu sekr\u0113cijas filtr\u0101ts (74%), Helianthus Annuus (saulespu\u0137u) s\u0113klu e\u013c\u013ca, butil\u0113nglikols, 1,2-heksandiols, cetearila oliv\u0101ts, niac\u012bnam\u012bds, sorbit\u0101na oliv\u0101ts, ciklopentasiloks\u0101ns, behenilspirts, \u016bdens, dimetikons, cikloheksasiloks\u0101ns, n\u0101trija poliakril\u0101ts, Cetearilspirts, hlorfenez\u012bns, poliakril\u0101ts-13, poliizobut\u0113ns, Coptis Japonica sak\u0146u ekstrakts, alanto\u012bns, pantenols, beta-glik\u0101ns, glicer\u012bns, adenoz\u012bns, polisorb\u0101ts 20, din\u0101trija EDTA, Bellis Perennis (Margrieti\u0146a) ziedu ekstrakts, Viola Mandshurica ziedu ekstrakts, Tulipa Gesneriana ziedu ekstrakts, Iris Versicolor ekstrakts, Citrus Aurantium ziedu ekstrakts, Kaprilmetikons, Butyrospermum Parkii (Shea) sviests, Poligliceril-10 ole\u0101ts, Dekstr\u012bns, Theobroma Cacao (kakao) ekstrakts, Hidrogen\u0113ts lecit\u012bns, Glycine Soja (sojas pupi\u0146u) s\u0113klu ekstrakts, Rubus Idaeus (ave\u0146u) aug\u013cu ekstrakts, Vaccinium Angustifolium (melle\u0146u) aug\u013cu ekstrakts, Fragaria Chiloensis (zeme\u0146u) aug\u013cu ekstrakts, Rubus Fruticosus (kazenes) aug\u013cu ekstrakts, Euterpe Oleracea (Euterpe Oleracea) aug\u013cu ekstrakts, tokoferilacet\u0101ts, smar\u017evielas<\/p>","protected":false},"featured_media":9188,"template":"","meta":{"om_disable_all_campaigns":false,"_monsterinsights_skip_tracking":false,"_monsterinsights_sitenote_active":false,"_monsterinsights_sitenote_note":"","_monsterinsights_sitenote_category":0},"product_cat":[15,71],"product_tag":[],"aioseo_notices":[],"_links":{"self":[{"href":"https:\/\/softskinshop.net\/lv\/wp-json\/wp\/v2\/product\/9187"}],"collection":[{"href":"https:\/\/softskinshop.net\/lv\/wp-json\/wp\/v2\/product"}],"about":[{"href":"https:\/\/softskinshop.net\/lv\/wp-json\/wp\/v2\/types\/product"}],"wp:featuredmedia":[{"embeddable":true,"href":"https:\/\/softskinshop.net\/lv\/wp-json\/wp\/v2\/media\/9188"}],"wp:attachment":[{"href":"https:\/\/softskinshop.net\/lv\/wp-json\/wp\/v2\/media?parent=9187"}],"wp:term":[{"taxonomy":"product_cat","embeddable":true,"href":"https:\/\/softskinshop.net\/lv\/wp-json\/wp\/v2\/product_cat?post=9187"},{"taxonomy":"product_tag","embeddable":true,"href":"https:\/\/softskinshop.net\/lv\/wp-json\/wp\/v2\/product_tag?post=9187"}],"curies":[{"name":"wp","href":"https:\/\/api.w.org\/{rel}","templated":true}]}}