{"id":9180,"date":"2025-06-20T14:38:28","date_gmt":"2025-06-20T14:38:28","guid":{"rendered":"https:\/\/softskinshop.net\/?post_type=product&#038;p=9180"},"modified":"2025-06-20T14:40:00","modified_gmt":"2025-06-20T14:40:00","slug":"birch-juice-moisturizing-sun-cream-spf50-pa","status":"publish","type":"product","link":"https:\/\/softskinshop.net\/lv\/shop\/all-products\/birch-juice-moisturizing-sun-cream-spf50-pa\/","title":{"rendered":"B\u0113rzu sulas mitrino\u0161s saules kr\u0113ms (SPF50+ Pa++++)"},"content":{"rendered":"<p>Mitrino\u0161s saules aizsargkr\u0113ms, kas ne tikai aizsarg\u0101 \u0101du no kait\u012bgajiem UV stariem, bet ar\u012b atjauno un mitrina \u0101du. Pateicoties vieglai formulai, tas \u0101tri ies\u016bcas \u0101d\u0101, neatst\u0101jot baltu nokr\u0101su.<\/p>","protected":false},"excerpt":{"rendered":"<p>Mitrino\u0161s saules aizsargkr\u0113ms, kas ne tikai aizsarg\u0101 \u0101du no kait\u012bgajiem UV stariem, bet ar\u012b atjauno un mitrina \u0101du. Pateicoties vieglai formulai, tas \u0101tri ies\u016bcas \u0101d\u0101, neatst\u0101jot baltu nokr\u0101su.<\/p>\n<p>Sast\u0101vda\u013cas:<br \/>\n\u016adens, dibutil adip\u0101ts, propandiols, dietilamino hidroksibenzola heksilbenzola benzo\u0101ts, polimetilsilsskvioks\u0101ns, etilheksiltriazons, niacinam\u012bds, metil\u0113nbis-bis-benzotriazoliltetrametilbutilfenols, kokokapril\u0101ta\/kapr\u0101ts, Kaprilmetilmetikons, dietilheksilbutamido triazons, glicer\u012bns, 1,2-heksandiols, butil\u0113nglikols, Betula Platyphylla Japonica sula (1425 Ppm), n\u0101trija hialuron\u0101ts, hialuronsk\u0101be, glicerilglikoz\u012bds, dipotasija gliciriz\u0101ts, alanto\u012bns, Portulaca Oleracea ekstrakts, Artemisia Annua ekstrakts, Pinus Sylvestris lapu e\u013c\u013ca, Anthemis Nobilis ziedu e\u013c\u013ca, akril\u0101tu\/C10-30 alkilakril\u0101ta kruzmol\u012bmetils, n\u0101trija stearoilglutam\u0101ts, poliakril\u0101ta kruzmol\u012bmetils-6, Etilheksilglicer\u012bns, askorb\u012bnsk\u0101be, adenoz\u012bns, pentil\u0113nglikols, behenilspirts, behenilspirts, poligliceril-3 metilglikozes distear\u0101ts, decilglikoz\u012bds, trometam\u012bns, ksant\u0101na sve\u0137i, T-butilspirts, tokoferols, karbom\u0113rs.<\/p>","protected":false},"featured_media":9181,"template":"","meta":{"om_disable_all_campaigns":false,"_monsterinsights_skip_tracking":false,"_monsterinsights_sitenote_active":false,"_monsterinsights_sitenote_note":"","_monsterinsights_sitenote_category":0},"product_cat":[15,71],"product_tag":[],"aioseo_notices":[],"_links":{"self":[{"href":"https:\/\/softskinshop.net\/lv\/wp-json\/wp\/v2\/product\/9180"}],"collection":[{"href":"https:\/\/softskinshop.net\/lv\/wp-json\/wp\/v2\/product"}],"about":[{"href":"https:\/\/softskinshop.net\/lv\/wp-json\/wp\/v2\/types\/product"}],"wp:featuredmedia":[{"embeddable":true,"href":"https:\/\/softskinshop.net\/lv\/wp-json\/wp\/v2\/media\/9181"}],"wp:attachment":[{"href":"https:\/\/softskinshop.net\/lv\/wp-json\/wp\/v2\/media?parent=9180"}],"wp:term":[{"taxonomy":"product_cat","embeddable":true,"href":"https:\/\/softskinshop.net\/lv\/wp-json\/wp\/v2\/product_cat?post=9180"},{"taxonomy":"product_tag","embeddable":true,"href":"https:\/\/softskinshop.net\/lv\/wp-json\/wp\/v2\/product_tag?post=9180"}],"curies":[{"name":"wp","href":"https:\/\/api.w.org\/{rel}","templated":true}]}}