{"id":9143,"date":"2025-03-22T17:46:20","date_gmt":"2025-03-22T17:46:20","guid":{"rendered":"https:\/\/softskinshop.net\/?post_type=product&#038;p=9143"},"modified":"2026-03-09T06:35:06","modified_gmt":"2026-03-09T06:35:06","slug":"round-lab-birch-juice-moisturizing-sun-stick-spf-50-pa","status":"publish","type":"product","link":"https:\/\/softskinshop.net\/lv\/shop\/all-products\/round-lab-birch-juice-moisturizing-sun-stick-spf-50-pa\/","title":{"rendered":"Round Lab Birch Juice Mitrino\u0161s saules stick SPF 50+ PA++++"},"content":{"rendered":"<p>Round Lab Birch Juice Mitrino\u0161s saules stick SPF 50+ PA++++ ir <b>saules aizsargl\u012bdzeklis jut\u012bgai \u0101dai<\/b>. Mitrina, m\u012bkstina, dro\u0161i aizsarg\u0101 pret UVA un UVB stariem, nov\u0113r\u0161 \u0101das apdegumus, pigment\u0101ciju un fotonoveco\u0161anos, saglab\u0101 \u0101das elast\u012bbu un gludumu.<\/p>","protected":false},"excerpt":{"rendered":"<p>Round Lab Birch Juice Mitrino\u0161s saules stick SPF 50+ PA++++ ir <b>saules aizsargl\u012bdzeklis jut\u012bgai \u0101dai<\/b>. Mitrina, m\u012bkstina, dro\u0161i aizsarg\u0101 pret UVA un UVB stariem, nov\u0113r\u0161 \u0101das apdegumus, pigment\u0101ciju un fotonoveco\u0161anos, saglab\u0101 \u0101das elast\u012bbu un gludumu.<\/p>\n<p>Sast\u0101vda\u013cas: Sast\u0101vda\u013cas: \u016bdens\/\u016bdens, kokokapril\u0101ts\/kapr\u0101ts, dibutil adip\u0101ts, sint\u0113tiskais vasks, butiloctilsalicil\u0101ts, dietilaminohidroksibenzoilheksilbenzo\u0101ts, vinildimetikona\/metikona sileskvioks\u0101na krustiol\u012bms, butil\u0113nglikols, etilheksiltriazons, ozoker\u012bts, niacinam\u012bds, vinildimetikons, polisilikons-15, Bis-etilheksilheksiloksiloksifenols-metoksifeniltriaz\u012bns, glicer\u012bna glikoz\u012bds, glicer\u012bns, Laminaria Japonica ekstrakts, Ulmus Davidiana sak\u0146u ekstrakts, Aloe Barbadensis lapu ekstrakts\/Aloe Vera lapu ekstrakts, Viola Mandshurica ziedu ekstrakts, Dioscorea Japonica sak\u0146u ekstrakts, hialuronsk\u0101be, askorb\u012bnsk\u0101be, n\u0101trija hialuron\u0101ts, Portulaca Oleracea ekstrakts, dipotassium glycyrrhizate, alanto\u012bns, nonapeptide-1, dipeptide Diaminobutyroyl Benzylamide Diacetate, Acetyl Hexapeptide-8, Copper Tripeptide-1, Tripeptide-1, Palmitoyl Tetrapeptide-7, Palmitoyl Tripeptide-1, Palmitoyl Tripeptide-5, Palmitoyl Pentapeptide-4, Palmitoyl Hexapepticde-12, Pentapept\u012bds-3, heksapept\u012bds-9, adenoz\u012bns, etilheksilglicer\u012bns, poligliceril-5 poliricinole\u0101ts, glicerilkapril\u0101ts, kaprilglikols, Oryza Sativa (r\u012bsu kliju) e\u013c\u013ca, laurilpoligliceril-3 polidimetilsiloksiloksietildimetikons, poligliceril-4 diizostear\u0101ts\/polihidroksistear\u0101ts\/sebac\u0101ts, n\u0101trija hlor\u012bds, 1,2-heksandiols.<\/p>","protected":false},"featured_media":9144,"template":"","meta":{"om_disable_all_campaigns":false,"_monsterinsights_skip_tracking":false,"_monsterinsights_sitenote_active":false,"_monsterinsights_sitenote_note":"","_monsterinsights_sitenote_category":0},"product_cat":[15,71],"product_tag":[],"aioseo_notices":[],"_links":{"self":[{"href":"https:\/\/softskinshop.net\/lv\/wp-json\/wp\/v2\/product\/9143"}],"collection":[{"href":"https:\/\/softskinshop.net\/lv\/wp-json\/wp\/v2\/product"}],"about":[{"href":"https:\/\/softskinshop.net\/lv\/wp-json\/wp\/v2\/types\/product"}],"wp:featuredmedia":[{"embeddable":true,"href":"https:\/\/softskinshop.net\/lv\/wp-json\/wp\/v2\/media\/9144"}],"wp:attachment":[{"href":"https:\/\/softskinshop.net\/lv\/wp-json\/wp\/v2\/media?parent=9143"}],"wp:term":[{"taxonomy":"product_cat","embeddable":true,"href":"https:\/\/softskinshop.net\/lv\/wp-json\/wp\/v2\/product_cat?post=9143"},{"taxonomy":"product_tag","embeddable":true,"href":"https:\/\/softskinshop.net\/lv\/wp-json\/wp\/v2\/product_tag?post=9143"}],"curies":[{"name":"wp","href":"https:\/\/api.w.org\/{rel}","templated":true}]}}