{"id":9141,"date":"2025-03-22T17:44:29","date_gmt":"2025-03-22T17:44:29","guid":{"rendered":"https:\/\/softskinshop.net\/?post_type=product&#038;p=9141"},"modified":"2026-02-14T18:49:12","modified_gmt":"2026-02-14T18:49:12","slug":"galactomyces-exfoliator-gel-spout-pouch","status":"publish","type":"product","link":"https:\/\/softskinshop.net\/lv\/shop\/all-products\/galactomyces-exfoliator-gel-spout-pouch\/","title":{"rendered":"Galactomyces eksfoliators ar \u017eelejas izsmidzin\u0101t\u0101ju maisi\u0146\u0101"},"content":{"rendered":"<p><b>Sast\u0101vs ar Galactomyces fermentu filtr\u0101tu, kas no\u0146em \u0101das piemais\u012bjumus un pal\u012bdz uzlabot \u0101das st\u0101vokli.<\/b>. Bag\u0101tin\u0101ts ar alanto\u012bnu, kas mazina \u0101das sausumu un nodro\u0161ina nomierino\u0161u \u0101das kop\u0161anu. Argin\u012bns l\u012bdzsvaro \u0101das pH l\u012bmeni un uztur \u0101das mitrumu.<\/p>","protected":false},"excerpt":{"rendered":"<p><b>Sast\u0101vs ar Galactomyces fermentu filtr\u0101tu, kas no\u0146em \u0101das piemais\u012bjumus un pal\u012bdz uzlabot \u0101das st\u0101vokli.<\/b>. Bag\u0101tin\u0101ts ar alanto\u012bnu, kas mazina \u0101das sausumu un nodro\u0161ina nomierino\u0161u \u0101das kop\u0161anu. Argin\u012bns l\u012bdzsvaro \u0101das pH l\u012bmeni un uztur \u0101das mitrumu.<\/p>\n<p>SAST\u0100VDA\u013bAS<br \/>\n\u016adens, celuloze, dipropil\u0113nglikols, glicer\u012bns, 1,2-heksandiols, butil\u0113nglikols, alanto\u012bns, pantenols, Galactomyces fermentu filtr\u0101ts, argin\u012bns, karbom\u0113rs, PEG-60 hidrogen\u0113ta r\u012bcine\u013c\u013ca, din\u0101trija EDTA, fenoksietanols, etilheksilglicer\u012bns, smar\u017evielas.<\/p>","protected":false},"featured_media":9142,"template":"","meta":{"om_disable_all_campaigns":false,"_monsterinsights_skip_tracking":false,"_monsterinsights_sitenote_active":false,"_monsterinsights_sitenote_note":"","_monsterinsights_sitenote_category":0},"product_cat":[15,71],"product_tag":[],"aioseo_notices":[],"_links":{"self":[{"href":"https:\/\/softskinshop.net\/lv\/wp-json\/wp\/v2\/product\/9141"}],"collection":[{"href":"https:\/\/softskinshop.net\/lv\/wp-json\/wp\/v2\/product"}],"about":[{"href":"https:\/\/softskinshop.net\/lv\/wp-json\/wp\/v2\/types\/product"}],"wp:featuredmedia":[{"embeddable":true,"href":"https:\/\/softskinshop.net\/lv\/wp-json\/wp\/v2\/media\/9142"}],"wp:attachment":[{"href":"https:\/\/softskinshop.net\/lv\/wp-json\/wp\/v2\/media?parent=9141"}],"wp:term":[{"taxonomy":"product_cat","embeddable":true,"href":"https:\/\/softskinshop.net\/lv\/wp-json\/wp\/v2\/product_cat?post=9141"},{"taxonomy":"product_tag","embeddable":true,"href":"https:\/\/softskinshop.net\/lv\/wp-json\/wp\/v2\/product_tag?post=9141"}],"curies":[{"name":"wp","href":"https:\/\/api.w.org\/{rel}","templated":true}]}}