{"id":9137,"date":"2025-03-22T17:38:24","date_gmt":"2025-03-22T17:38:24","guid":{"rendered":"https:\/\/softskinshop.net\/?post_type=product&#038;p=9137"},"modified":"2025-05-23T14:41:07","modified_gmt":"2025-05-23T14:41:07","slug":"retinol-intense-reactivating-serum-30ml","status":"publish","type":"product","link":"https:\/\/softskinshop.net\/lv\/shop\/all-products\/retinol-intense-reactivating-serum-30ml\/","title":{"rendered":"Intens\u012bvi atjaunojo\u0161s retinola serums 30ml"},"content":{"rendered":"<p><b>Da\u017eas By Mi Retinol intens\u012bvi atjaunojo\u0161ais serums<\/b> ir pretnoveco\u0161an\u0101s sejas serums, kura sast\u0101v\u0101 ir liposom\u0101s iekapsul\u0113tu akt\u012bvo sast\u0101vda\u013cu siner\u0123ija, kas \u013cauj t\u0101m iek\u013c\u016bt dzi\u013ci epiderm\u0101, lai stimul\u0113tu kolag\u0113na un elast\u012bna veido\u0161anos.<\/p>\n<p>\u0160is serums ir izstr\u0101d\u0101ts, lai c\u012bn\u012btos pret noveco\u0161an\u0101s paz\u012bm\u0113m, uzlabotu \u0101das elast\u012bbu un izl\u012bdzin\u0101tu \u0101das toni, padarot \u0101du tvirt\u0101ku, glud\u0101ku un jaunekl\u012bg\u0101ku. T\u0101 viegl\u0101 \u017eelejas tekst\u016bra nodro\u0161ina \u0113rtu, nelip\u012bgu iedarb\u012bbu, veicinot efekt\u012bvu akt\u012bvo sast\u0101vda\u013cu uzs\u016bk\u0161anos. Turkl\u0101t var ar\u012b pal\u012bdz\u0113t aknes boj\u0101tai \u0101dai \u0101tr\u0101k atjaunoties un sadz\u012bt bez r\u0113tas.<\/p>\n<p><b>Some By Mi Retinol Intense Reactivating Serum lieto\u0161anas ieguvumi \u0101dai<\/b><\/p>\n<ul>\n<li aria-level=\"1\"><b>Samazin\u0101tas grumbi\u0146as:<\/b> Nov\u0113r\u0161 noveco\u0161an\u0101s paz\u012bmes, stimul\u0113jot kolag\u0113na ra\u017eo\u0161anu, samazinot grumbas un s\u012bk\u0101s grumbi\u0146as.<\/li>\n<li aria-level=\"1\"><b>Stingr\u0101ka \u0101da:<\/b> Pal\u012bdz nostiprin\u0101t un nov\u0113rst \u0101das nov\u012b\u0161anu, uzlabo \u0101das tonusu.<\/li>\n<li aria-level=\"1\"><b>Izsmalcin\u0101ta \u0101das tekst\u016bra:<\/b> Uzlabo tekst\u016bru, padarot \u0101du glud\u0101ku un tvirt\u0101ku, ar maz\u0101k redzam\u0101m por\u0101m.<\/li>\n<li aria-level=\"1\"><b>Uzlabota elast\u012bba:<\/b> Palielina elast\u012bbu, lai pie\u0161\u0137irtu jaunekl\u012bgu un toniz\u0113tu izskatu.<\/li>\n<li aria-level=\"1\"><b>Vienm\u0113r\u012bgs \u0101das tonis:<\/b> Pal\u012bdz izgaismot vecuma plankumus un izl\u012bdzin\u0101t \u0101das toni, pie\u0161\u0137irot mirdzumu.<\/li>\n<\/ul>","protected":false},"excerpt":{"rendered":"<p><b>Da\u017eas By Mi Retinol intens\u012bvi atjaunojo\u0161ais serums<\/b> ir pretnoveco\u0161an\u0101s sejas serums, kura sast\u0101v\u0101 ir liposom\u0101s iekapsul\u0113tu akt\u012bvo sast\u0101vda\u013cu siner\u0123ija, kas \u013cauj t\u0101m iek\u013c\u016bt dzi\u013ci epiderm\u0101, lai stimul\u0113tu kolag\u0113na un elast\u012bna veido\u0161anos.<\/p>\n<p>\u0160is serums ir izstr\u0101d\u0101ts, lai c\u012bn\u012btos pret noveco\u0161an\u0101s paz\u012bm\u0113m, uzlabotu \u0101das elast\u012bbu un izl\u012bdzin\u0101tu \u0101das toni, padarot \u0101du tvirt\u0101ku, glud\u0101ku un jaunekl\u012bg\u0101ku. T\u0101 viegl\u0101 \u017eelejas tekst\u016bra nodro\u0161ina \u0113rtu, nelip\u012bgu iedarb\u012bbu, veicinot efekt\u012bvu akt\u012bvo sast\u0101vda\u013cu uzs\u016bk\u0161anos. Turkl\u0101t var ar\u012b pal\u012bdz\u0113t aknes boj\u0101tai \u0101dai \u0101tr\u0101k atjaunoties un sadz\u012bt bez r\u0113tas.<\/p>\n<p><b>Some By Mi Retinol Intense Reactivating Serum lieto\u0161anas ieguvumi \u0101dai<\/b><\/p>\n<ul>\n<li aria-level=\"1\"><b>Samazin\u0101tas grumbi\u0146as:<\/b> Nov\u0113r\u0161 noveco\u0161an\u0101s paz\u012bmes, stimul\u0113jot kolag\u0113na ra\u017eo\u0161anu, samazinot grumbas un s\u012bk\u0101s grumbi\u0146as.<\/li>\n<li aria-level=\"1\"><b>Stingr\u0101ka \u0101da:<\/b> Pal\u012bdz nostiprin\u0101t un nov\u0113rst \u0101das nov\u012b\u0161anu, uzlabo \u0101das tonusu.<\/li>\n<li aria-level=\"1\"><b>Izsmalcin\u0101ta \u0101das tekst\u016bra:<\/b> Uzlabo tekst\u016bru, padarot \u0101du glud\u0101ku un tvirt\u0101ku, ar maz\u0101k redzam\u0101m por\u0101m.<\/li>\n<li aria-level=\"1\"><b>Uzlabota elast\u012bba:<\/b> Palielina elast\u012bbu, lai pie\u0161\u0137irtu jaunekl\u012bgu un toniz\u0113tu izskatu.<\/li>\n<li aria-level=\"1\"><b>Vienm\u0113r\u012bgs \u0101das tonis:<\/b> Pal\u012bdz izgaismot vecuma plankumus un izl\u012bdzin\u0101t \u0101das toni, pie\u0161\u0137irot mirdzumu.<\/li>\n<\/ul>\n<p>Sast\u0101vda\u013cas:<br \/>\n\u016adens, cikloheksasiloks\u0101ns, dikaprilkarbon\u0101ts, glicer\u012bns, metilprop\u0101ndiols, 1,2-heks\u0101ndiols, niac\u012bnam\u012bds, hidrogen\u0113ts poli(C6-14 olef\u012bns), pantenols, tokoferilacet\u0101ts, Piper Methysticum lapu\/sak\u0146u\/stubl\u0101ja ekstrakts, Centella Asiatica ekstrakts, Panax Ginseng ogu ekstrakts, Glycyrrhiza Glabra (lakricas) sak\u0146u ekstrakts, Ficus Carica (v\u012b\u0123es) aug\u013cu ekstrakts, Centella Asiatica lapu ekstrakts, Centella Asiatica sak\u0146u ekstrakts, Melaleuca Alternifolia (t\u0113jas koka) lapu ekstrakts, Artemisia Capillaris ekstrakts, Eclipta Prostrata ekstrakts, Melia Azadirachta lapu ekstrakts, Elaeis Guineensis (palmu e\u013c\u013ca), hidrogen\u0113ts lecit\u012bns, glicerilstear\u0101ts, bakuchiols, palmit\u012bnsk\u0101be, n\u0101trija poliakril\u0101ts, stear\u012bnsk\u0101be, ksant\u0101na sve\u0137i, retinols (0.1 %), akril\u0101tu\/C10-30 alkilakril\u0101ta krustpolim\u0113rs, butil\u0113nglikols, dipotasija gliciriz\u0101ts, adenoz\u012bns, trometam\u012bns, polikvaternijs-51, beta-glik\u0101ns, cetilspirts, BHT, kolag\u0113ns, mirist\u012bnsk\u0101be, BHA, Leuconostoc\/Radish Root Ferment Filtr\u0101ts, tokoferols, Bifida Ferment Liz\u0101ts, Ceramide NP, Saccharomyces Ferments, retin\u0101ls, asiacos\u012bds, glicerilpolimetakril\u0101ts, madekaksos\u012bds, propil\u0113nglikols, poligliceril-10 ole\u0101ts, glikolip\u012bdi, glicine soja (sojas pupi\u0146u) pept\u012bds, resveratrols, saharozes distear\u0101ts, asiacsk\u0101be, madekakssk\u0101be, palmitoiltripept\u012bds-1, Moringa Oleifera s\u0113klu e\u013c\u013ca, PEG-100 stear\u0101ts, polisorb\u0101ts 20, smar\u017evielas, etilheksilglicer\u012bns.<\/p>","protected":false},"featured_media":9138,"template":"","meta":{"om_disable_all_campaigns":false,"_monsterinsights_skip_tracking":false,"_monsterinsights_sitenote_active":false,"_monsterinsights_sitenote_note":"","_monsterinsights_sitenote_category":0},"product_cat":[15,71],"product_tag":[],"aioseo_notices":[],"_links":{"self":[{"href":"https:\/\/softskinshop.net\/lv\/wp-json\/wp\/v2\/product\/9137"}],"collection":[{"href":"https:\/\/softskinshop.net\/lv\/wp-json\/wp\/v2\/product"}],"about":[{"href":"https:\/\/softskinshop.net\/lv\/wp-json\/wp\/v2\/types\/product"}],"wp:featuredmedia":[{"embeddable":true,"href":"https:\/\/softskinshop.net\/lv\/wp-json\/wp\/v2\/media\/9138"}],"wp:attachment":[{"href":"https:\/\/softskinshop.net\/lv\/wp-json\/wp\/v2\/media?parent=9137"}],"wp:term":[{"taxonomy":"product_cat","embeddable":true,"href":"https:\/\/softskinshop.net\/lv\/wp-json\/wp\/v2\/product_cat?post=9137"},{"taxonomy":"product_tag","embeddable":true,"href":"https:\/\/softskinshop.net\/lv\/wp-json\/wp\/v2\/product_tag?post=9137"}],"curies":[{"name":"wp","href":"https:\/\/api.w.org\/{rel}","templated":true}]}}