{"id":9126,"date":"2025-03-22T17:19:03","date_gmt":"2025-03-22T17:19:03","guid":{"rendered":"https:\/\/softskinshop.net\/?post_type=product&#038;p=9126"},"modified":"2026-01-14T14:11:58","modified_gmt":"2026-01-14T14:11:58","slug":"peptide-p8-cream","status":"publish","type":"product","link":"https:\/\/softskinshop.net\/lv\/shop\/all-products\/peptide-p8-cream\/","title":{"rendered":"Pept\u012bdu P8 kr\u0113ms"},"content":{"rendered":"<p><span style=\"color: #000000; font-family: Gulim; font-size: large;\">Sint\u0113tisks pept\u012bds, kas sast\u0101v no 4 aminosk\u0101b\u0113m un pal\u012bdz \u0101dai.<br \/>\nNov\u0113r\u0161 ak\u016btu iekaisuma reakciju ra\u0161anos, nov\u0113r\u0161 glikozes boj\u0101jumus,<br \/>\nveicina saistaudu aug\u0161anu. Pal\u012bdz palielin\u0101t kolag\u0113na daudzumu<br \/>\nveido\u0161anos \u0101d\u0101, pal\u012bdzot dzied\u0113t un atjaunot \u0101du.<\/span><\/p>","protected":false},"excerpt":{"rendered":"<p><span style=\"color: #000000; font-family: Gulim; font-size: large;\">Sint\u0113tisks pept\u012bds, kas sast\u0101v no 4 aminosk\u0101b\u0113m un pal\u012bdz \u0101dai.<br \/>\nNov\u0113r\u0161 ak\u016btu iekaisuma reakciju ra\u0161anos, nov\u0113r\u0161 glikozes boj\u0101jumus,<br \/>\nveicina saistaudu aug\u0161anu. Pal\u012bdz palielin\u0101t kolag\u0113na daudzumu<br \/>\nveido\u0161anos \u0101d\u0101, pal\u012bdzot dzied\u0113t un atjaunot \u0101du.<\/span><\/p>\n<p>Sast\u0101vda\u013cas: Sast\u0101vda\u013cas: \u016bdens, glicer\u012bns, kaprilic\/kapric triglicer\u012bds, pentaeritriltetraetilheksano\u0101ts, glicerilstear\u0101ts, 1,2-heksanediols, niacinam\u012bds, skval\u0101ns, ciklopentasiloks\u0101ns, cetearilspirts, cikloheksasiloks\u0101ns, Myristyl Stearate, Bis-PEG-18 Methyl Ether Dimethyl Silane, Stearyl Alcohol, PEG-40 Stearate, Sorbitan Sesquioleate, Tromethamine, Urea, Xanthan Gum, Acrylates\/C10-30 Alkyl Acrylate Crosspolymer, karbom\u0113rs, adenoz\u012bns, Lavandula Angustifolia (Lavandula Angustifolia) e\u013c\u013ca, Vaccinium Myrtillus aug\u013cu ekstrakts, din\u0101trija EDTA, Saccharum Officinarum (cukurniedru) ekstrakts, Citrus Limon (citronu) aug\u013cu ekstrakts, Citrus Aurantium Dulcis (apels\u012bnu) aug\u013cu ekstrakts, Acer Saccharum (cukurk\u013cavas) ekstrakts, beta\u012bna salicil\u0101ts, etilheksilglicer\u012bns, butil\u0113nglikols, rh-oligopeptide-1 (0.1ppm), fenoksietanols, acetilheksapept\u012bds-8 (0,005ppm), vara tripept\u012bds-1 (0,005ppm), palmitoil dipept\u012bds-7 (0,002ppm), palmitoil tetrapept\u012bds-7 (0,002ppm), palmitoil tripept\u012bds-1 (0,002ppm), palmitoil heksapept\u012bds-12 (0,002ppm), palmitoil pentapept\u012bds-4 (0,001 ppm).<\/p>","protected":false},"featured_media":9127,"template":"","meta":{"om_disable_all_campaigns":false,"_monsterinsights_skip_tracking":false,"_monsterinsights_sitenote_active":false,"_monsterinsights_sitenote_note":"","_monsterinsights_sitenote_category":0},"product_cat":[15,71],"product_tag":[],"aioseo_notices":[],"_links":{"self":[{"href":"https:\/\/softskinshop.net\/lv\/wp-json\/wp\/v2\/product\/9126"}],"collection":[{"href":"https:\/\/softskinshop.net\/lv\/wp-json\/wp\/v2\/product"}],"about":[{"href":"https:\/\/softskinshop.net\/lv\/wp-json\/wp\/v2\/types\/product"}],"wp:featuredmedia":[{"embeddable":true,"href":"https:\/\/softskinshop.net\/lv\/wp-json\/wp\/v2\/media\/9127"}],"wp:attachment":[{"href":"https:\/\/softskinshop.net\/lv\/wp-json\/wp\/v2\/media?parent=9126"}],"wp:term":[{"taxonomy":"product_cat","embeddable":true,"href":"https:\/\/softskinshop.net\/lv\/wp-json\/wp\/v2\/product_cat?post=9126"},{"taxonomy":"product_tag","embeddable":true,"href":"https:\/\/softskinshop.net\/lv\/wp-json\/wp\/v2\/product_tag?post=9126"}],"curies":[{"name":"wp","href":"https:\/\/api.w.org\/{rel}","templated":true}]}}