{"id":9124,"date":"2025-03-22T17:16:10","date_gmt":"2025-03-22T17:16:10","guid":{"rendered":"https:\/\/softskinshop.net\/?post_type=product&#038;p=9124"},"modified":"2025-11-24T18:32:49","modified_gmt":"2025-11-24T18:32:49","slug":"blemish-vita-c-squeeze-ampoule-30ml","status":"publish","type":"product","link":"https:\/\/softskinshop.net\/lv\/shop\/all-products\/blemish-vita-c-squeeze-ampoule-30ml\/","title":{"rendered":"Blemish Vita C izspie\u017eam\u0101 ampula - 30ml"},"content":{"rendered":"<p><b>\u0160\u012b pretgrumbu ampula pal\u012bdz uzlabot grumbas un padar\u012bt \u0101du gai\u0161\u0101ku, jo t\u0101s sast\u0101v\u0101 ir pievienots C vitam\u012bns.<\/b>. Pal\u012bdz izl\u012bdzin\u0101t \u0101das toni un balin\u0101t \u0101du, vienlaikus uzlabojot un izl\u012bdzinot \u0101das tekst\u016bru. Mitrina \u0101du ar 7 veidu hialuronsk\u0101b\u0113m.<\/p>","protected":false},"excerpt":{"rendered":"<p><b>\u0160\u012b pretgrumbu ampula pal\u012bdz uzlabot grumbas un padar\u012bt \u0101du gai\u0161\u0101ku, jo t\u0101s sast\u0101v\u0101 ir pievienots C vitam\u012bns.<\/b>. Pal\u012bdz izl\u012bdzin\u0101t \u0101das toni un balin\u0101t \u0101du, vienlaikus uzlabojot un izl\u012bdzinot \u0101das tekst\u016bru. Mitrina \u0101du ar 7 veidu hialuronsk\u0101b\u0113m.<\/p>\n<p>Sast\u0101vda\u013cas: Niacinam\u012bds, glicer\u012bns, 3-0-etil-askorb\u012bnsk\u0101be (1000 ppm), adenoz\u012bns, butil\u0113nglikols, medus ekstrakts, dipotasija gliciriz\u0101ts, citrusaug\u013cu ekstrakts, Solanum Lycopersicum (tom\u0101tu) aug\u013cu ekstrakts, Daucus Carota Sativa (burk\u0101nu) sak\u0146u ekstrakts, Carica Papaya aug\u013cu ekstrakts, Capsicum Annuum aug\u013cu ekstrakts, Citrofortunella Microcarpa aug\u013cu ekstrakts, n\u0101trija hialuron\u0101ts, n\u0101trija hialuron\u0101ta krospolim\u0113rs, n\u0101trija acetil\u0113ts hialuron\u0101ts, k\u0101lija hialuron\u0101ts, hidroksipropiltrimonija hialuron\u0101ts, hidroliz\u0113ta hialuronsk\u0101be, hialuronsk\u0101be, trehalozes, dipropil\u0113nglikols, hidroksiacetofenons, 1,2-heksanediols, karbom\u0113rs, trometam\u012bns, PEG-60 hidrogen\u0113ta r\u012bcine\u013c\u013ca, kaprilglikols, din\u0101trija EDTA, smar\u017evielas<\/p>","protected":false},"featured_media":9125,"template":"","meta":{"om_disable_all_campaigns":false,"_monsterinsights_skip_tracking":false,"_monsterinsights_sitenote_active":false,"_monsterinsights_sitenote_note":"","_monsterinsights_sitenote_category":0},"product_cat":[15,71],"product_tag":[],"aioseo_notices":[],"_links":{"self":[{"href":"https:\/\/softskinshop.net\/lv\/wp-json\/wp\/v2\/product\/9124"}],"collection":[{"href":"https:\/\/softskinshop.net\/lv\/wp-json\/wp\/v2\/product"}],"about":[{"href":"https:\/\/softskinshop.net\/lv\/wp-json\/wp\/v2\/types\/product"}],"wp:featuredmedia":[{"embeddable":true,"href":"https:\/\/softskinshop.net\/lv\/wp-json\/wp\/v2\/media\/9125"}],"wp:attachment":[{"href":"https:\/\/softskinshop.net\/lv\/wp-json\/wp\/v2\/media?parent=9124"}],"wp:term":[{"taxonomy":"product_cat","embeddable":true,"href":"https:\/\/softskinshop.net\/lv\/wp-json\/wp\/v2\/product_cat?post=9124"},{"taxonomy":"product_tag","embeddable":true,"href":"https:\/\/softskinshop.net\/lv\/wp-json\/wp\/v2\/product_tag?post=9124"}],"curies":[{"name":"wp","href":"https:\/\/api.w.org\/{rel}","templated":true}]}}