{"id":9115,"date":"2025-03-22T17:00:53","date_gmt":"2025-03-22T17:00:53","guid":{"rendered":"https:\/\/softskinshop.net\/?post_type=product&#038;p=9115"},"modified":"2025-05-23T14:54:41","modified_gmt":"2025-05-23T14:54:41","slug":"green-plum-refreshing-toner-aha-bha-150-ml","status":"publish","type":"product","link":"https:\/\/softskinshop.net\/lv\/shop\/all-products\/green-plum-refreshing-toner-aha-bha-150-ml\/","title":{"rendered":"Za\u013c\u0101s pl\u016bmes atsvaidzino\u0161ais toniks: AHA + BHA, 150 ml"},"content":{"rendered":"<p><strong>Za\u013c\u0101s pl\u016bmes atsvaidzino\u0161ais toniks: AHA + BHA<\/strong> l\u012bdz <strong>Joseon skaistums<\/strong> att\u012bra \u0101du l\u012bdz pat por\u0101m un maigi, bet neatgriezeniski no\u0146em atmiru\u0161\u0101s \u0101das \u0161\u016bnas. \u012apa\u0161i viegl\u0101 formula ir bag\u0101tin\u0101ta ar augstas kvalit\u0101tes pl\u016bmju \u016bdeni un s\u0113\u0146u pupi\u0146u ekstraktu, kas nodro\u0161ina \u0101dai pietiekamu mitrumu un rada \u012bpa\u0161i maigu fini\u0161u. Turkl\u0101t toniks satur AHA un BHA, kas nodro\u0161ina poras att\u012bro\u0161u, bet maigu att\u012br\u012b\u0161anas efektu.<\/p>","protected":false},"excerpt":{"rendered":"<p><strong>Za\u013c\u0101s pl\u016bmes atsvaidzino\u0161ais toniks: AHA + BHA<\/strong> l\u012bdz <strong>Joseon skaistums<\/strong> att\u012bra \u0101du l\u012bdz pat por\u0101m un maigi, bet neatgriezeniski no\u0146em atmiru\u0161\u0101s \u0101das \u0161\u016bnas. \u012apa\u0161i viegl\u0101 formula ir bag\u0101tin\u0101ta ar augstas kvalit\u0101tes pl\u016bmju \u016bdeni un s\u0113\u0146u pupi\u0146u ekstraktu, kas nodro\u0161ina \u0101dai pietiekamu mitrumu un rada \u012bpa\u0161i maigu fini\u0161u. Turkl\u0101t toniks satur AHA un BHA, kas nodro\u0161ina poras att\u012bro\u0161u, bet maigu att\u012br\u012b\u0161anas efektu.<\/p>\n<p>Sast\u0101vda\u013cas:<br \/>\n\u016adens, Prunus Mume aug\u013cu \u016bdens, dipropil\u0113nglikols, 1,2-heksandiols, trometam\u012bns, glikolsk\u0101be, Phaseolus Radiatus s\u0113klu ekstrakts, Panax Ginseng sak\u0146u ekstrakts, Oryza Sativa (r\u012bsu) klijas, Portulaca Oleracea ekstrakts, butil\u0113nglikols, glicer\u012bns, salicilsk\u0101be, Melia Azadirachta lapu ekstrakts, Melia Azadirachta ziedu ekstrakts, fruktoze, tokoferols, glikoze, n\u0101trija PCA, trietilheksano\u012bns, difenildimetikons, C12-14 parets-12, etilheksilglicer\u012bns, hidrogen\u0113tais lecit\u012bns, poligliceril-10 ole\u0101ts, tetrasodija EDTA.<\/p>","protected":false},"featured_media":9116,"template":"","meta":{"om_disable_all_campaigns":false,"_monsterinsights_skip_tracking":false,"_monsterinsights_sitenote_active":false,"_monsterinsights_sitenote_note":"","_monsterinsights_sitenote_category":0},"product_cat":[15,71],"product_tag":[],"aioseo_notices":[],"_links":{"self":[{"href":"https:\/\/softskinshop.net\/lv\/wp-json\/wp\/v2\/product\/9115"}],"collection":[{"href":"https:\/\/softskinshop.net\/lv\/wp-json\/wp\/v2\/product"}],"about":[{"href":"https:\/\/softskinshop.net\/lv\/wp-json\/wp\/v2\/types\/product"}],"wp:featuredmedia":[{"embeddable":true,"href":"https:\/\/softskinshop.net\/lv\/wp-json\/wp\/v2\/media\/9116"}],"wp:attachment":[{"href":"https:\/\/softskinshop.net\/lv\/wp-json\/wp\/v2\/media?parent=9115"}],"wp:term":[{"taxonomy":"product_cat","embeddable":true,"href":"https:\/\/softskinshop.net\/lv\/wp-json\/wp\/v2\/product_cat?post=9115"},{"taxonomy":"product_tag","embeddable":true,"href":"https:\/\/softskinshop.net\/lv\/wp-json\/wp\/v2\/product_tag?post=9115"}],"curies":[{"name":"wp","href":"https:\/\/api.w.org\/{rel}","templated":true}]}}