{"id":9110,"date":"2025-02-07T15:16:14","date_gmt":"2025-02-07T15:16:14","guid":{"rendered":"https:\/\/softskinshop.net\/?post_type=product&#038;p=9110"},"modified":"2026-02-14T18:48:51","modified_gmt":"2026-02-14T18:48:51","slug":"eyenlip-collagen-luster-lip-sleeping-mask","status":"publish","type":"product","link":"https:\/\/softskinshop.net\/lv\/shop\/all-products\/eyenlip-collagen-luster-lip-sleeping-mask\/","title":{"rendered":"Eyenlip kolag\u0113na sp\u012bduma l\u016bpu miega maska"},"content":{"rendered":"<p><span class=\"ILfuVd\" lang=\"en\"><span class=\"hgKElc\">Eyenlip kolag\u0113na sp\u012bduma l\u016bpu miega maska ir\u00a0<b>m\u012bkstino\u0161a un barojo\u0161a maska l\u016bp\u0101m<\/b>. Var izmantot ar\u012b k\u0101 l\u016bpu balzamu. L\u016bpu miega maska ir l\u012bdz\u012bga l\u016bpu balzamam, ta\u010du t\u0101s bag\u0101t\u012bg\u0101ka formula efekt\u012bvi baro l\u016bpas nakts laik\u0101, kam\u0113r j\u016bs gu\u013cat. Piem\u0113rota ar\u012b lieto\u0161anai dienas laik\u0101 saus\u0101m un saspr\u0113g\u0101ju\u0161\u0101m l\u016bp\u0101m.<\/span><\/span><\/p>","protected":false},"excerpt":{"rendered":"<p><span class=\"ILfuVd\" lang=\"en\"><span class=\"hgKElc\">Eyenlip kolag\u0113na sp\u012bduma l\u016bpu miega maska ir\u00a0<b>m\u012bkstino\u0161a un barojo\u0161a maska l\u016bp\u0101m<\/b>. Var izmantot ar\u012b k\u0101 l\u016bpu balzamu. L\u016bpu miega maska ir l\u012bdz\u012bga l\u016bpu balzamam, ta\u010du t\u0101s bag\u0101t\u012bg\u0101ka formula efekt\u012bvi baro l\u016bpas nakts laik\u0101, kam\u0113r j\u016bs gu\u013cat. Piem\u0113rota ar\u012b lieto\u0161anai dienas laik\u0101 saus\u0101m un saspr\u0113g\u0101ju\u0161\u0101m l\u016bp\u0101m.<\/span><\/span><\/p>","protected":false},"featured_media":9111,"template":"","meta":{"om_disable_all_campaigns":false,"_monsterinsights_skip_tracking":false,"_monsterinsights_sitenote_active":false,"_monsterinsights_sitenote_note":"","_monsterinsights_sitenote_category":0},"product_cat":[15,71],"product_tag":[],"aioseo_notices":[],"_links":{"self":[{"href":"https:\/\/softskinshop.net\/lv\/wp-json\/wp\/v2\/product\/9110"}],"collection":[{"href":"https:\/\/softskinshop.net\/lv\/wp-json\/wp\/v2\/product"}],"about":[{"href":"https:\/\/softskinshop.net\/lv\/wp-json\/wp\/v2\/types\/product"}],"wp:featuredmedia":[{"embeddable":true,"href":"https:\/\/softskinshop.net\/lv\/wp-json\/wp\/v2\/media\/9111"}],"wp:attachment":[{"href":"https:\/\/softskinshop.net\/lv\/wp-json\/wp\/v2\/media?parent=9110"}],"wp:term":[{"taxonomy":"product_cat","embeddable":true,"href":"https:\/\/softskinshop.net\/lv\/wp-json\/wp\/v2\/product_cat?post=9110"},{"taxonomy":"product_tag","embeddable":true,"href":"https:\/\/softskinshop.net\/lv\/wp-json\/wp\/v2\/product_tag?post=9110"}],"curies":[{"name":"wp","href":"https:\/\/api.w.org\/{rel}","templated":true}]}}