{"id":9105,"date":"2025-02-07T15:04:38","date_gmt":"2025-02-07T15:04:38","guid":{"rendered":"https:\/\/softskinshop.net\/?post_type=product&#038;p=9105"},"modified":"2025-08-04T20:07:17","modified_gmt":"2025-08-04T20:07:17","slug":"haruharu-wonders-black-rice-eye-cream","status":"publish","type":"product","link":"https:\/\/softskinshop.net\/lv\/shop\/all-products\/haruharu-wonders-black-rice-eye-cream\/","title":{"rendered":"Haruharu br\u012bnumu melno r\u012bsu acu kr\u0113ms"},"content":{"rendered":"<p>Atjaunojiet un atjaunojiet maigo \u0101du ap ac\u012bm ar Haruharu WONDER melno r\u012bsu bakukiola acu kr\u0113mu. \u0160is maigais acu kr\u0113ms, kas satur sp\u0113c\u012bgu baku\u010diola un mitrino\u0161a melno r\u012bsu ekstrakta mais\u012bjumu, iedarbojas uz grumbi\u0146\u0101m, uzlabo \u0101das elast\u012bbu un kopum\u0101 uzlabo sejas kr\u0101su.<\/p>\n<p>Tas ir bag\u0101tin\u0101ts ar bambusa dzinumu ekstraktiem, kas nodro\u0161ina antioksidantu kop\u0161anu, k\u0101 ar\u012b satur Cica un Natto sve\u0137us, kas izl\u012bdzina grumbi\u0146as ap plaksti\u0146iem. Visas sast\u0101vda\u013cas ir sertific\u0113tas k\u0101 EWG Green Grade un izstr\u0101d\u0101tas, izmantojot Ultra-Deep Technology\u2122, kas nodro\u0161ina efekt\u012bvu akt\u012bvo sast\u0101vda\u013cu pieg\u0101di, t\u0101p\u0113c \u0161is acu kr\u0113ms dzi\u013ci ies\u016bcas \u0101d\u0101, atst\u0101jot pienainu, vieglu tekst\u016bru, kas \u0101tri ies\u016bcas bez lip\u012bguma.<\/p>","protected":false},"excerpt":{"rendered":"<p>Atjaunojiet un atjaunojiet maigo \u0101du ap ac\u012bm ar Haruharu WONDER melno r\u012bsu bakukiola acu kr\u0113mu. \u0160is maigais acu kr\u0113ms, kas satur sp\u0113c\u012bgu baku\u010diola un mitrino\u0161a melno r\u012bsu ekstrakta mais\u012bjumu, iedarbojas uz grumbi\u0146\u0101m, uzlabo \u0101das elast\u012bbu un kopum\u0101 uzlabo sejas kr\u0101su.<\/p>\n<p>Tas ir bag\u0101tin\u0101ts ar bambusa dzinumu ekstraktiem, kas nodro\u0161ina antioksidantu kop\u0161anu, k\u0101 ar\u012b satur Cica un Natto sve\u0137us, kas izl\u012bdzina grumbi\u0146as ap plaksti\u0146iem. Visas sast\u0101vda\u013cas ir sertific\u0113tas k\u0101 EWG Green Grade un izstr\u0101d\u0101tas, izmantojot Ultra-Deep Technology\u2122, kas nodro\u0161ina efekt\u012bvu akt\u012bvo sast\u0101vda\u013cu pieg\u0101di, t\u0101p\u0113c \u0161is acu kr\u0113ms dzi\u013ci ies\u016bcas \u0101d\u0101, atst\u0101jot pienainu, vieglu tekst\u016bru, kas \u0101tri ies\u016bcas bez lip\u012bguma.<\/p>\n<p>Sast\u0101vda\u013cas:<br \/>\n\u016adens, glicer\u012bns, Helianthus Annuus (saulespu\u0137u) s\u0113klu e\u013c\u013ca, kaprilic\/kapric triglicer\u012bds, niac\u012bnam\u012bds, 1,2-heksandiols, cetilspirts, cetearilspirts, C14-22 spirti, bakukiols, stearilspirts, karbom\u0113rs, Cetearila glikoz\u012bds, trometam\u012bns, butil\u0113nglikols, Oryza Sativa (r\u012bsu) ekstrakts, cetila palmit\u0101ts, C12-20 alkilglikoz\u012bds, n\u0101trija akril\u0101ta\/n\u0101trija akriloksidimetiltaur\u0101ta kopolim\u0113rs, sorbit\u0101na palmit\u0101ts, sorbit\u0101na oliv\u0101ts, Poliizobut\u0113ns, miristilspirts, Phyllostachys Pubescens dzinumu mizas ekstrakts, Zanthoxylum Piperitum aug\u013cu ekstrakts, Usnea Barbata (Lichen) ekstrakts, Pulsatilla Koreana ekstrakts, Aspergillus Ferment, etilheksilglicer\u012bns, Panax Ginseng saknes ekstrakts, ciklodekstr\u012bns, adenoz\u012bns, laurilspirts, n\u0101trija hialuron\u0101ts, din\u0101trija EDTA, kaprilkaprilglikoz\u012bds, sorbit\u0101na ole\u0101ts, glikoze, kvie\u0161u aminosk\u0101bes, natto sve\u0137i, pentil\u0113nglikols, madekasos\u012bds.<\/p>","protected":false},"featured_media":9106,"template":"","meta":{"om_disable_all_campaigns":false,"_monsterinsights_skip_tracking":false,"_monsterinsights_sitenote_active":false,"_monsterinsights_sitenote_note":"","_monsterinsights_sitenote_category":0},"product_cat":[15,71],"product_tag":[],"aioseo_notices":[],"_links":{"self":[{"href":"https:\/\/softskinshop.net\/lv\/wp-json\/wp\/v2\/product\/9105"}],"collection":[{"href":"https:\/\/softskinshop.net\/lv\/wp-json\/wp\/v2\/product"}],"about":[{"href":"https:\/\/softskinshop.net\/lv\/wp-json\/wp\/v2\/types\/product"}],"wp:featuredmedia":[{"embeddable":true,"href":"https:\/\/softskinshop.net\/lv\/wp-json\/wp\/v2\/media\/9106"}],"wp:attachment":[{"href":"https:\/\/softskinshop.net\/lv\/wp-json\/wp\/v2\/media?parent=9105"}],"wp:term":[{"taxonomy":"product_cat","embeddable":true,"href":"https:\/\/softskinshop.net\/lv\/wp-json\/wp\/v2\/product_cat?post=9105"},{"taxonomy":"product_tag","embeddable":true,"href":"https:\/\/softskinshop.net\/lv\/wp-json\/wp\/v2\/product_tag?post=9105"}],"curies":[{"name":"wp","href":"https:\/\/api.w.org\/{rel}","templated":true}]}}