{"id":9102,"date":"2024-12-20T09:31:07","date_gmt":"2024-12-20T09:31:07","guid":{"rendered":"https:\/\/softskinshop.net\/?post_type=product&#038;p=9102"},"modified":"2026-02-14T18:47:09","modified_gmt":"2026-02-14T18:47:09","slug":"collagen-elastic-cream","status":"publish","type":"product","link":"https:\/\/softskinshop.net\/lv\/shop\/all-products\/collagen-elastic-cream\/","title":{"rendered":"Kolag\u0113na elast\u012bgais kr\u0113ms"},"content":{"rendered":"<ul>\n<li>\u0160is kolag\u0113na elast\u012bgais kr\u0113ms pal\u012bdz mitrin\u0101t un nostiprin\u0101t \u0101du ar kolag\u0113na sp\u0113ku.<br \/>\n&nbsp;<\/li>\n<li>Sast\u0101v\u0101 ir hidroliz\u0113ts kolag\u0113ns, kas pal\u012bdz nodro\u0161in\u0101t \u0101du ar mitrumu, veicinot elast\u012bgas un tvirtas sejas \u0101das veido\u0161anos.<br \/>\n&nbsp;<\/li>\n<li>Bag\u0101tin\u0101ts ar alanto\u012bnu, kas mazina \u0101das sausumu un nodro\u0161ina nomierino\u0161u \u0101das kop\u0161anu.<br \/>\n&nbsp;<\/li>\n<li>Pantenola piedeva uzlabo \u0101das vitalit\u0101ti un mitrino\u0161o iedarb\u012bbu.<\/li>\n<\/ul>","protected":false},"excerpt":{"rendered":"<ul>\n<li>\u0160is kolag\u0113na elast\u012bgais kr\u0113ms pal\u012bdz mitrin\u0101t un nostiprin\u0101t \u0101du ar kolag\u0113na sp\u0113ku.<br \/>\n&nbsp;<\/li>\n<li>Sast\u0101v\u0101 ir hidroliz\u0113ts kolag\u0113ns, kas pal\u012bdz nodro\u0161in\u0101t \u0101du ar mitrumu, veicinot elast\u012bgas un tvirtas sejas \u0101das veido\u0161anos.<br \/>\n&nbsp;<\/li>\n<li>Bag\u0101tin\u0101ts ar alanto\u012bnu, kas mazina \u0101das sausumu un nodro\u0161ina nomierino\u0161u \u0101das kop\u0161anu.<br \/>\n&nbsp;<\/li>\n<li>Pantenola piedeva uzlabo \u0101das vitalit\u0101ti un mitrino\u0161o iedarb\u012bbu.<\/li>\n<\/ul>\n<p>Sast\u0101vda\u013cas:<br \/>\n\u016adens, cetila etilheksano\u0101ts, kaprilic\/kapric triglicer\u012bds, glicer\u012bns, butil\u0113nglikols, 1,2-heksanediols, cetearila alkohols, PPG-3 kapril\u0113teris, sorb\u012bts, hidroliz\u0113ts kolag\u0113ns, glicerilstear\u0101ts, skval\u0101ns, n\u0101trija akril\u0101ta\/n\u0101trija akriloildimetiltaur\u0101ta kopolim\u0113rs, PEG-100 stear\u0101ts, cetearila oliv\u0101ts, izoheksadek\u0101ns, sorbit\u0101na oliv\u0101ts, polisorb\u0101ts 60, karbom\u0113rs, trietanolam\u012bns, Macadamia Ternifolia s\u0113klu e\u013c\u013ca, beta\u012bns, ksant\u0101na sve\u0137i, polisorb\u0101ts 80, alanto\u012bns, adenoz\u012bns, din\u0101trija EDTA, sorbit\u0101na ole\u0101ts, Rosa Canina s\u0113klu ekstrakts, Helianthus Annuus (saulespu\u0137u) s\u0113klu e\u013c\u013ca, Calendula Officinalis ziedu e\u013c\u013ca, Punica Granatum aug\u013cu ekstrakts, Ilex Paraguariensis lapu ekstrakts, Hibiscus Sabdariffa ziedu ekstrakts, Citrus Limon (Lemon) aug\u013cu ekstrakts, Pyrus Malus (\u0101bolu) aug\u013cu ekstrakts, Aloe Barbadensis lapu ekstrakts, Citrus Aurantium Dulcis (apels\u012bnu) aug\u013cu ekstrakts, Citrus Junos aug\u013cu ekstrakts, Citrus Paradisi (greipfr\u016btu) aug\u013cu ekstrakts, Actinidia Chinensis (kivi) aug\u013cu ekstrakts, Vitis Vinifera (v\u012bnogu) aug\u013cu ekstrakts, Chamomilla Recutita (Matricaria) e\u013c\u013ca, Eucalyptus Globulus lapu e\u013c\u013ca, ro\u017eu ziedu e\u013c\u013ca, Jasminum Officinale (Jasmine) e\u013c\u013ca, Ficus Carica (Fig) aug\u013cu ekstrakts, Morus Alba aug\u013cu ekstrakts, Ginkgo Biloba riekstu ekstrakts, Alchemilla Vulgaris ekstrakts, Melaleuca Alternifolia (Tea Tree) lapu e\u013c\u013ca, Mentha Piperita (Peppermint) e\u013c\u013ca, Lavandula Angustifolia (Lavanda) e\u013c\u013ca, Melissa Officinalis lapu e\u013c\u013ca, Rosmarinus Officinalis (Rosemary) lapu e\u013c\u013ca, n\u0101trija hialuron\u0101ts, smar\u017evielas<\/p>","protected":false},"featured_media":9103,"template":"","meta":{"om_disable_all_campaigns":false,"_monsterinsights_skip_tracking":false,"_monsterinsights_sitenote_active":false,"_monsterinsights_sitenote_note":"","_monsterinsights_sitenote_category":0},"product_cat":[15,71],"product_tag":[],"aioseo_notices":[],"_links":{"self":[{"href":"https:\/\/softskinshop.net\/lv\/wp-json\/wp\/v2\/product\/9102"}],"collection":[{"href":"https:\/\/softskinshop.net\/lv\/wp-json\/wp\/v2\/product"}],"about":[{"href":"https:\/\/softskinshop.net\/lv\/wp-json\/wp\/v2\/types\/product"}],"wp:featuredmedia":[{"embeddable":true,"href":"https:\/\/softskinshop.net\/lv\/wp-json\/wp\/v2\/media\/9103"}],"wp:attachment":[{"href":"https:\/\/softskinshop.net\/lv\/wp-json\/wp\/v2\/media?parent=9102"}],"wp:term":[{"taxonomy":"product_cat","embeddable":true,"href":"https:\/\/softskinshop.net\/lv\/wp-json\/wp\/v2\/product_cat?post=9102"},{"taxonomy":"product_tag","embeddable":true,"href":"https:\/\/softskinshop.net\/lv\/wp-json\/wp\/v2\/product_tag?post=9102"}],"curies":[{"name":"wp","href":"https:\/\/api.w.org\/{rel}","templated":true}]}}