{"id":9100,"date":"2024-12-20T09:29:54","date_gmt":"2024-12-20T09:29:54","guid":{"rendered":"https:\/\/softskinshop.net\/?post_type=product&#038;p=9100"},"modified":"2025-11-24T18:32:15","modified_gmt":"2025-11-24T18:32:15","slug":"black-snail-all-in-one-cream","status":"publish","type":"product","link":"https:\/\/softskinshop.net\/lv\/shop\/all-products\/black-snail-all-in-one-cream\/","title":{"rendered":"Melnais glieme\u017ev\u0101ks All In One Cream"},"content":{"rendered":"<div class=\"woocommerce-product-details__short-description\">\n<p>Mitrino\u0161s sejas kr\u0113ms, kas piem\u0113rots gan dienas, gan nakts lieto\u0161anai, padarot \u0101du mirdzo\u0161u un maigu. Satur 74% glieme\u017eu sekr\u0113ta filtr\u0101tu! \u0112rts maisi\u0146a iepakojums ir \u0113rti lietojams ce\u013c\u0101.<\/p>\n<\/div>","protected":false},"excerpt":{"rendered":"<div class=\"woocommerce-product-details__short-description\">\n<p>Mitrino\u0161s sejas kr\u0113ms, kas piem\u0113rots gan dienas, gan nakts lieto\u0161anai, padarot \u0101du mirdzo\u0161u un maigu. Satur 74% glieme\u017eu sekr\u0113ta filtr\u0101tu! \u0112rts maisi\u0146a iepakojums ir \u0113rti lietojams ce\u013c\u0101.<\/p>\n<\/div>\n<p>Sast\u0101vda\u013cas:<br \/>\nGlieme\u017eu sekr\u0113cijas filtr\u0101ts (74%), Helianthus Annuus (saulespu\u0137u) s\u0113klu e\u013c\u013ca, butil\u0113nglikols, 1,2-heksandiols, cetearila oliv\u0101ts, niac\u012bnam\u012bds, sorbit\u0101na oliv\u0101ts, ciklopentasiloks\u0101ns, behenilspirts, \u016bdens, dimetikons, cikloheksasiloks\u0101ns, n\u0101trija poliakril\u0101ts, Cetearilspirts, hlorfenez\u012bns, poliakril\u0101ts-13, poliizobut\u0113ns, Coptis Japonica sak\u0146u ekstrakts, alanto\u012bns, pantenols, beta-glik\u0101ns, glicer\u012bns, adenoz\u012bns, polisorb\u0101ts 20, din\u0101trija EDTA, Bellis Perennis (Margrieti\u0146a) ziedu ekstrakts, Viola Mandshurica ziedu ekstrakts, Tulipa Gesneriana ziedu ekstrakts, Iris Versicolor ekstrakts, Citrus Aurantium ziedu ekstrakts, Kaprilmetikons, Butyrospermum Parkii (Shea) sviests, Poligliceril-10 ole\u0101ts, Dekstr\u012bns, Theobroma Cacao (kakao) ekstrakts, Hidrogen\u0113ts lecit\u012bns, Glycine Soja (sojas pupi\u0146u) s\u0113klu ekstrakts, Rubus Idaeus (ave\u0146u) aug\u013cu ekstrakts, Vaccinium Angustifolium (melle\u0146u) aug\u013cu ekstrakts, Fragaria Chiloensis (zeme\u0146u) aug\u013cu ekstrakts, Rubus Fruticosus (kazenes) aug\u013cu ekstrakts, Euterpe Oleracea (Euterpe Oleracea) aug\u013cu ekstrakts, tokoferilacet\u0101ts, smar\u017evielas<\/p>","protected":false},"featured_media":9101,"template":"","meta":{"om_disable_all_campaigns":false,"_monsterinsights_skip_tracking":false,"_monsterinsights_sitenote_active":false,"_monsterinsights_sitenote_note":"","_monsterinsights_sitenote_category":0},"product_cat":[15,71],"product_tag":[],"aioseo_notices":[],"_links":{"self":[{"href":"https:\/\/softskinshop.net\/lv\/wp-json\/wp\/v2\/product\/9100"}],"collection":[{"href":"https:\/\/softskinshop.net\/lv\/wp-json\/wp\/v2\/product"}],"about":[{"href":"https:\/\/softskinshop.net\/lv\/wp-json\/wp\/v2\/types\/product"}],"wp:featuredmedia":[{"embeddable":true,"href":"https:\/\/softskinshop.net\/lv\/wp-json\/wp\/v2\/media\/9101"}],"wp:attachment":[{"href":"https:\/\/softskinshop.net\/lv\/wp-json\/wp\/v2\/media?parent=9100"}],"wp:term":[{"taxonomy":"product_cat","embeddable":true,"href":"https:\/\/softskinshop.net\/lv\/wp-json\/wp\/v2\/product_cat?post=9100"},{"taxonomy":"product_tag","embeddable":true,"href":"https:\/\/softskinshop.net\/lv\/wp-json\/wp\/v2\/product_tag?post=9100"}],"curies":[{"name":"wp","href":"https:\/\/api.w.org\/{rel}","templated":true}]}}