{"id":9098,"date":"2024-12-20T09:28:28","date_gmt":"2024-12-20T09:28:28","guid":{"rendered":"https:\/\/softskinshop.net\/?post_type=product&#038;p=9098"},"modified":"2025-10-11T10:36:01","modified_gmt":"2025-10-11T10:36:01","slug":"berry-elastic-sleeping-pack","status":"publish","type":"product","link":"https:\/\/softskinshop.net\/lv\/shop\/all-products\/berry-elastic-sleeping-pack\/","title":{"rendered":"Berry Elastic - gu\u013cammaisu komplekts"},"content":{"rendered":"<div class=\"product-main-info vs-product-main-info-responsive ty-product-block ty-product-detail et-product-main-info\">\n<div id=\"tabs_content\" class=\"cm-tabs-content ty-tabs__content clearfix\">\n<div id=\"content_description\" class=\"ty-wysiwyg-content content-description\">\n<div>\n<p>Euterpe Oleracea aug\u013cu ekstrakts atdz\u012bvina \u0101du un nov\u0113r\u0161 mitruma zudumu, saglab\u0101jot to vesel\u012bgu un mitrin\u0101tu, kam\u0113r j\u016bs gu\u013cat.<\/p>\n<\/div>\n<\/div>\n<div id=\"content_features\" class=\"ty-wysiwyg-content content-features\"><\/div>\n<div id=\"content_files\" class=\"ty-wysiwyg-content content-files\"><\/div>\n<div id=\"content_tags\" class=\"ty-wysiwyg-content content-tags\"><\/div>\n<div id=\"content_attachments\" class=\"ty-wysiwyg-content content-attachments\"><\/div>\n<div id=\"content_required_products\" class=\"ty-wysiwyg-content content-required_products\"><\/div>\n<\/div>\n<\/div>\n<div class=\"product-details\"><\/div>\n<div class=\"vs-mainbox vs-mainbox-simple clearfix\"><\/div>","protected":false},"excerpt":{"rendered":"<div class=\"product-main-info vs-product-main-info-responsive ty-product-block ty-product-detail et-product-main-info\">\n<div id=\"tabs_content\" class=\"cm-tabs-content ty-tabs__content clearfix\">\n<div id=\"content_description\" class=\"ty-wysiwyg-content content-description\">\n<div>\n<p>Euterpe Oleracea aug\u013cu ekstrakts atdz\u012bvina \u0101du un nov\u0113r\u0161 mitruma zudumu, saglab\u0101jot to vesel\u012bgu un mitrin\u0101tu, kam\u0113r j\u016bs gu\u013cat.<\/p>\n<\/div>\n<\/div>\n<div id=\"content_features\" class=\"ty-wysiwyg-content content-features\"><\/div>\n<div id=\"content_files\" class=\"ty-wysiwyg-content content-files\"><\/div>\n<div id=\"content_tags\" class=\"ty-wysiwyg-content content-tags\"><\/div>\n<div id=\"content_attachments\" class=\"ty-wysiwyg-content content-attachments\"><\/div>\n<div id=\"content_required_products\" class=\"ty-wysiwyg-content content-required_products\"><\/div>\n<\/div>\n<\/div>\n<div class=\"product-details\"><\/div>\n<div class=\"vs-mainbox vs-mainbox-simple clearfix\"><\/div>\n<p>Sast\u0101vda\u013cas:<br \/>\n\u016adens, glicer\u012bns, dipropil\u0113nglikols, cetearila alkohols, 1,2-heksanediols, kaprilic\/kapric triglicer\u012bds, etilheksila palmit\u0101ts, C14-22 spirti, C12-20 alkilglikoz\u012bds, dimetikons, butil\u0113nglikols, Euterpe Oleracea aug\u013cu ekstrakts, alanto\u012bns, glikoze, karbom\u0113rs, hidroksietilakril\u0101ta\/n\u0101trija akriloksidimetiltaur\u0101ta kopolim\u0113rs, akril\u0101tu\/C10-30 alkilakril\u0101ta krustpolim\u0113rs, ksant\u0101na sve\u0137i, etilheksilglicer\u012bns, glicerilakril\u0101ta\/akrilsk\u0101bes kopolim\u0113rs, sorbit\u0101na izostear\u0101ts, fenoksietanols, trietanolam\u012bns, din\u0101trija EDTA, smar\u017evielas.<\/p>","protected":false},"featured_media":9099,"template":"","meta":{"om_disable_all_campaigns":false,"_monsterinsights_skip_tracking":false,"_monsterinsights_sitenote_active":false,"_monsterinsights_sitenote_note":"","_monsterinsights_sitenote_category":0},"product_cat":[15,70],"product_tag":[],"aioseo_notices":[],"_links":{"self":[{"href":"https:\/\/softskinshop.net\/lv\/wp-json\/wp\/v2\/product\/9098"}],"collection":[{"href":"https:\/\/softskinshop.net\/lv\/wp-json\/wp\/v2\/product"}],"about":[{"href":"https:\/\/softskinshop.net\/lv\/wp-json\/wp\/v2\/types\/product"}],"wp:featuredmedia":[{"embeddable":true,"href":"https:\/\/softskinshop.net\/lv\/wp-json\/wp\/v2\/media\/9099"}],"wp:attachment":[{"href":"https:\/\/softskinshop.net\/lv\/wp-json\/wp\/v2\/media?parent=9098"}],"wp:term":[{"taxonomy":"product_cat","embeddable":true,"href":"https:\/\/softskinshop.net\/lv\/wp-json\/wp\/v2\/product_cat?post=9098"},{"taxonomy":"product_tag","embeddable":true,"href":"https:\/\/softskinshop.net\/lv\/wp-json\/wp\/v2\/product_tag?post=9098"}],"curies":[{"name":"wp","href":"https:\/\/api.w.org\/{rel}","templated":true}]}}