{"id":9096,"date":"2024-12-20T09:26:10","date_gmt":"2024-12-20T09:26:10","guid":{"rendered":"https:\/\/softskinshop.net\/?post_type=product&#038;p=9096"},"modified":"2025-10-11T10:36:15","modified_gmt":"2025-10-11T10:36:15","slug":"cica-calming-sleeping-pack","status":"publish","type":"product","link":"https:\/\/softskinshop.net\/lv\/shop\/all-products\/cica-calming-sleeping-pack\/","title":{"rendered":"Cica nomierino\u0161s miega iepakojums"},"content":{"rendered":"<ul>\n<li>\u0160is cica nomierino\u0161ais miega iepakojums pal\u012bdz mitrin\u0101t un nomierin\u0101t \u0101du miega laik\u0101.&nbsp;<\/li>\n<li>Sast\u0101vs ar Cica veicina vesel\u012bgu un mitrin\u0101tu \u0101du miega laik\u0101, nomierinot jut\u012bgu \u0101du, ko kairina \u0101r\u0113jie kairin\u0101t\u0101ji.&nbsp;<\/li>\n<li>Satur glikozi, kas uzlabo \u0101das vitalit\u0101ti un mitrina \u0101du.&nbsp;<\/li>\n<li>Ar alanto\u012bnu, kas mazina \u0101das sausumu un nodro\u0161ina nomierino\u0161u \u0101das kop\u0161anu.<\/li>\n<\/ul>","protected":false},"excerpt":{"rendered":"<ul>\n<li>\u0160is cica nomierino\u0161ais miega iepakojums pal\u012bdz mitrin\u0101t un nomierin\u0101t \u0101du miega laik\u0101.&nbsp;<\/li>\n<li>Sast\u0101vs ar Cica veicina vesel\u012bgu un mitrin\u0101tu \u0101du miega laik\u0101, nomierinot jut\u012bgu \u0101du, ko kairina \u0101r\u0113jie kairin\u0101t\u0101ji.&nbsp;<\/li>\n<li>Satur glikozi, kas uzlabo \u0101das vitalit\u0101ti un mitrina \u0101du.&nbsp;<\/li>\n<li>Ar alanto\u012bnu, kas mazina \u0101das sausumu un nodro\u0161ina nomierino\u0161u \u0101das kop\u0161anu.<\/li>\n<\/ul>\n<p>Sast\u0101vda\u013cas: Sast\u0101vda\u013cas: \u016adens, glicer\u012bns, cetearilspirts, cetil\u0113til\u0113tilheksano\u0101ts, kaprilic\/kapric triglicer\u012bds, dipropil\u0113nglikols, butil\u0113nglikols, madekasos\u012bds, asiatikos\u012bds, centella Asiatica lapu ekstrakts, glicerila stear\u0101ts, karbom\u0113rs, PEG-100 stear\u0101ts,Cetearila oliv\u0101ts,Argin\u012bns,n\u0101trija akril\u0101ta\/n\u0101trija akriloildimetiltaur\u0101ta kopolim\u0113rs,sorbit\u0101na oliv\u0101ts,polisorb\u0101ts 60,izoksadek\u0101ns,ksant\u0101na sve\u0137i,Camellia Japonica s\u0113klu e\u013c\u013ca,beta-glik\u0101ns,beta\u012bns,n\u0101trija hialuron\u0101ts,Alanto\u012bns, polisorb\u0101ts 80, din\u0101trija EDTA, sorbit\u0101na ole\u0101ts, Cymbopogon Citratus Leaf Oil, Macadamia Ternifolia Seed Oil, Argania Spinosa Kernel Oil, Helianthus Annuus (Sunflower) Seed Oil, Simmondsia Chinensis (Jojoba) Seed Oil,Hippophae Rhamnoides aug\u013cu ekstrakts,Ceratonia Siliqua (Ceratonia Siliqua) aug\u013cu ekstrakts,Cryptomeria Japonica lapu ekstrakts,Nelumbo Nucifera lapu ekstrakts,Saccharomyces ferments,Glikozam\u012bnoglik\u0101ni,1,2-Hexanediol,Hlorphenesin,Arom\u0101ts<\/p>","protected":false},"featured_media":9097,"template":"","meta":{"om_disable_all_campaigns":false,"_monsterinsights_skip_tracking":false,"_monsterinsights_sitenote_active":false,"_monsterinsights_sitenote_note":"","_monsterinsights_sitenote_category":0},"product_cat":[15,70],"product_tag":[],"aioseo_notices":[],"_links":{"self":[{"href":"https:\/\/softskinshop.net\/lv\/wp-json\/wp\/v2\/product\/9096"}],"collection":[{"href":"https:\/\/softskinshop.net\/lv\/wp-json\/wp\/v2\/product"}],"about":[{"href":"https:\/\/softskinshop.net\/lv\/wp-json\/wp\/v2\/types\/product"}],"wp:featuredmedia":[{"embeddable":true,"href":"https:\/\/softskinshop.net\/lv\/wp-json\/wp\/v2\/media\/9097"}],"wp:attachment":[{"href":"https:\/\/softskinshop.net\/lv\/wp-json\/wp\/v2\/media?parent=9096"}],"wp:term":[{"taxonomy":"product_cat","embeddable":true,"href":"https:\/\/softskinshop.net\/lv\/wp-json\/wp\/v2\/product_cat?post=9096"},{"taxonomy":"product_tag","embeddable":true,"href":"https:\/\/softskinshop.net\/lv\/wp-json\/wp\/v2\/product_tag?post=9096"}],"curies":[{"name":"wp","href":"https:\/\/api.w.org\/{rel}","templated":true}]}}