{"id":9094,"date":"2024-12-20T09:21:13","date_gmt":"2024-12-20T09:21:13","guid":{"rendered":"https:\/\/softskinshop.net\/?post_type=product&#038;p=9094"},"modified":"2025-03-05T12:56:45","modified_gmt":"2025-03-05T12:56:45","slug":"moistfull-collagen-cream","status":"publish","type":"product","link":"https:\/\/softskinshop.net\/lv\/shop\/all-products\/moistfull-collagen-cream\/","title":{"rendered":"Mitrino\u0161s kolag\u0113na kr\u0113ms"},"content":{"rendered":"<p>\u0160\u012b formula ir atjaunin\u0101ta ar smar\u017eu, kas nesatur alerg\u0113nus, m\u016bsdien\u012bgu iepakojumu un gludu, kr\u0113m\u012bgu tekst\u016bru. Hidroliz\u0113ta kolag\u0113na koncentr\u0101cija ir palielin\u0101ta no 63,65% l\u012bdz 65,38%, un tagad formula ir p\u0101rbaud\u012bta EWG Green, lai nodro\u0161in\u0101tu dro\u0161\u0101kas un dab\u012bg\u0101kas sast\u0101vda\u013cas.<\/p>\n<p>\u0160is mitrino\u0161ais kolag\u0113na kr\u0113ms ir bag\u0101tin\u0101ts ar Etude House superkolag\u0113nu un tokoferolu, kas nodro\u0161ina \u0101das mitrin\u0101\u0161anu, un E vitam\u012bnu, kas nodro\u0161ina \u0101das mitrin\u0101\u0161anu vair\u0101k nek\u0101 12 stundas p\u0113c uzkl\u0101\u0161anas un \u0101das atjauno\u0161anas funkciju. T\u0101 \u017eelejveida tekst\u016bra padara \u0161o mitrino\u0161o kr\u0113mu par labu izv\u0113li sausai un jaukta tipa \u0101dai. Turkl\u0101t mazs daudzums ir \u013coti noder\u012bgs, un tas \u0101tri ies\u016bcas \u0101d\u0101, neatst\u0101jot taukainu atlikumu vai smaguma saj\u016btu. P\u0113c lieto\u0161anas \u0101da ir maiga un elast\u012bga.<\/p>","protected":false},"excerpt":{"rendered":"<p>\u0160\u012b formula ir atjaunin\u0101ta ar smar\u017eu, kas nesatur alerg\u0113nus, m\u016bsdien\u012bgu iepakojumu un gludu, kr\u0113m\u012bgu tekst\u016bru. Hidroliz\u0113ta kolag\u0113na koncentr\u0101cija ir palielin\u0101ta no 63,65% l\u012bdz 65,38%, un tagad formula ir p\u0101rbaud\u012bta EWG Green, lai nodro\u0161in\u0101tu dro\u0161\u0101kas un dab\u012bg\u0101kas sast\u0101vda\u013cas.<\/p>\n<p>\u0160is mitrino\u0161ais kolag\u0113na kr\u0113ms ir bag\u0101tin\u0101ts ar Etude House superkolag\u0113nu un tokoferolu, kas nodro\u0161ina \u0101das mitrin\u0101\u0161anu, un E vitam\u012bnu, kas nodro\u0161ina \u0101das mitrin\u0101\u0161anu vair\u0101k nek\u0101 12 stundas p\u0113c uzkl\u0101\u0161anas un \u0101das atjauno\u0161anas funkciju. T\u0101 \u017eelejveida tekst\u016bra padara \u0161o mitrino\u0161o kr\u0113mu par labu izv\u0113li sausai un jaukta tipa \u0101dai. Turkl\u0101t mazs daudzums ir \u013coti noder\u012bgs, un tas \u0101tri ies\u016bcas \u0101d\u0101, neatst\u0101jot taukainu atlikumu vai smaguma saj\u016btu. P\u0113c lieto\u0161anas \u0101da ir maiga un elast\u012bga.<\/p>","protected":false},"featured_media":9095,"template":"","meta":{"om_disable_all_campaigns":false,"_monsterinsights_skip_tracking":false,"_monsterinsights_sitenote_active":false,"_monsterinsights_sitenote_note":"","_monsterinsights_sitenote_category":0},"product_cat":[15,71],"product_tag":[],"aioseo_notices":[],"_links":{"self":[{"href":"https:\/\/softskinshop.net\/lv\/wp-json\/wp\/v2\/product\/9094"}],"collection":[{"href":"https:\/\/softskinshop.net\/lv\/wp-json\/wp\/v2\/product"}],"about":[{"href":"https:\/\/softskinshop.net\/lv\/wp-json\/wp\/v2\/types\/product"}],"wp:featuredmedia":[{"embeddable":true,"href":"https:\/\/softskinshop.net\/lv\/wp-json\/wp\/v2\/media\/9095"}],"wp:attachment":[{"href":"https:\/\/softskinshop.net\/lv\/wp-json\/wp\/v2\/media?parent=9094"}],"wp:term":[{"taxonomy":"product_cat","embeddable":true,"href":"https:\/\/softskinshop.net\/lv\/wp-json\/wp\/v2\/product_cat?post=9094"},{"taxonomy":"product_tag","embeddable":true,"href":"https:\/\/softskinshop.net\/lv\/wp-json\/wp\/v2\/product_tag?post=9094"}],"curies":[{"name":"wp","href":"https:\/\/api.w.org\/{rel}","templated":true}]}}