{"id":9089,"date":"2024-12-20T09:17:29","date_gmt":"2024-12-20T09:17:29","guid":{"rendered":"https:\/\/softskinshop.net\/?post_type=product&#038;p=9089"},"modified":"2025-09-26T09:56:29","modified_gmt":"2025-09-26T09:56:29","slug":"cell-renew-liposome-cream","status":"publish","type":"product","link":"https:\/\/softskinshop.net\/lv\/shop\/all-products\/cell-renew-liposome-cream\/","title":{"rendered":"Cell Renew liposomu kr\u0113ms"},"content":{"rendered":"<p>Atjaunojiet \u0101du ar\u00a0<strong>FABYOU Cell Renew liposomu kr\u0113ms<\/strong>, revol\u016bcija \u0101das noveco\u0161an\u0101s nov\u0113r\u0161an\u0101. \u0160is kr\u0113ms, kas papildin\u0101ts ar modernu liposomu tehnolo\u0123iju un \u0113tiski ieg\u016bt\u0101m cilmes \u0161\u016bn\u0101m, veicina dzi\u013cu re\u0123ener\u0101ciju, palielina kolag\u0113na daudzumu un uzlabo elast\u012bbu, samazinot smalk\u0101s grumbi\u0146as un pie\u0161\u0137irot jaun\u012bbas mirdzumu. Kr\u0113ma tekst\u016bra nav taukaina, nodro\u0161ina ilgsto\u0161u mitrin\u0101\u0161anu un aizsardz\u012bbu pret vides ietekmi, t\u0101p\u0113c tas ir ide\u0101li piem\u0113rots visiem \u0101das tipiem. Dro\u0161a kop\u0161ana bez kairin\u0101juma vesel\u012bgai, atjaunotai \u0101dai.<\/p>\n<p><strong>REVOLUCION\u0100RS \u0100DAS ATJAUNO\u0160ANAS KR\u0112MS<\/strong><br \/>\n\u0160is kr\u0113ms, kas bag\u0101tin\u0101ts ar modernu liposomu tehnolo\u0123iju un \u0113tiski ieg\u016bt\u0101m cilmes \u0161\u016bn\u0101m, veicina dzi\u013cu \u0101das re\u0123ener\u0101ciju, stiprina \u0101das barjeru un saglab\u0101 mitrumu, lai sejas \u0101da k\u013c\u016btu jaunekl\u012bga un starojo\u0161a.<\/p>\n<p><strong>PRETNOVECO\u0160AN\u0100S UN \u0160\u016aNU ATJAUNO\u0160ANAS IEDARB\u012aBA<\/strong><br \/>\nAr cilmes \u0161\u016bnu aug\u0161anas faktoriem un olbaltumviel\u0101m bag\u0101tin\u0101ts l\u012bdzeklis atjauno \u0101du, palielina kolag\u0113na daudzumu un nov\u0113r\u0161 s\u012bk\u0101s l\u012bnijas un grumbas, atjaunojot \u0101das tvirtumu un elast\u012bbu.<\/p>\n<p><strong>DZI\u013bA MITRIN\u0100\u0160ANA UN AIZSARGBARJERAS AIZSARDZ\u012aBA<\/strong><br \/>\nLiposomu pieg\u0101des sist\u0113ma blo\u0137\u0113 mitrin\u0101\u0161anu, nov\u0113r\u0161 mitruma zudumu un aizsarg\u0101 pret vides faktoriem, nodro\u0161inot ilgsto\u0161u mitrin\u0101\u0161anu.<\/p>\n<p><strong>NEMAZG\u0100JAMA APDARE<\/strong><br \/>\nIzbaudiet greznu, nemazg\u0101jamu tekst\u016bru, kas \u0101tri ies\u016bcas, padarot \u0101du maigu, gludu un barotu.<\/p>\n<p><strong>16 BEZMAKSAS FORMUL\u0112JUMS<\/strong><br \/>\nNesatur 16 kait\u012bgas sast\u0101vda\u013cas, tostarp sint\u0113tisk\u0101s kr\u0101svielas un etanolu, kas nodro\u0161ina dro\u0161u, kairin\u0101jumu nesaturo\u0161u kop\u0161anu visiem \u0101das tipiem.<\/p>\n<p><strong>\u0112TISKI IEG\u016aTAS CILMES \u0160\u016aNAS<\/strong><br \/>\nIzstr\u0101d\u0101ts ar cilv\u0113ka taukaudu cilmes \u0161\u016bn\u0101m dro\u0161ai, nekontrol\u0113jamai \u0101das re\u0123ener\u0101cijai.<\/p>","protected":false},"excerpt":{"rendered":"<p>Atjaunojiet \u0101du ar\u00a0<strong>FABYOU Cell Renew liposomu kr\u0113ms<\/strong>, revol\u016bcija \u0101das noveco\u0161an\u0101s nov\u0113r\u0161an\u0101. \u0160is kr\u0113ms, kas papildin\u0101ts ar modernu liposomu tehnolo\u0123iju un \u0113tiski ieg\u016bt\u0101m cilmes \u0161\u016bn\u0101m, veicina dzi\u013cu re\u0123ener\u0101ciju, palielina kolag\u0113na daudzumu un uzlabo elast\u012bbu, samazinot smalk\u0101s grumbi\u0146as un pie\u0161\u0137irot jaun\u012bbas mirdzumu. Kr\u0113ma tekst\u016bra nav taukaina, nodro\u0161ina ilgsto\u0161u mitrin\u0101\u0161anu un aizsardz\u012bbu pret vides ietekmi, t\u0101p\u0113c tas ir ide\u0101li piem\u0113rots visiem \u0101das tipiem. Dro\u0161a kop\u0161ana bez kairin\u0101juma vesel\u012bgai, atjaunotai \u0101dai.<\/p>\n<p><strong>REVOLUCION\u0100RS \u0100DAS ATJAUNO\u0160ANAS KR\u0112MS<\/strong><br \/>\n\u0160is kr\u0113ms, kas bag\u0101tin\u0101ts ar modernu liposomu tehnolo\u0123iju un \u0113tiski ieg\u016bt\u0101m cilmes \u0161\u016bn\u0101m, veicina dzi\u013cu \u0101das re\u0123ener\u0101ciju, stiprina \u0101das barjeru un saglab\u0101 mitrumu, lai sejas \u0101da k\u013c\u016btu jaunekl\u012bga un starojo\u0161a.<\/p>\n<p><strong>PRETNOVECO\u0160AN\u0100S UN \u0160\u016aNU ATJAUNO\u0160ANAS IEDARB\u012aBA<\/strong><br \/>\nAr cilmes \u0161\u016bnu aug\u0161anas faktoriem un olbaltumviel\u0101m bag\u0101tin\u0101ts l\u012bdzeklis atjauno \u0101du, palielina kolag\u0113na daudzumu un nov\u0113r\u0161 s\u012bk\u0101s l\u012bnijas un grumbas, atjaunojot \u0101das tvirtumu un elast\u012bbu.<\/p>\n<p><strong>DZI\u013bA MITRIN\u0100\u0160ANA UN AIZSARGBARJERAS AIZSARDZ\u012aBA<\/strong><br \/>\nLiposomu pieg\u0101des sist\u0113ma blo\u0137\u0113 mitrin\u0101\u0161anu, nov\u0113r\u0161 mitruma zudumu un aizsarg\u0101 pret vides faktoriem, nodro\u0161inot ilgsto\u0161u mitrin\u0101\u0161anu.<\/p>\n<p><strong>NEMAZG\u0100JAMA APDARE<\/strong><br \/>\nIzbaudiet greznu, nemazg\u0101jamu tekst\u016bru, kas \u0101tri ies\u016bcas, padarot \u0101du maigu, gludu un barotu.<\/p>\n<p><strong>16 BEZMAKSAS FORMUL\u0112JUMS<\/strong><br \/>\nNesatur 16 kait\u012bgas sast\u0101vda\u013cas, tostarp sint\u0113tisk\u0101s kr\u0101svielas un etanolu, kas nodro\u0161ina dro\u0161u, kairin\u0101jumu nesaturo\u0161u kop\u0161anu visiem \u0101das tipiem.<\/p>\n<p><strong>\u0112TISKI IEG\u016aTAS CILMES \u0160\u016aNAS<\/strong><br \/>\nIzstr\u0101d\u0101ts ar cilv\u0113ka taukaudu cilmes \u0161\u016bn\u0101m dro\u0161ai, nekontrol\u0113jamai \u0101das re\u0123ener\u0101cijai.<\/p>\n<p>Sast\u0101vda\u013cas:<br \/>\n\u016adens, glicer\u012bns, dipropil\u0113nglikols, butil\u0113nglikols, hidrogen\u0113ts polidecens, ciklopentasiloks\u0101ns, cetila etilheksano\u0101ts, kaprilic\/kapric triglicer\u012bds, cetearila alkohols, cikloheksasiloks\u0101ns, 1,2-heks\u0101ndiols, beta\u012bns, niacinam\u012bds, glicerilstear\u0101ts, makad\u0101mijas ternifolia s\u0113klu e\u013c\u013ca, mikrokrist\u0101liskais vasks, bi\u0161u vasks, Butyrospermum Parkii (Shea) sviests, sint\u0113tiskais vasks, karbom\u0113rs, ksant\u0101na sve\u0137i, n\u0101trija poliakril\u0101ts, sklerocija sve\u0137i, hidrogen\u0113tais lecit\u012bns, PEG-100 stear\u0101ts, palmit\u012bnsk\u0101be, stear\u012bnsk\u0101be, PEG-40 stear\u0101ts, sorbit\u0101na stear\u0101ts, dimetikons, adenoz\u012bns, cilv\u0113ka adipozes strom\u0101lo \u0161\u016bnu kondicion\u0113t\u0101 barotne (500ppm), keram\u012bds NP, polisorb\u0101ts 80, propandiols, retinols, Camellia Sinensis lapu ekstrakts, hialuronsk\u0101be, poligliceril-10 laur\u0101ts, palmitoil pentapept\u012bds-4, palmitoil tripept\u012bds-1, heksapept\u012bds-9, acetilheksapept\u012bds-8, tripept\u012bds-1, vara tripept\u012bds-1, liz\u012bns, argin\u012bns, asparag\u012bnsk\u0101be, treon\u012bns, ser\u012bns, glutam\u012bnsk\u0101be, prol\u012bns, glic\u012bns, alan\u012bns, val\u012bns, metion\u012bns, izoleic\u012bns, leic\u012bns, tiroz\u012bns, fenilalan\u012bns, histid\u012bns, ciste\u012bns, triptof\u0101ns, asparag\u012bns, glutam\u012bns, Centella Asiatica Callus Extracellular Vesicles, Cynanchum Atratum ekstrakts, trometam\u012bns, kaprilglikols, etilheksilglicer\u012bns, n\u0101trija fit\u0101ts, smar\u017evielas.<\/p>","protected":false},"featured_media":9091,"template":"","meta":{"om_disable_all_campaigns":false,"_monsterinsights_skip_tracking":false,"_monsterinsights_sitenote_active":false,"_monsterinsights_sitenote_note":"","_monsterinsights_sitenote_category":0},"product_cat":[15,71],"product_tag":[],"aioseo_notices":[],"_links":{"self":[{"href":"https:\/\/softskinshop.net\/lv\/wp-json\/wp\/v2\/product\/9089"}],"collection":[{"href":"https:\/\/softskinshop.net\/lv\/wp-json\/wp\/v2\/product"}],"about":[{"href":"https:\/\/softskinshop.net\/lv\/wp-json\/wp\/v2\/types\/product"}],"wp:featuredmedia":[{"embeddable":true,"href":"https:\/\/softskinshop.net\/lv\/wp-json\/wp\/v2\/media\/9091"}],"wp:attachment":[{"href":"https:\/\/softskinshop.net\/lv\/wp-json\/wp\/v2\/media?parent=9089"}],"wp:term":[{"taxonomy":"product_cat","embeddable":true,"href":"https:\/\/softskinshop.net\/lv\/wp-json\/wp\/v2\/product_cat?post=9089"},{"taxonomy":"product_tag","embeddable":true,"href":"https:\/\/softskinshop.net\/lv\/wp-json\/wp\/v2\/product_tag?post=9089"}],"curies":[{"name":"wp","href":"https:\/\/api.w.org\/{rel}","templated":true}]}}