{"id":9082,"date":"2024-11-03T12:58:39","date_gmt":"2024-11-03T12:58:39","guid":{"rendered":"https:\/\/softskinshop.net\/?post_type=product&#038;p=9082"},"modified":"2025-05-23T14:37:32","modified_gmt":"2025-05-23T14:37:32","slug":"retinol-peptide-youthful-cream-30ml","status":"publish","type":"product","link":"https:\/\/softskinshop.net\/lv\/shop\/all-products\/retinol-peptide-youthful-cream-30ml\/","title":{"rendered":"Retinola pept\u012bdu jaunino\u0161ais kr\u0113ms 30ml"},"content":{"rendered":"<p>Ide\u0101ls nostiprino\u0161s un liftinga l\u012bdzeklis \"viss vien\u0101\", kas atdz\u012bvina \u0101du no iek\u0161puses.<br \/>\n1. Elast\u012bba*Antinoveco\u0161an\u0101s \u0101das stiprin\u0101t\u0101js Dubult\u0101 kop\u0161ana ar retinolu + pept\u012bdiem, lai uzlabotu \u0101das mitrumu un tvirtumu.<br \/>\n2. Normaliz\u0113 epidermas atjauno\u0161anos, aktiviz\u0113 \u0101das re\u0123ener\u0101ciju un mazina \u0101das probl\u0113mas.<br \/>\n3. Sast\u0101vda\u013cas, kas veicina \u0161\u016bnu darb\u012bbu, 6 veidu pept\u012bdi un aminosk\u0101bes.<br \/>\n4. Dzi\u013c\u0101 absorbcija ar mikroemulsijas da\u013ci\u0146\u0101m.<\/p>","protected":false},"excerpt":{"rendered":"<p>Ide\u0101ls nostiprino\u0161s un liftinga l\u012bdzeklis \"viss vien\u0101\", kas atdz\u012bvina \u0101du no iek\u0161puses.<br \/>\n1. Elast\u012bba*Antinoveco\u0161an\u0101s \u0101das stiprin\u0101t\u0101js Dubult\u0101 kop\u0161ana ar retinolu + pept\u012bdiem, lai uzlabotu \u0101das mitrumu un tvirtumu.<br \/>\n2. Normaliz\u0113 epidermas atjauno\u0161anos, aktiviz\u0113 \u0101das re\u0123ener\u0101ciju un mazina \u0101das probl\u0113mas.<br \/>\n3. Sast\u0101vda\u013cas, kas veicina \u0161\u016bnu darb\u012bbu, 6 veidu pept\u012bdi un aminosk\u0101bes.<br \/>\n4. Dzi\u013c\u0101 absorbcija ar mikroemulsijas da\u013ci\u0146\u0101m.<\/p>\n<p>Sast\u0101vda\u013cas:<br \/>\n\u016adens, glicer\u012bns, dipentaeritr\u012btilheksa C5-9 sk\u0101bes esteri, dipropil\u0113nglikols, kaprilic\/kapric triglicer\u012bds, C14-22 spirti, niac\u012bnam\u012bds, metilglikols-20, cetearilspirts, vinildimetikons, Butyrospermum Parkii (Shea) sviests, butil\u0113nglikols, C12-20 alkilglikoz\u012bds, bi\u0161u vasks, palmit\u012bnsk\u0101be, stear\u012bnsk\u0101be, propandiols, retinols (500Iu), Camellia Sinensis lapu ekstrakts, hialuronsk\u0101be, pantenols, keram\u012bds NP, hidrogen\u0113ts lecit\u012bns, poligliceril-10 laur\u0101ts, palmitoilpentapept\u012bds-4 (0.15Ppb), palmitoiltripept\u012bds-1 (0,15Ppb), heksapept\u012bds-9 (0,125Ppb), acetilheksapept\u012bds-8 (0,1Ppb), tripept\u012bds-1 (0,05Ppb), vara tripept\u012bds-1 (0,05Ppb), vara tripept\u012bds-1 (0.025Ppb), liz\u012bns, argin\u012bns, asparag\u012bnsk\u0101be, treon\u012bns, ser\u012bns, glutam\u012bnsk\u0101be, prol\u012bns, glic\u012bns, alan\u012bns, val\u012bns, metion\u012bns, izoleic\u012bns, leic\u012bns, tiroz\u012bns, fenilalan\u012bns, histid\u012bns, ciste\u012bns, triptof\u0101ns, asparag\u012bns, glutam\u012bns, Cynanchum Atratum ekstrakts, hidroliz\u0113ts elast\u012bns, Melia Azadirachta lapu ekstrakts, Melia Azadirachta ziedu ekstrakts, Curcuma Longa (kurkuma) saknes ekstrakts, Ocimum Sanctum lapu ekstrakts, Corallina Officinalis ekstrakts, etilheksila oliv\u0101ts, n\u0101trija akril\u0101tu kopolim\u0113rs, poligliceril-4 ole\u0101ts, polisorb\u0101ts 80, sklerocija sve\u0137i, ksant\u0101na sve\u0137i, adenoz\u012bns, citronsk\u0101be, Illicium Verum (an\u012bsa) aug\u013cu ekstrakts, kaprilglikols, 1,2-heksandiols, n\u0101trija fit\u0101ts, smar\u017evielas<\/p>","protected":false},"featured_media":9083,"template":"","meta":{"om_disable_all_campaigns":false,"_monsterinsights_skip_tracking":false,"_monsterinsights_sitenote_active":false,"_monsterinsights_sitenote_note":"","_monsterinsights_sitenote_category":0},"product_cat":[15,71],"product_tag":[],"aioseo_notices":[],"_links":{"self":[{"href":"https:\/\/softskinshop.net\/lv\/wp-json\/wp\/v2\/product\/9082"}],"collection":[{"href":"https:\/\/softskinshop.net\/lv\/wp-json\/wp\/v2\/product"}],"about":[{"href":"https:\/\/softskinshop.net\/lv\/wp-json\/wp\/v2\/types\/product"}],"wp:featuredmedia":[{"embeddable":true,"href":"https:\/\/softskinshop.net\/lv\/wp-json\/wp\/v2\/media\/9083"}],"wp:attachment":[{"href":"https:\/\/softskinshop.net\/lv\/wp-json\/wp\/v2\/media?parent=9082"}],"wp:term":[{"taxonomy":"product_cat","embeddable":true,"href":"https:\/\/softskinshop.net\/lv\/wp-json\/wp\/v2\/product_cat?post=9082"},{"taxonomy":"product_tag","embeddable":true,"href":"https:\/\/softskinshop.net\/lv\/wp-json\/wp\/v2\/product_tag?post=9082"}],"curies":[{"name":"wp","href":"https:\/\/api.w.org\/{rel}","templated":true}]}}