{"id":9078,"date":"2024-11-02T17:13:40","date_gmt":"2024-11-02T17:13:40","guid":{"rendered":"https:\/\/softskinshop.net\/?post_type=product&#038;p=9078"},"modified":"2025-05-23T15:18:22","modified_gmt":"2025-05-23T15:18:22","slug":"vt-cica-reedle-shot-700-essence-30ml","status":"publish","type":"product","link":"https:\/\/softskinshop.net\/lv\/shop\/all-products\/vt-cica-reedle-shot-700-essence-30ml\/","title":{"rendered":"VT Cica Reedle Shot 700 esence (30ml)"},"content":{"rendered":"<p>VT Cica Reedle Shot Essence ir intens\u012bva \u0101das kop\u0161anas proced\u016bra, kas satur Cica Reedle.<b>\u2122<\/b>\u00a0kas ir nelielas, 14x maz\u0101kas par por\u0101m, lai stimul\u0113tu un atv\u0113rtu absorbcijas ce\u013cus \u0101d\u0101. T\u0101d\u0113j\u0101di tiek uzlabota akt\u012bvo sast\u0101vda\u013cu uzs\u016bk\u0161an\u0101s un efektivit\u0101te. Vienlaikus tas ar\u012b p\u012blingo \u0101du, lai atkl\u0101tu gai\u0161\u0101ku, glud\u0101ku un pilnveidotu \u0101du. Pa\u0161as Cica Reedles darbojas ar\u012b k\u0101 Cica sast\u0101vda\u013cu pieg\u0101des sist\u0113ma, kas sp\u0113c\u012bgi nomierina, mitrina un stiprina \u0101das barjeru no iek\u0161ienes, vienlaikus paverot ce\u013cu citu akt\u012bvo sast\u0101vda\u013cu uzs\u016bk\u0161an\u0101s iesp\u0113j\u0101m. Esence satur ar\u012b Cica Hyalon<b>\u2122\u00a0<\/b>uz Ja esat izm\u0113\u0123in\u0101ju\u0161i citus produktus un \u0101das kop\u0161anas proced\u016bras, bet rezult\u0101ti nav apmierino\u0161i, izm\u0113\u0123iniet Cica Reedle Shot l\u012bniju un p\u0101rliecinieties par rezult\u0101tiem!<\/p>\n<p>\u0160\u012b VT Cica Reedle Shot 700 esence satur 570 000 mikro Cica Reedles \u0161\u0101vienu.<b>\u2122<\/b>\u00a0un j\u0101lieto ik p\u0113c 7 dien\u0101m.<\/p>\n<p>VT Cica Reedle Shot Essence ir iztur\u0113jusi test\u0113\u0161anu attiec\u012bb\u0101 uz jut\u012bgu \u0101du un \u0101das kairin\u0101jumu, ta\u010du j\u0101\u0146em v\u0113r\u0101, ka var rasties viegla tirp\u0161anas saj\u016bta.<\/p>","protected":false},"excerpt":{"rendered":"<p>VT Cica Reedle Shot Essence ir intens\u012bva \u0101das kop\u0161anas proced\u016bra, kas satur Cica Reedle.<b>\u2122<\/b>\u00a0kas ir nelielas, 14x maz\u0101kas par por\u0101m, lai stimul\u0113tu un atv\u0113rtu absorbcijas ce\u013cus \u0101d\u0101. T\u0101d\u0113j\u0101di tiek uzlabota akt\u012bvo sast\u0101vda\u013cu uzs\u016bk\u0161an\u0101s un efektivit\u0101te. Vienlaikus tas ar\u012b p\u012blingo \u0101du, lai atkl\u0101tu gai\u0161\u0101ku, glud\u0101ku un pilnveidotu \u0101du. Pa\u0161as Cica Reedles darbojas ar\u012b k\u0101 Cica sast\u0101vda\u013cu pieg\u0101des sist\u0113ma, kas sp\u0113c\u012bgi nomierina, mitrina un stiprina \u0101das barjeru no iek\u0161ienes, vienlaikus paverot ce\u013cu citu akt\u012bvo sast\u0101vda\u013cu uzs\u016bk\u0161an\u0101s iesp\u0113j\u0101m. Esence satur ar\u012b Cica Hyalon<b>\u2122\u00a0<\/b>uz Ja esat izm\u0113\u0123in\u0101ju\u0161i citus produktus un \u0101das kop\u0161anas proced\u016bras, bet rezult\u0101ti nav apmierino\u0161i, izm\u0113\u0123iniet Cica Reedle Shot l\u012bniju un p\u0101rliecinieties par rezult\u0101tiem!<\/p>\n<p>\u0160\u012b VT Cica Reedle Shot 700 esence satur 570 000 mikro Cica Reedles \u0161\u0101vienu.<b>\u2122<\/b>\u00a0un j\u0101lieto ik p\u0113c 7 dien\u0101m.<\/p>\n<p>VT Cica Reedle Shot Essence ir iztur\u0113jusi test\u0113\u0161anu attiec\u012bb\u0101 uz jut\u012bgu \u0101du un \u0101das kairin\u0101jumu, ta\u010du j\u0101\u0146em v\u0113r\u0101, ka var rasties viegla tirp\u0161anas saj\u016bta.<\/p>\n<p>Sast\u0101vda\u013cas:<br \/>\nAtt\u012br\u012bts \u016bdens, glicer\u012bns, propandiols, metilprop\u0101ndiols, kaprilic\/kapric triglicer\u012bds, butil\u0113nglikols, pentaeritriltetraetilheksano\u0101ts, cetila etilheksano\u0101ts, glicer\u012bns-26, Butyrospermum Parkii sviests, makad\u0101mijas ternifolia s\u0113klu e\u013c\u013ca, niac\u012bnam\u012bds, hidroliz\u0113ta s\u016bk\u013ca, poligliceril-3-metilglikozes distear\u0101ts, cetearilspirts, stear\u012bnsk\u0101be, 1,2heksandiols, C12-16 spirti, n\u0101trija akril\u0101ta\/n\u0101trija akriloildimetiltaur\u0101ta kopolim\u0113rs, poliizobut\u0113ns, hidrogen\u0113tais lecit\u012bns, palmit\u012bnsk\u0101be, argin\u012bns, cetearilglikoz\u012bds, karbom\u0113rs, etilheksilglicer\u012bns, kaprilglicer\u012bns, kaprilglikols, asijas centellas ekstrakts, adenoz\u012bns, kaprilglikoz\u012bds\/kaprilglikoz\u012bds, sorbit\u0101na ole\u0101ts, tokoferilacet\u0101ts, din\u0101trija EDTA, n\u0101trija hialuron\u0101ts, akril\u0101ta\/C10-30 alkilakril\u0101ta krospolim\u0113rs, glikoze, propolisa ekstrakts, asiacos\u012bds, Hidroliz\u0113ts elast\u012bns, madekazos\u012bds, madekazi\u0137sk\u0101be, azi\u0101tisk\u0101 sk\u0101be, glic\u012bns, ser\u012bns, glutam\u012bnsk\u0101be, asparag\u012bnsk\u0101be, leic\u012bns, alan\u012bns, liz\u012bns, tiroz\u012bns, fenilalan\u012bns, treon\u012bns, prol\u012bns, val\u012bns, izoleic\u012bns, keram\u012bds NP, histid\u012bns, metion\u012bns, ciste\u012bns, glikofosfingolip\u012bdi.<\/p>","protected":false},"featured_media":9079,"template":"","meta":{"om_disable_all_campaigns":false,"_monsterinsights_skip_tracking":false,"_monsterinsights_sitenote_active":false,"_monsterinsights_sitenote_note":"","_monsterinsights_sitenote_category":0},"product_cat":[15,71],"product_tag":[],"aioseo_notices":[],"_links":{"self":[{"href":"https:\/\/softskinshop.net\/lv\/wp-json\/wp\/v2\/product\/9078"}],"collection":[{"href":"https:\/\/softskinshop.net\/lv\/wp-json\/wp\/v2\/product"}],"about":[{"href":"https:\/\/softskinshop.net\/lv\/wp-json\/wp\/v2\/types\/product"}],"wp:featuredmedia":[{"embeddable":true,"href":"https:\/\/softskinshop.net\/lv\/wp-json\/wp\/v2\/media\/9079"}],"wp:attachment":[{"href":"https:\/\/softskinshop.net\/lv\/wp-json\/wp\/v2\/media?parent=9078"}],"wp:term":[{"taxonomy":"product_cat","embeddable":true,"href":"https:\/\/softskinshop.net\/lv\/wp-json\/wp\/v2\/product_cat?post=9078"},{"taxonomy":"product_tag","embeddable":true,"href":"https:\/\/softskinshop.net\/lv\/wp-json\/wp\/v2\/product_tag?post=9078"}],"curies":[{"name":"wp","href":"https:\/\/api.w.org\/{rel}","templated":true}]}}