{"id":9075,"date":"2024-09-19T13:42:58","date_gmt":"2024-09-19T13:42:58","guid":{"rendered":"https:\/\/softskinshop.net\/?post_type=product&#038;p=9075"},"modified":"2025-09-03T13:58:59","modified_gmt":"2025-09-03T13:58:59","slug":"cica-moisture-essence-mask","status":"publish","type":"product","link":"https:\/\/softskinshop.net\/lv\/shop\/all-products\/cica-moisture-essence-mask\/","title":{"rendered":"CICA MITRUMA ESENCES MASKA"},"content":{"rendered":"<p>Auduma maskai ar Centella ekstraktu ir pretiekaisuma, br\u016b\u010du dziedino\u0161a, mitrino\u0161a un atjaunojo\u0161a iedarb\u012bba. Maska uzreiz nomierina sakairin\u0101tu un jut\u012bgu \u0101du. Mazina niezi, iekaisumu, nov\u0113r\u0161 aps\u0101rtumu un pal\u012bdz tikt gal\u0101 ar lob\u012b\u0161anos. Maska ir bag\u0101t\u012bgi pies\u0101tin\u0101ta ar augsti koncentr\u0113tu esenci uz \u0100zijas centellas ekstrakta b\u0101zes, atjauno un pa\u0101trina re\u0123ener\u0101cijas procesus. P\u0113c iesp\u0113jas \u012bs\u0101k\u0101 laik\u0101 t\u0101 dzied\u0113 un uzlabo problem\u0101tiskas un jut\u012bgas \u0101das izskatu.<\/p>\n<p>Intens\u012bvi mitrina \u0101du, atjauno t\u0101s tvirtumu un elast\u012bbu, uzlabo t\u0101s st\u0101vokli, bag\u0101tina to ar vitam\u012bniem un mikroelementiem, stimul\u0113 revitaliz\u0101cijas procesus, neitraliz\u0113 br\u012bvos radik\u0101\u013cus un pal\u0113nina ar vecumu saist\u012bt\u0101s izmai\u0146as.<\/p>","protected":false},"excerpt":{"rendered":"<p>Auduma maskai ar Centella ekstraktu ir pretiekaisuma, br\u016b\u010du dziedino\u0161a, mitrino\u0161a un atjaunojo\u0161a iedarb\u012bba. Maska uzreiz nomierina sakairin\u0101tu un jut\u012bgu \u0101du. Mazina niezi, iekaisumu, nov\u0113r\u0161 aps\u0101rtumu un pal\u012bdz tikt gal\u0101 ar lob\u012b\u0161anos. Maska ir bag\u0101t\u012bgi pies\u0101tin\u0101ta ar augsti koncentr\u0113tu esenci uz \u0100zijas centellas ekstrakta b\u0101zes, atjauno un pa\u0101trina re\u0123ener\u0101cijas procesus. P\u0113c iesp\u0113jas \u012bs\u0101k\u0101 laik\u0101 t\u0101 dzied\u0113 un uzlabo problem\u0101tiskas un jut\u012bgas \u0101das izskatu.<\/p>\n<p>Intens\u012bvi mitrina \u0101du, atjauno t\u0101s tvirtumu un elast\u012bbu, uzlabo t\u0101s st\u0101vokli, bag\u0101tina to ar vitam\u012bniem un mikroelementiem, stimul\u0113 revitaliz\u0101cijas procesus, neitraliz\u0113 br\u012bvos radik\u0101\u013cus un pal\u0113nina ar vecumu saist\u012bt\u0101s izmai\u0146as.<\/p>\n<p>Sast\u0101vda\u013cas:<br \/>\n\u016adens, glicer\u012bns, fenoksietanols, karbom\u0113rs, argin\u012bns, ksant\u0101na sve\u0137i, butil\u0113nglikols, PEG-60 hidrogen\u0113ta r\u012bcine\u013c\u013ca, din\u0101trija EDTA, pantenols, alanto\u012bns, beta\u012bns, azi\u0101tisk\u0101s centellas ekstrakts (2, 900 pb), asiatikoz\u012bds, madekazos\u012bds, 1,2-heksandiols, madekazsk\u0101be, n\u0101trija hialuron\u0101ts, azi\u0101tisk\u0101 sk\u0101be, heksilcinamols, smar\u017evielas.<\/p>","protected":false},"featured_media":9076,"template":"","meta":{"om_disable_all_campaigns":false,"_monsterinsights_skip_tracking":false,"_monsterinsights_sitenote_active":false,"_monsterinsights_sitenote_note":"","_monsterinsights_sitenote_category":0},"product_cat":[15,71,70],"product_tag":[],"aioseo_notices":[],"_links":{"self":[{"href":"https:\/\/softskinshop.net\/lv\/wp-json\/wp\/v2\/product\/9075"}],"collection":[{"href":"https:\/\/softskinshop.net\/lv\/wp-json\/wp\/v2\/product"}],"about":[{"href":"https:\/\/softskinshop.net\/lv\/wp-json\/wp\/v2\/types\/product"}],"wp:featuredmedia":[{"embeddable":true,"href":"https:\/\/softskinshop.net\/lv\/wp-json\/wp\/v2\/media\/9076"}],"wp:attachment":[{"href":"https:\/\/softskinshop.net\/lv\/wp-json\/wp\/v2\/media?parent=9075"}],"wp:term":[{"taxonomy":"product_cat","embeddable":true,"href":"https:\/\/softskinshop.net\/lv\/wp-json\/wp\/v2\/product_cat?post=9075"},{"taxonomy":"product_tag","embeddable":true,"href":"https:\/\/softskinshop.net\/lv\/wp-json\/wp\/v2\/product_tag?post=9075"}],"curies":[{"name":"wp","href":"https:\/\/api.w.org\/{rel}","templated":true}]}}