{"id":9073,"date":"2024-09-19T13:38:11","date_gmt":"2024-09-19T13:38:11","guid":{"rendered":"https:\/\/softskinshop.net\/?post_type=product&#038;p=9073"},"modified":"2025-09-03T14:00:18","modified_gmt":"2025-09-03T14:00:18","slug":"milk-moisture-essence-mask","status":"publish","type":"product","link":"https:\/\/softskinshop.net\/lv\/shop\/all-products\/milk-moisture-essence-mask\/","title":{"rendered":"Piena mitrino\u0161\u0101 esence maska"},"content":{"rendered":"<p>Mitrino\u0161a, izl\u012bdzino\u0161a un izgaismojo\u0161a lok\u0161\u0146u maska ar piena ekstraktu, piena prote\u012bna ekstraktu un piensk\u0101bi maigi p\u012blingo, atjauno \u0101du un samazina grumbas un noveco\u0161an\u0101s paz\u012bmes. Piena prote\u012bns palielina \u0101das mitrin\u0101\u0161anu un uzlabo \u0101das mitruma saglab\u0101\u0161anos. Piensk\u0101be izgaismo, izl\u012bdzina un izl\u012bdzina \u0101du, k\u0101 ar\u012b padara to tvirt\u0101ku. T\u0101 pal\u012bdz samazin\u0101t s\u012bk\u0101s l\u012bnijas, grumbas un tum\u0161os plankumus.<\/p>","protected":false},"excerpt":{"rendered":"<p>Mitrino\u0161a, izl\u012bdzino\u0161a un izgaismojo\u0161a lok\u0161\u0146u maska ar piena ekstraktu, piena prote\u012bna ekstraktu un piensk\u0101bi maigi p\u012blingo, atjauno \u0101du un samazina grumbas un noveco\u0161an\u0101s paz\u012bmes. Piena prote\u012bns palielina \u0101das mitrin\u0101\u0161anu un uzlabo \u0101das mitruma saglab\u0101\u0161anos. Piensk\u0101be izgaismo, izl\u012bdzina un izl\u012bdzina \u0101du, k\u0101 ar\u012b padara to tvirt\u0101ku. T\u0101 pal\u012bdz samazin\u0101t s\u012bk\u0101s l\u012bnijas, grumbas un tum\u0161os plankumus.<\/p>","protected":false},"featured_media":9074,"template":"","meta":{"om_disable_all_campaigns":false,"_monsterinsights_skip_tracking":false,"_monsterinsights_sitenote_active":false,"_monsterinsights_sitenote_note":"","_monsterinsights_sitenote_category":0},"product_cat":[15,71,70],"product_tag":[],"aioseo_notices":[],"_links":{"self":[{"href":"https:\/\/softskinshop.net\/lv\/wp-json\/wp\/v2\/product\/9073"}],"collection":[{"href":"https:\/\/softskinshop.net\/lv\/wp-json\/wp\/v2\/product"}],"about":[{"href":"https:\/\/softskinshop.net\/lv\/wp-json\/wp\/v2\/types\/product"}],"wp:featuredmedia":[{"embeddable":true,"href":"https:\/\/softskinshop.net\/lv\/wp-json\/wp\/v2\/media\/9074"}],"wp:attachment":[{"href":"https:\/\/softskinshop.net\/lv\/wp-json\/wp\/v2\/media?parent=9073"}],"wp:term":[{"taxonomy":"product_cat","embeddable":true,"href":"https:\/\/softskinshop.net\/lv\/wp-json\/wp\/v2\/product_cat?post=9073"},{"taxonomy":"product_tag","embeddable":true,"href":"https:\/\/softskinshop.net\/lv\/wp-json\/wp\/v2\/product_tag?post=9073"}],"curies":[{"name":"wp","href":"https:\/\/api.w.org\/{rel}","templated":true}]}}