{"id":9068,"date":"2024-09-19T13:29:55","date_gmt":"2024-09-19T13:29:55","guid":{"rendered":"https:\/\/softskinshop.net\/?post_type=product&#038;p=9068"},"modified":"2025-05-23T15:23:06","modified_gmt":"2025-05-23T15:23:06","slug":"red-apple-abp-silky-toner-150ml","status":"publish","type":"product","link":"https:\/\/softskinshop.net\/lv\/shop\/all-products\/red-apple-abp-silky-toner-150ml\/","title":{"rendered":"Red Apple ABP z\u012bdains toniks 150ml"},"content":{"rendered":"<p><span style=\"font-weight: 400;\">\u0160is toniks satur AHA\/BHA\/PHA, kas izl\u012bdzina \u0101das tekst\u016bru. \u0100bolu \u016bdens un da\u017e\u0101du aug\u013cu ekstrakti mitrina \u0101du un pal\u012bdz atjaunot bl\u0101vu \u0101du.<\/span><\/p>\n<p><strong>K\u0101 lietot :\u00a0<\/strong><\/p>\n<p><span style=\"font-weight: 400;\">P\u0113c att\u012br\u012b\u0161anas, k\u0101 pirmo \u0101das kop\u0161anas soli, samitriniet vates spilventi\u0146u ar toniku un ieberiet to \u0101d\u0101 vai ar\u012b uzberiet atbilsto\u0161u daudzumu uz plaukstas un uzs\u016bciet, lai ies\u016bcas.<\/span><\/p>","protected":false},"excerpt":{"rendered":"<p><span style=\"font-weight: 400;\">\u0160is toniks satur AHA\/BHA\/PHA, kas izl\u012bdzina \u0101das tekst\u016bru. \u0100bolu \u016bdens un da\u017e\u0101du aug\u013cu ekstrakti mitrina \u0101du un pal\u012bdz atjaunot bl\u0101vu \u0101du.<\/span><\/p>\n<p><strong>K\u0101 lietot :\u00a0<\/strong><\/p>\n<p><span style=\"font-weight: 400;\">P\u0113c att\u012br\u012b\u0161anas, k\u0101 pirmo \u0101das kop\u0161anas soli, samitriniet vates spilventi\u0146u ar toniku un ieberiet to \u0101d\u0101 vai ar\u012b uzberiet atbilsto\u0161u daudzumu uz plaukstas un uzs\u016bciet, lai ies\u016bcas.<\/span><\/p>","protected":false},"featured_media":9069,"template":"","meta":{"om_disable_all_campaigns":false,"_monsterinsights_skip_tracking":false,"_monsterinsights_sitenote_active":false,"_monsterinsights_sitenote_note":"","_monsterinsights_sitenote_category":0},"product_cat":[15,71],"product_tag":[],"aioseo_notices":[],"_links":{"self":[{"href":"https:\/\/softskinshop.net\/lv\/wp-json\/wp\/v2\/product\/9068"}],"collection":[{"href":"https:\/\/softskinshop.net\/lv\/wp-json\/wp\/v2\/product"}],"about":[{"href":"https:\/\/softskinshop.net\/lv\/wp-json\/wp\/v2\/types\/product"}],"wp:featuredmedia":[{"embeddable":true,"href":"https:\/\/softskinshop.net\/lv\/wp-json\/wp\/v2\/media\/9069"}],"wp:attachment":[{"href":"https:\/\/softskinshop.net\/lv\/wp-json\/wp\/v2\/media?parent=9068"}],"wp:term":[{"taxonomy":"product_cat","embeddable":true,"href":"https:\/\/softskinshop.net\/lv\/wp-json\/wp\/v2\/product_cat?post=9068"},{"taxonomy":"product_tag","embeddable":true,"href":"https:\/\/softskinshop.net\/lv\/wp-json\/wp\/v2\/product_tag?post=9068"}],"curies":[{"name":"wp","href":"https:\/\/api.w.org\/{rel}","templated":true}]}}