{"id":9064,"date":"2024-09-19T13:18:24","date_gmt":"2024-09-19T13:18:24","guid":{"rendered":"https:\/\/softskinshop.net\/?post_type=product&#038;p=9064"},"modified":"2025-08-15T12:33:26","modified_gmt":"2025-08-15T12:33:26","slug":"calamansi-vita-exfoliator-gel-120ml","status":"publish","type":"product","link":"https:\/\/softskinshop.net\/lv\/shop\/all-products\/calamansi-vita-exfoliator-gel-120ml\/","title":{"rendered":"Kalamansi Vita eksfoli\u0101cijas \u017eeleja 120ml"},"content":{"rendered":"<p>P\u012blings ar kalamansi ekstraktu ir paredz\u0113ts sejas \u0101das att\u012br\u012b\u0161anai no atmiru\u0161aj\u0101m \u0161\u016bn\u0101m. \u017deleja ar \u017eelejveida tekst\u016bru un pat\u012bkamu citrusaug\u013cu arom\u0101tu maigi un dro\u0161i noloba keratiniz\u0113t\u0101s epidermas da\u013ci\u0146as, k\u0101 rezult\u0101t\u0101 \u0101das virsma k\u013c\u016bst glud\u0101ka, m\u012bkst\u0101ka un uzlabojas sejas kr\u0101sa.<\/p>\n<p>Kalamansi ekstrakts satur 30 rei\u017eu vair\u0101k C vitam\u012bna, kas noguru\u0161ai un bl\u0101vai \u0101dai pie\u0161\u0137ir ener\u0123iju, vienm\u0113r\u012bgu un t\u012bru toni, jo tas pal\u012bdz izgaismot da\u017e\u0101das izcelsmes pigment\u0101cijas. Kalamansi ekstraktam piem\u012bt sp\u0113c\u012bgas antioksidantu \u012bpa\u0161\u012bbas, tas pal\u012bdz \u0101dai atbr\u012bvoties no toks\u012bniem, kas izraisa priek\u0161laic\u012bgu noveco\u0161anos. Hespird\u012bns (akt\u012bv\u0101 aug\u013cu sast\u0101vda\u013ca) efekt\u012bvi nomierina iekaisu\u0161o un iekaisu\u0161o \u0101du, mazina jut\u012bgas \u0101das aler\u0123isk\u0101s izpausmes, nov\u0113r\u0161 aps\u0101rtumu, k\u0101 ar\u012b iedarbojas mitrino\u0161i un nomierino\u0161i.<\/p>","protected":false},"excerpt":{"rendered":"<p>P\u012blings ar kalamansi ekstraktu ir paredz\u0113ts sejas \u0101das att\u012br\u012b\u0161anai no atmiru\u0161aj\u0101m \u0161\u016bn\u0101m. \u017deleja ar \u017eelejveida tekst\u016bru un pat\u012bkamu citrusaug\u013cu arom\u0101tu maigi un dro\u0161i noloba keratiniz\u0113t\u0101s epidermas da\u013ci\u0146as, k\u0101 rezult\u0101t\u0101 \u0101das virsma k\u013c\u016bst glud\u0101ka, m\u012bkst\u0101ka un uzlabojas sejas kr\u0101sa.<\/p>\n<p>Kalamansi ekstrakts satur 30 rei\u017eu vair\u0101k C vitam\u012bna, kas noguru\u0161ai un bl\u0101vai \u0101dai pie\u0161\u0137ir ener\u0123iju, vienm\u0113r\u012bgu un t\u012bru toni, jo tas pal\u012bdz izgaismot da\u017e\u0101das izcelsmes pigment\u0101cijas. Kalamansi ekstraktam piem\u012bt sp\u0113c\u012bgas antioksidantu \u012bpa\u0161\u012bbas, tas pal\u012bdz \u0101dai atbr\u012bvoties no toks\u012bniem, kas izraisa priek\u0161laic\u012bgu noveco\u0161anos. Hespird\u012bns (akt\u012bv\u0101 aug\u013cu sast\u0101vda\u013ca) efekt\u012bvi nomierina iekaisu\u0161o un iekaisu\u0161o \u0101du, mazina jut\u012bgas \u0101das aler\u0123isk\u0101s izpausmes, nov\u0113r\u0161 aps\u0101rtumu, k\u0101 ar\u012b iedarbojas mitrino\u0161i un nomierino\u0161i.<\/p>\n<p>Sast\u0101vda\u013cas:<br \/>\n\u016adens, palmit\u012bnsk\u0101be, glicer\u012bns, glicer\u012bns, stear\u012bnsk\u0101be, laur\u012bnsk\u0101be, k\u0101lija hidroks\u012bds, mirist\u012bnsk\u0101be, PEG-90, glikola distear\u0101ts, n\u0101trija laureta sulf\u0101ts, kokam\u012bds DEA, Citrofortunella Microcarpa aug\u013cu ekstrakts, glicerilstear\u0101ts, PEG-100 stear\u0101ts, \u0113ze\u013ca e\u013c\u013ca, beta\u012bns, butil\u0113nglikols, alanto\u012bns, din\u0101trija EDTA, Nymphaea Alba ziedu ekstrakts, bisabolols, dipropil\u0113nglikols, Centella Asiatica ekstrakts, 1,2-heksandiols, Polygonum Cuspidatum saknes ekstrakts, Scutellaria Baicalensis saknes ekstrakts, Camellia Sinensis lapu ekstrakts, Chamomilla Recutita (Matricaria) ekstrakts, Prunus Serrulata ziedu ekstrakts, n\u0101trija hialuron\u0101ts, Glycyrrhiza Glabra (lakrica) sak\u0146u ekstrakts, Rosmarinus Officinalis (rozmar\u012bns) lapu ekstrakts, Chamomilla Recutita (Matricaria) ziedu ekstrakts, magnija askorbilfosf\u0101ts, piridoks\u012bna hcl, retinilpalmit\u0101ts, Arachis Hypogaea (zemesriekstu) e\u013c\u013ca, tokoferols, kokamidopropilbeta\u012bns, n\u0101trija hlor\u012bds, fenoksietanols, smar\u017evielas.<\/p>","protected":false},"featured_media":9065,"template":"","meta":{"om_disable_all_campaigns":false,"_monsterinsights_skip_tracking":false,"_monsterinsights_sitenote_active":false,"_monsterinsights_sitenote_note":"","_monsterinsights_sitenote_category":0},"product_cat":[15,71],"product_tag":[],"aioseo_notices":[],"_links":{"self":[{"href":"https:\/\/softskinshop.net\/lv\/wp-json\/wp\/v2\/product\/9064"}],"collection":[{"href":"https:\/\/softskinshop.net\/lv\/wp-json\/wp\/v2\/product"}],"about":[{"href":"https:\/\/softskinshop.net\/lv\/wp-json\/wp\/v2\/types\/product"}],"wp:featuredmedia":[{"embeddable":true,"href":"https:\/\/softskinshop.net\/lv\/wp-json\/wp\/v2\/media\/9065"}],"wp:attachment":[{"href":"https:\/\/softskinshop.net\/lv\/wp-json\/wp\/v2\/media?parent=9064"}],"wp:term":[{"taxonomy":"product_cat","embeddable":true,"href":"https:\/\/softskinshop.net\/lv\/wp-json\/wp\/v2\/product_cat?post=9064"},{"taxonomy":"product_tag","embeddable":true,"href":"https:\/\/softskinshop.net\/lv\/wp-json\/wp\/v2\/product_tag?post=9064"}],"curies":[{"name":"wp","href":"https:\/\/api.w.org\/{rel}","templated":true}]}}