{"id":7725,"date":"2024-06-01T14:22:27","date_gmt":"2024-06-01T14:22:27","guid":{"rendered":"https:\/\/softskinshop.net\/?post_type=product&#038;p=7725"},"modified":"2025-05-23T15:24:39","modified_gmt":"2025-05-23T15:24:39","slug":"vt-reedle-shot-100","status":"publish","type":"product","link":"https:\/\/softskinshop.net\/lv\/shop\/all-products\/vt-reedle-shot-100\/","title":{"rendered":"VT REEDLE SHOT 100"},"content":{"rendered":"<p>VT Reedle Shot sast\u0101v no sast\u0101vda\u013c\u0101m, kas ir maz\u0101kas par por\u0101m un ies\u016bcas \u0101d\u0101. 99% t\u012braj\u0101m mikro\u0161\u013cirdzi\u0146u veida sast\u0101vda\u013c\u0101m pievienojot Centella Asiatica sast\u0101vda\u013cas, tas paver ce\u013cu uzs\u016bk\u0161an\u0101s procesam, k\u0101 ar\u012b tam ir sp\u0113c\u012bgs nomierino\u0161s efekts.<\/p>\n<ul>\n<li>Centella Asiatica ekstrakts, tr\u012bsk\u0101r\u0161\u0101 hialuronsk\u0101be, Centella 4X komplekss un za\u013c\u0101 propolisa ekstrakts, kas pal\u012bdz nomierin\u0101t, nodro\u0161in\u0101t mitrumu un stiprin\u0101t mitrin\u0101\u0161anu.<\/li>\n<li>AMINO-ACIDU KOMPLEKSS, kas pal\u012bdz mitrin\u0101t un aizsarg\u0101t \u0101das barjeru.<\/li>\n<li>Zemmolekul\u0101r\u0101 hialuronsk\u0101be, kas pal\u012bdz mitrin\u0101t un stiprin\u0101t mitruma barjeru.<\/li>\n<\/ul>\n<p><em>L\u016bdzu, \u0146emiet v\u0113r\u0101: produktam ir dabiska un unik\u0101la tirp\u0161anas saj\u016bta, kas rodas bar\u012bbas vielu uzs\u016bk\u0161an\u0101s proces\u0101; ieteicams piel\u0101got lieto\u0161anas daudzumu un bie\u017eumu atbilsto\u0161i individu\u0101lajiem apst\u0101k\u013ciem; lab\u0101k to mas\u0113t, nevis berz\u0113t.<\/em><\/p>\n<p>(izm\u0113rs 50 ml)<\/p>\n<p><strong>K\u0101 lietot<\/strong><\/p>\n<p>Veicot \u0101das kop\u0161anu vakar\u0101, uz t\u012bras sejas uzberiet piem\u0113rotu daudzumu un ar pirkstiem maigi uzkl\u0101jiet. Nelietojiet kop\u0101 ar cit\u0101m akt\u012bvaj\u0101m viel\u0101m. S\u0101ciet ar 1-2 reizes ned\u0113\u013c\u0101.<\/p>","protected":false},"excerpt":{"rendered":"<p>VT Reedle Shot sast\u0101v no sast\u0101vda\u013c\u0101m, kas ir maz\u0101kas par por\u0101m un ies\u016bcas \u0101d\u0101. 99% t\u012braj\u0101m mikro\u0161\u013cirdzi\u0146u veida sast\u0101vda\u013c\u0101m pievienojot Centella Asiatica sast\u0101vda\u013cas, tas paver ce\u013cu uzs\u016bk\u0161an\u0101s procesam, k\u0101 ar\u012b tam ir sp\u0113c\u012bgs nomierino\u0161s efekts.<\/p>\n<ul>\n<li>Centella Asiatica ekstrakts, tr\u012bsk\u0101r\u0161\u0101 hialuronsk\u0101be, Centella 4X komplekss un za\u013c\u0101 propolisa ekstrakts, kas pal\u012bdz nomierin\u0101t, nodro\u0161in\u0101t mitrumu un stiprin\u0101t mitrin\u0101\u0161anu.<\/li>\n<li>AMINO-ACIDU KOMPLEKSS, kas pal\u012bdz mitrin\u0101t un aizsarg\u0101t \u0101das barjeru.<\/li>\n<li>Zemmolekul\u0101r\u0101 hialuronsk\u0101be, kas pal\u012bdz mitrin\u0101t un stiprin\u0101t mitruma barjeru.<\/li>\n<\/ul>\n<p><em>L\u016bdzu, \u0146emiet v\u0113r\u0101: produktam ir dabiska un unik\u0101la tirp\u0161anas saj\u016bta, kas rodas bar\u012bbas vielu uzs\u016bk\u0161an\u0101s proces\u0101; ieteicams piel\u0101got lieto\u0161anas daudzumu un bie\u017eumu atbilsto\u0161i individu\u0101lajiem apst\u0101k\u013ciem; lab\u0101k to mas\u0113t, nevis berz\u0113t.<\/em><\/p>\n<p>(izm\u0113rs 50 ml)<\/p>\n<p><strong>K\u0101 lietot<\/strong><\/p>\n<p>Veicot \u0101das kop\u0161anu vakar\u0101, uz t\u012bras sejas uzberiet piem\u0113rotu daudzumu un ar pirkstiem maigi uzkl\u0101jiet. Nelietojiet kop\u0101 ar cit\u0101m akt\u012bvaj\u0101m viel\u0101m. S\u0101ciet ar 1-2 reizes ned\u0113\u013c\u0101.<\/p>\n<p>Sast\u0101vda\u013cas:<br \/>\nAtt\u012br\u012bts \u016bdens, dipropil\u0113nglikols, glicer\u012bns, niac\u012bnam\u012bds, butil\u0113nglikols, makad\u0101mijas s\u0113klu e\u013c\u013ca, 1,2-heksandiols, etilheksilpalmit\u0101ts, n\u0101trija akril\u0101ta\/n\u0101trija akriloildimetiltaur\u0101ta kopolim\u0113rs, poliizobut\u0113ns, hidroliz\u0113ts s\u016bklis, glicer\u012bns-26, etilheksilglicer\u012bns, kaprilglikols, adenoz\u012bns, n\u0101trija poliakril\u0101ts, n\u0101trija hialuron\u0101ts, Centella Asiatica ekstrakts, kaprilkaprilglikoz\u012bds, sorbit\u0101na ole\u0101ts, ksant\u0101na sve\u0137i, propolisa ekstrakts, asiacos\u012bds, madekaksos\u012bds, madekakssk\u0101be, asiatisk\u0101 sk\u0101be, glic\u012bns, ser\u012bns, glutam\u012bnsk\u0101be, asparag\u012bnsk\u0101be, leic\u012bns, alan\u012bns, liz\u012bns, argin\u012bns, tiroz\u012bns, fenilalan\u012bns, treon\u012bns, prol\u012bns, val\u012bns, izoleic\u012bns, histid\u012bns, metion\u012bns, ciste\u012bns.<\/p>","protected":false},"featured_media":7726,"template":"","meta":{"om_disable_all_campaigns":false,"_monsterinsights_skip_tracking":false,"_monsterinsights_sitenote_active":false,"_monsterinsights_sitenote_note":"","_monsterinsights_sitenote_category":0},"product_cat":[15,71],"product_tag":[],"aioseo_notices":[],"_links":{"self":[{"href":"https:\/\/softskinshop.net\/lv\/wp-json\/wp\/v2\/product\/7725"}],"collection":[{"href":"https:\/\/softskinshop.net\/lv\/wp-json\/wp\/v2\/product"}],"about":[{"href":"https:\/\/softskinshop.net\/lv\/wp-json\/wp\/v2\/types\/product"}],"wp:featuredmedia":[{"embeddable":true,"href":"https:\/\/softskinshop.net\/lv\/wp-json\/wp\/v2\/media\/7726"}],"wp:attachment":[{"href":"https:\/\/softskinshop.net\/lv\/wp-json\/wp\/v2\/media?parent=7725"}],"wp:term":[{"taxonomy":"product_cat","embeddable":true,"href":"https:\/\/softskinshop.net\/lv\/wp-json\/wp\/v2\/product_cat?post=7725"},{"taxonomy":"product_tag","embeddable":true,"href":"https:\/\/softskinshop.net\/lv\/wp-json\/wp\/v2\/product_tag?post=7725"}],"curies":[{"name":"wp","href":"https:\/\/api.w.org\/{rel}","templated":true}]}}