{"id":7720,"date":"2024-06-01T12:53:31","date_gmt":"2024-06-01T12:53:31","guid":{"rendered":"https:\/\/softskinshop.net\/?post_type=product&#038;p=7720"},"modified":"2026-05-08T12:24:55","modified_gmt":"2026-05-08T12:24:55","slug":"ceramide-cica-cleansing-foam","status":"publish","type":"product","link":"https:\/\/softskinshop.net\/lv\/shop\/all-products\/ceramide-cica-cleansing-foam\/","title":{"rendered":"Ceramide Cica att\u012bro\u0161\u0101s putas"},"content":{"rendered":"<p><strong>Eyenlip Ceramide Cica att\u012bro\u0161\u0101s putas\u00a0<\/strong>- Sejas att\u012bro\u0161\u0101s putas ar centellu, nomierina un atjauno \u0101du, nov\u0113r\u0161 kairin\u0101jumu. Nodro\u0161ina maigu \u0101das att\u012br\u012b\u0161anu, tai ir kr\u0113mveida tekst\u016bra, un, saskaroties ar \u016bdeni, t\u0101 veido bag\u0101t\u012bgas putas. Piem\u0113rots visiem \u0101das tipiem. Var lietot ar\u012b gr\u016btniec\u012bbas un z\u012bd\u012b\u0161anas laik\u0101.<\/p>\n<p>&nbsp;<\/p>\n<p><strong>Galven\u0101s akt\u012bv\u0101s sast\u0101vda\u013cas:<\/strong><\/p>\n<p><strong>NP keram\u012bdi<\/strong>\u00a0dzi\u013ci mitrina \u0101du, stimul\u0113 re\u0123ener\u0101cijas procesus, atjauno hidrolip\u012bdu l\u012bdzsvaru, nov\u0113r\u0161 mitruma iztvaiko\u0161anu starp \u0101das \u0161\u016bn\u0101m, aizsarg\u0101 \u0101du no kait\u012bgiem \u0101r\u0113jiem faktoriem, palielina \u0101das elast\u012bbu, nov\u0113r\u0161 priek\u0161laic\u012bgu noveco\u0161anos, palielina \u0101das vitalit\u0101ti.<br \/>\n<strong>Centella Asiatica ekstrakts un madekasos\u012bds<\/strong>\u00a0tiem piem\u012bt pretiekaisuma un nomierino\u0161as \u012bpa\u0161\u012bbas, tie izgaismo \u0101du, efekt\u012bvi atjauno boj\u0101tu un kairin\u0101tu \u0101du.<\/p>\n<p>&nbsp;<\/p>\n<p><strong>Ieguvumi:<\/strong><\/p>\n<p>- maiga \u0101das att\u012br\u012b\u0161ana<\/p>\n<p>- dzi\u013ca mitrin\u0101\u0161ana<\/p>\n<p>- re\u0123ener\u0101cijas stimul\u0113\u0161ana<\/p>\n<p>- hidrolip\u012bdu l\u012bdzsvara atjauno\u0161ana<\/p>\n<p>- nov\u0113r\u0161 mitruma iztvaiko\u0161anu starp \u0101das \u0161\u016bn\u0101m.<\/p>\n<p>- \u0101das aizsardz\u012bba pret kait\u012bgiem \u0101r\u0113jiem faktoriem<\/p>\n<p>- palielina \u0101das elast\u012bbu<\/p>\n<p>- priek\u0161laic\u012bgas noveco\u0161an\u0101s profilakse<\/p>\n<p>- palielina \u0101das vitalit\u0101ti<\/p>\n<p>- pretiekaisuma un nomierino\u0161as \u012bpa\u0161\u012bbas<\/p>\n<p>- \u0101das spilgtums<\/p>","protected":false},"excerpt":{"rendered":"<p><strong>Eyenlip Ceramide Cica att\u012bro\u0161\u0101s putas\u00a0<\/strong>- Sejas att\u012bro\u0161\u0101s putas ar centellu, nomierina un atjauno \u0101du, nov\u0113r\u0161 kairin\u0101jumu. Nodro\u0161ina maigu \u0101das att\u012br\u012b\u0161anu, tai ir kr\u0113mveida tekst\u016bra, un, saskaroties ar \u016bdeni, t\u0101 veido bag\u0101t\u012bgas putas. Piem\u0113rots visiem \u0101das tipiem. Var lietot ar\u012b gr\u016btniec\u012bbas un z\u012bd\u012b\u0161anas laik\u0101.<\/p>\n<p>&nbsp;<\/p>\n<p><strong>Galven\u0101s akt\u012bv\u0101s sast\u0101vda\u013cas:<\/strong><\/p>\n<p><strong>NP keram\u012bdi<\/strong>\u00a0dzi\u013ci mitrina \u0101du, stimul\u0113 re\u0123ener\u0101cijas procesus, atjauno hidrolip\u012bdu l\u012bdzsvaru, nov\u0113r\u0161 mitruma iztvaiko\u0161anu starp \u0101das \u0161\u016bn\u0101m, aizsarg\u0101 \u0101du no kait\u012bgiem \u0101r\u0113jiem faktoriem, palielina \u0101das elast\u012bbu, nov\u0113r\u0161 priek\u0161laic\u012bgu noveco\u0161anos, palielina \u0101das vitalit\u0101ti.<br \/>\n<strong>Centella Asiatica ekstrakts un madekasos\u012bds<\/strong>\u00a0tiem piem\u012bt pretiekaisuma un nomierino\u0161as \u012bpa\u0161\u012bbas, tie izgaismo \u0101du, efekt\u012bvi atjauno boj\u0101tu un kairin\u0101tu \u0101du.<\/p>\n<p>&nbsp;<\/p>\n<p><strong>Ieguvumi:<\/strong><\/p>\n<p>- maiga \u0101das att\u012br\u012b\u0161ana<\/p>\n<p>- dzi\u013ca mitrin\u0101\u0161ana<\/p>\n<p>- re\u0123ener\u0101cijas stimul\u0113\u0161ana<\/p>\n<p>- hidrolip\u012bdu l\u012bdzsvara atjauno\u0161ana<\/p>\n<p>- nov\u0113r\u0161 mitruma iztvaiko\u0161anu starp \u0101das \u0161\u016bn\u0101m.<\/p>\n<p>- \u0101das aizsardz\u012bba pret kait\u012bgiem \u0101r\u0113jiem faktoriem<\/p>\n<p>- palielina \u0101das elast\u012bbu<\/p>\n<p>- priek\u0161laic\u012bgas noveco\u0161an\u0101s profilakse<\/p>\n<p>- palielina \u0101das vitalit\u0101ti<\/p>\n<p>- pretiekaisuma un nomierino\u0161as \u012bpa\u0161\u012bbas<\/p>\n<p>- \u0101das spilgtums<\/p>\n<p>Sast\u0101vda\u013cas<br \/>\n\u016adens, stear\u012bnsk\u0101be, mirist\u012bnsk\u0101be, laur\u012bnsk\u0101be, k\u0101lija hidroks\u012bds, glicer\u012bns, glicer\u012bna stear\u0101ts, PEG-100 stear\u0101ts, kokamidopropilbeta\u012bns, polisorb\u0101ts 20, glikola distear\u0101ts, fenoksietanols, smar\u017evielas, Hidroksietilceluloze, metilparab\u0113ns, n\u0101trija hlor\u012bds, Centella Asiatica ekstrakts, butil\u0113nglikols, din\u0101trija EDTA, madekasos\u012bds (10ppm), oktildodekanols, hidrogen\u0113tais lecit\u012bns, keram\u012bds NP, 1,2-Heksanediols, kaprilglikols.<\/p>","protected":false},"featured_media":7721,"template":"","meta":{"om_disable_all_campaigns":false,"_monsterinsights_skip_tracking":false,"_monsterinsights_sitenote_active":false,"_monsterinsights_sitenote_note":"","_monsterinsights_sitenote_category":0},"product_cat":[15,71],"product_tag":[],"aioseo_notices":[],"_links":{"self":[{"href":"https:\/\/softskinshop.net\/lv\/wp-json\/wp\/v2\/product\/7720"}],"collection":[{"href":"https:\/\/softskinshop.net\/lv\/wp-json\/wp\/v2\/product"}],"about":[{"href":"https:\/\/softskinshop.net\/lv\/wp-json\/wp\/v2\/types\/product"}],"wp:featuredmedia":[{"embeddable":true,"href":"https:\/\/softskinshop.net\/lv\/wp-json\/wp\/v2\/media\/7721"}],"wp:attachment":[{"href":"https:\/\/softskinshop.net\/lv\/wp-json\/wp\/v2\/media?parent=7720"}],"wp:term":[{"taxonomy":"product_cat","embeddable":true,"href":"https:\/\/softskinshop.net\/lv\/wp-json\/wp\/v2\/product_cat?post=7720"},{"taxonomy":"product_tag","embeddable":true,"href":"https:\/\/softskinshop.net\/lv\/wp-json\/wp\/v2\/product_tag?post=7720"}],"curies":[{"name":"wp","href":"https:\/\/api.w.org\/{rel}","templated":true}]}}