{"id":7704,"date":"2024-04-06T09:18:25","date_gmt":"2024-04-06T09:18:25","guid":{"rendered":"https:\/\/softskinshop.net\/?post_type=product&#038;p=7704"},"modified":"2026-02-14T18:52:07","modified_gmt":"2026-02-14T18:52:07","slug":"eyenlip-moisture-essence-mask-charcoal","status":"publish","type":"product","link":"https:\/\/softskinshop.net\/lv\/shop\/all-products\/eyenlip-moisture-essence-mask-charcoal\/","title":{"rendered":"Eyenlip Moisture Essence maska ar kokogli"},"content":{"rendered":"<p>Att\u012briet un atsvaidziniet \u0101du ar koncentr\u0113tu kokogles masku. Eyenlip Charcoal Essence maskas sast\u0101v\u0101 ir sast\u0101vda\u013cas, kas pal\u012bdz izvad\u012bt no \u0101das net\u012brumus, piem\u0113ram, net\u012brumus un e\u013c\u013cu, kas katru dienu var uzkr\u0101ties uz \u0101das virsmas, padarot sejas toni bl\u0101vu. Da\u017ek\u0101rt ir nepiecie\u0161ama neliela papildu mitrin\u0101\u0161ana, lai nov\u0113rstu \u0101das iz\u017e\u016b\u0161anu un nevesel\u012bgu aug\u0161anu.<\/p>\n<p>\u0160\u012b kokogles mitrino\u0161\u0101 maska labi iedarbojas uz jut\u012bgu \u0101du un var pal\u012bdz\u0113t atjaunot \u0101das dabisko mirdzumu, att\u012brot poras, likvid\u0113jot melnos punktus un padarot seju svaigu un att\u012br\u012btu.<\/p>\n<p>Kokogles ir dabiska sast\u0101vda\u013ca, kas absorb\u0113 e\u013c\u013cas un toks\u012bnus no \u0101das. \u0160\u012bs sast\u0101vda\u013cas darbojas kop\u0101, lai j\u016bsu sejas \u0101du pies\u0101tin\u0101tu ar mitrumu, vienlaikus absorb\u0113jot net\u012brumus un detoksic\u0113jot \u0101du. Rezult\u0101ts? Spilgt\u0101ks, jaunekl\u012bg\u0101ks un izsmalcin\u0101t\u0101ks izskats, p\u0113c kura j\u016bs ikdien\u0101 izskat\u012bsieties t\u0101, it k\u0101 tikko b\u016btu izg\u0101jusi no spa!<\/p>","protected":false},"excerpt":{"rendered":"<p>Att\u012briet un atsvaidziniet \u0101du ar koncentr\u0113tu kokogles masku. Eyenlip Charcoal Essence maskas sast\u0101v\u0101 ir sast\u0101vda\u013cas, kas pal\u012bdz izvad\u012bt no \u0101das net\u012brumus, piem\u0113ram, net\u012brumus un e\u013c\u013cu, kas katru dienu var uzkr\u0101ties uz \u0101das virsmas, padarot sejas toni bl\u0101vu. Da\u017ek\u0101rt ir nepiecie\u0161ama neliela papildu mitrin\u0101\u0161ana, lai nov\u0113rstu \u0101das iz\u017e\u016b\u0161anu un nevesel\u012bgu aug\u0161anu.<\/p>\n<p>\u0160\u012b kokogles mitrino\u0161\u0101 maska labi iedarbojas uz jut\u012bgu \u0101du un var pal\u012bdz\u0113t atjaunot \u0101das dabisko mirdzumu, att\u012brot poras, likvid\u0113jot melnos punktus un padarot seju svaigu un att\u012br\u012btu.<\/p>\n<p>Kokogles ir dabiska sast\u0101vda\u013ca, kas absorb\u0113 e\u013c\u013cas un toks\u012bnus no \u0101das. \u0160\u012bs sast\u0101vda\u013cas darbojas kop\u0101, lai j\u016bsu sejas \u0101du pies\u0101tin\u0101tu ar mitrumu, vienlaikus absorb\u0113jot net\u012brumus un detoksic\u0113jot \u0101du. Rezult\u0101ts? Spilgt\u0101ks, jaunekl\u012bg\u0101ks un izsmalcin\u0101t\u0101ks izskats, p\u0113c kura j\u016bs ikdien\u0101 izskat\u012bsieties t\u0101, it k\u0101 tikko b\u016btu izg\u0101jusi no spa!<\/p>","protected":false},"featured_media":7705,"template":"","meta":{"om_disable_all_campaigns":false,"_monsterinsights_skip_tracking":false,"_monsterinsights_sitenote_active":false,"_monsterinsights_sitenote_note":"","_monsterinsights_sitenote_category":0},"product_cat":[15,71,70],"product_tag":[],"aioseo_notices":[],"_links":{"self":[{"href":"https:\/\/softskinshop.net\/lv\/wp-json\/wp\/v2\/product\/7704"}],"collection":[{"href":"https:\/\/softskinshop.net\/lv\/wp-json\/wp\/v2\/product"}],"about":[{"href":"https:\/\/softskinshop.net\/lv\/wp-json\/wp\/v2\/types\/product"}],"wp:featuredmedia":[{"embeddable":true,"href":"https:\/\/softskinshop.net\/lv\/wp-json\/wp\/v2\/media\/7705"}],"wp:attachment":[{"href":"https:\/\/softskinshop.net\/lv\/wp-json\/wp\/v2\/media?parent=7704"}],"wp:term":[{"taxonomy":"product_cat","embeddable":true,"href":"https:\/\/softskinshop.net\/lv\/wp-json\/wp\/v2\/product_cat?post=7704"},{"taxonomy":"product_tag","embeddable":true,"href":"https:\/\/softskinshop.net\/lv\/wp-json\/wp\/v2\/product_tag?post=7704"}],"curies":[{"name":"wp","href":"https:\/\/api.w.org\/{rel}","templated":true}]}}