{"id":7700,"date":"2024-04-06T09:11:32","date_gmt":"2024-04-06T09:11:32","guid":{"rendered":"https:\/\/softskinshop.net\/?post_type=product&#038;p=7700"},"modified":"2025-08-08T13:21:24","modified_gmt":"2025-08-08T13:21:24","slug":"carenel-pomegranate-lip-night-mask-5g","status":"publish","type":"product","link":"https:\/\/softskinshop.net\/lv\/shop\/all-products\/carenel-pomegranate-lip-night-mask-5g\/","title":{"rendered":"\u0100briko\u017eu l\u016bpu nakts maska 5g"},"content":{"rendered":"<p>Kop\u0161ana:Nel Abricot l\u016bpu nakts maska 5g aizsarg\u0101 j\u016bsu l\u016bpas no iz\u017e\u016b\u0161anas un atjauno t\u0101s, kam\u0113r j\u016bs gu\u013cat. \u013boti mitrino\u0161s un barojo\u0161s sast\u0101vs saglab\u0101jas uz l\u016bp\u0101m visu nakti. Nakts mitrino\u0161a pretnoveco\u0161an\u0101s proced\u016bra. \u0160ai l\u016bpu maskai ir \u013coti v\u0101j\u0161, maigs abriko\u017eu arom\u0101ts, kas nep\u0101rsp\u012bl\u0113. \u0160\u012b nelip\u012bg\u0101 formula ir apbr\u012bnojama visu laiku un visu nakti, kas J\u016bsu l\u016bp\u0101m k\u013c\u016bs \u013coti atkar\u012bga.<\/p>","protected":false},"excerpt":{"rendered":"<p>Kop\u0161ana:Nel Abricot l\u016bpu nakts maska 5g aizsarg\u0101 j\u016bsu l\u016bpas no iz\u017e\u016b\u0161anas un atjauno t\u0101s, kam\u0113r j\u016bs gu\u013cat. \u013boti mitrino\u0161s un barojo\u0161s sast\u0101vs saglab\u0101jas uz l\u016bp\u0101m visu nakti. Nakts mitrino\u0161a pretnoveco\u0161an\u0101s proced\u016bra. \u0160ai l\u016bpu maskai ir \u013coti v\u0101j\u0161, maigs abriko\u017eu arom\u0101ts, kas nep\u0101rsp\u012bl\u0113. \u0160\u012b nelip\u012bg\u0101 formula ir apbr\u012bnojama visu laiku un visu nakti, kas J\u016bsu l\u016bp\u0101m k\u013c\u016bs \u013coti atkar\u012bga.<\/p>\n<p>Sast\u0101vda\u013cas:<br \/>\nPoliizobut\u0113ns, miner\u0101le\u013c\u013ca, petrolatums, diizostearilmal\u0101ts, bi\u0161u vasks, Euphorbia Cerifera (Candelilla) vasks, cerez\u012bns, hidrogen\u0113tais stirola\/izopr\u0113na kopolim\u0113rs, sorbit\u0101na seskviole\u0101ts, poligliceril-2 triizostear\u0101ts, smar\u017evielas, kaprilglikols, sint\u0113tiskais flourflogop\u012bts, CI 77891, CI 19140, 1,2-heksandiols, tokoferilacet\u0101ts, limon\u0113ns, CI 15850, linalools, heksilcinnamols, citronelols, CI 77861, citrals, geraniols, \u016bdens, makad\u0101mijas s\u0113klu e\u013c\u013ca, Olea Europaea (ol\u012bvu) aug\u013cu e\u013c\u013ca, Prunus Armeniaca (apriko\u017eu) kauli\u0146u e\u013c\u013ca, butil\u0113nglikols, Lavandula Angustifolia (Lavandula Angustifolia) ziedu ekstrakts, Rosa Canina ziedu ekstrakts, Chamomilla Recutita (Matricaria) ziedu ekstrakts, Paeonia Offcinalis ziedu ekstrakts, Rosa Centifolia ziedu ekstrakts, Camellia Japonica ziedu ekstrakts, Lilium Tigrinum ekstrakts, Fragaria Chiloensis (Strawberry) aug\u013cu ekstrakts, Punica Granatum aug\u013cu ekstrakts, Tricholoma Matsutake ekstrakts, Nelumbo Nucifera ziedu ekstrakts, Schizandra Chinensis aug\u013cu ekstrakts, Panax Ginseng sak\u0146u ekstrakts, Moringa Pterygosperma s\u0113klu ekstrakts.<\/p>","protected":false},"featured_media":9063,"template":"","meta":{"om_disable_all_campaigns":false,"_monsterinsights_skip_tracking":false,"_monsterinsights_sitenote_active":false,"_monsterinsights_sitenote_note":"","_monsterinsights_sitenote_category":0},"product_cat":[15,71],"product_tag":[],"aioseo_notices":[],"_links":{"self":[{"href":"https:\/\/softskinshop.net\/lv\/wp-json\/wp\/v2\/product\/7700"}],"collection":[{"href":"https:\/\/softskinshop.net\/lv\/wp-json\/wp\/v2\/product"}],"about":[{"href":"https:\/\/softskinshop.net\/lv\/wp-json\/wp\/v2\/types\/product"}],"wp:featuredmedia":[{"embeddable":true,"href":"https:\/\/softskinshop.net\/lv\/wp-json\/wp\/v2\/media\/9063"}],"wp:attachment":[{"href":"https:\/\/softskinshop.net\/lv\/wp-json\/wp\/v2\/media?parent=7700"}],"wp:term":[{"taxonomy":"product_cat","embeddable":true,"href":"https:\/\/softskinshop.net\/lv\/wp-json\/wp\/v2\/product_cat?post=7700"},{"taxonomy":"product_tag","embeddable":true,"href":"https:\/\/softskinshop.net\/lv\/wp-json\/wp\/v2\/product_tag?post=7700"}],"curies":[{"name":"wp","href":"https:\/\/api.w.org\/{rel}","templated":true}]}}