{"id":7698,"date":"2024-04-06T09:09:24","date_gmt":"2024-04-06T09:09:24","guid":{"rendered":"https:\/\/softskinshop.net\/?post_type=product&#038;p=7698"},"modified":"2025-08-08T13:21:33","modified_gmt":"2025-08-08T13:21:33","slug":"carenel-berry-lip-night-mask-5g","status":"publish","type":"product","link":"https:\/\/softskinshop.net\/lv\/shop\/all-products\/carenel-berry-lip-night-mask-5g\/","title":{"rendered":"Ogu nakts maska l\u016bp\u0101m 5g"},"content":{"rendered":"<p>Kop\u0161ana:Nel Berry Lip Night Mask 5g p\u012blings un mitrino\u0161s l\u012bdzeklis nakts laik\u0101, lai nodro\u0161in\u0101tu maigas, kuplas un sk\u016bpst\u0101mas l\u016bpas! Bag\u0101tin\u0101ta ar zeme\u0146u, makad\u0101mijas s\u0113klu, ol\u012bve\u013c\u013cas un ave\u0146u ekstraktiem, kas nodro\u0161ina piln\u012bgi dabisku l\u016bpu kop\u0161anu. L\u016bpu miega maska, kas p\u012blingo un mitrina l\u016bpas pa nakti, lai t\u0101s b\u016btu m\u012bkstas, kuplas un elast\u012bgas. Bag\u0101tin\u0101ta ar antioksidantiem bag\u0101tiem ogu ekstraktiem, makad\u0101mijas s\u0113kl\u0101m un ol\u012bve\u013c\u013cu, lai padar\u012btu l\u016bpas ro\u017eainas, gludas un stipr\u0101kas.<\/p>","protected":false},"excerpt":{"rendered":"<p>Kop\u0161ana:Nel Berry Lip Night Mask 5g p\u012blings un mitrino\u0161s l\u012bdzeklis nakts laik\u0101, lai nodro\u0161in\u0101tu maigas, kuplas un sk\u016bpst\u0101mas l\u016bpas! Bag\u0101tin\u0101ta ar zeme\u0146u, makad\u0101mijas s\u0113klu, ol\u012bve\u013c\u013cas un ave\u0146u ekstraktiem, kas nodro\u0161ina piln\u012bgi dabisku l\u016bpu kop\u0161anu. L\u016bpu miega maska, kas p\u012blingo un mitrina l\u016bpas pa nakti, lai t\u0101s b\u016btu m\u012bkstas, kuplas un elast\u012bgas. Bag\u0101tin\u0101ta ar antioksidantiem bag\u0101tiem ogu ekstraktiem, makad\u0101mijas s\u0113kl\u0101m un ol\u012bve\u013c\u013cu, lai padar\u012btu l\u016bpas ro\u017eainas, gludas un stipr\u0101kas.<\/p>\n<p>Sast\u0101vda\u013cas:<br \/>\nDiizostearilmal\u0101ts, akril\u0101tu\/C10-30 alkilakril\u0101ta krustspolim\u0113rs, petrolats, polibut\u0113ns, poligliceril-2 triizostear\u0101ts, bi\u0161u vasks, kandelillas vasks, ceres\u012bns, sorbit\u0101na seskviol\u0101ts, vizlas, tit\u0101na dioks\u012bds, tokoferilacet\u0101ts, zeme\u0146u, ave\u0146u, makad\u0101miju, ol\u012bve\u013c\u013ca, smar\u017evielas, kr\u0101sviela sarkana 202, pigmenta dzeltenais 4<\/p>","protected":false},"featured_media":7699,"template":"","meta":{"om_disable_all_campaigns":false,"_monsterinsights_skip_tracking":false,"_monsterinsights_sitenote_active":false,"_monsterinsights_sitenote_note":"","_monsterinsights_sitenote_category":0},"product_cat":[15,71],"product_tag":[],"aioseo_notices":[],"_links":{"self":[{"href":"https:\/\/softskinshop.net\/lv\/wp-json\/wp\/v2\/product\/7698"}],"collection":[{"href":"https:\/\/softskinshop.net\/lv\/wp-json\/wp\/v2\/product"}],"about":[{"href":"https:\/\/softskinshop.net\/lv\/wp-json\/wp\/v2\/types\/product"}],"wp:featuredmedia":[{"embeddable":true,"href":"https:\/\/softskinshop.net\/lv\/wp-json\/wp\/v2\/media\/7699"}],"wp:attachment":[{"href":"https:\/\/softskinshop.net\/lv\/wp-json\/wp\/v2\/media?parent=7698"}],"wp:term":[{"taxonomy":"product_cat","embeddable":true,"href":"https:\/\/softskinshop.net\/lv\/wp-json\/wp\/v2\/product_cat?post=7698"},{"taxonomy":"product_tag","embeddable":true,"href":"https:\/\/softskinshop.net\/lv\/wp-json\/wp\/v2\/product_tag?post=7698"}],"curies":[{"name":"wp","href":"https:\/\/api.w.org\/{rel}","templated":true}]}}