{"id":7691,"date":"2024-04-06T08:56:17","date_gmt":"2024-04-06T08:56:17","guid":{"rendered":"https:\/\/softskinshop.net\/?post_type=product&#038;p=7691"},"modified":"2025-08-25T13:23:58","modified_gmt":"2025-08-25T13:23:58","slug":"the-retinol-0-1-cream","status":"publish","type":"product","link":"https:\/\/softskinshop.net\/lv\/shop\/all-products\/the-retinol-0-1-cream\/","title":{"rendered":"Retinola 0,1 kr\u0113ms"},"content":{"rendered":"<p>Izj\u016btiet retinola pozit\u012bvo iedarb\u012bbu.<\/p>\n<p>Port\u0101ls<strong>\u00a0Retinola 0,1 kr\u0113ms<\/strong>\u00a0l\u012bdz\u00a0<strong>Cosrx<\/strong>\u00a0uzlabo sejas toni un poras, izmantojot 0,1% retinola. Turkl\u0101t kr\u0113ms samazina pirmo grumbu, plankumu un pigment\u0101cijas plankumu ra\u0161anos. Pantenols, adenoz\u012bns un E supervitam\u012bns atbalsta A vitam\u012bna sniegto iedarb\u012bbu. Vienlaikus kr\u0113mu labi panes \u0101da, radot izsmalcin\u0101t\u0101ku un jaun\u0101ku sejas kr\u0101su.<\/p>\n<p><strong>Pieteikums:<\/strong><\/p>\n<ul>\n<li>Nelielu daudzumu uzkl\u0101jiet uz sejas, kakla un kr\u016b\u0161u zonas k\u0101 p\u0113d\u0113jo soli vakara \u0101das kop\u0161anas proced\u016br\u0101.<\/li>\n<li>L\u0113n\u0101m iek\u013caujiet to \u0101das kop\u0161anas rut\u012bn\u0101.<\/li>\n<li>Pirmo ned\u0113\u013cu lietojiet vienu reizi.<\/li>\n<li>Vair\u0101ku ned\u0113\u013cu\/m\u0113ne\u0161u laik\u0101 pak\u0101peniski palieliniet lieto\u0161anas bie\u017eumu.<\/li>\n<li>Ja rodas kairin\u0101juma paz\u012bmes, da\u017eas dienas attur\u0113ties no lieto\u0161anas.<\/li>\n<\/ul>","protected":false},"excerpt":{"rendered":"<p>Izj\u016btiet retinola pozit\u012bvo iedarb\u012bbu.<\/p>\n<p>Port\u0101ls<strong>\u00a0Retinola 0,1 kr\u0113ms<\/strong>\u00a0l\u012bdz\u00a0<strong>Cosrx<\/strong>\u00a0uzlabo sejas toni un poras, izmantojot 0,1% retinola. Turkl\u0101t kr\u0113ms samazina pirmo grumbu, plankumu un pigment\u0101cijas plankumu ra\u0161anos. Pantenols, adenoz\u012bns un E supervitam\u012bns atbalsta A vitam\u012bna sniegto iedarb\u012bbu. Vienlaikus kr\u0113mu labi panes \u0101da, radot izsmalcin\u0101t\u0101ku un jaun\u0101ku sejas kr\u0101su.<\/p>\n<p><strong>Pieteikums:<\/strong><\/p>\n<ul>\n<li>Nelielu daudzumu uzkl\u0101jiet uz sejas, kakla un kr\u016b\u0161u zonas k\u0101 p\u0113d\u0113jo soli vakara \u0101das kop\u0161anas proced\u016br\u0101.<\/li>\n<li>L\u0113n\u0101m iek\u013caujiet to \u0101das kop\u0161anas rut\u012bn\u0101.<\/li>\n<li>Pirmo ned\u0113\u013cu lietojiet vienu reizi.<\/li>\n<li>Vair\u0101ku ned\u0113\u013cu\/m\u0113ne\u0161u laik\u0101 pak\u0101peniski palieliniet lieto\u0161anas bie\u017eumu.<\/li>\n<li>Ja rodas kairin\u0101juma paz\u012bmes, da\u017eas dienas attur\u0113ties no lieto\u0161anas.<\/li>\n<\/ul>\n<p>Sast\u0101vda\u013cas: \u016adens\/Aqua\/Eau, Kaprilic\/Capric triglicer\u012bds, propandiols, glicer\u012bns, tokoferila acet\u0101ts, cetearila alkohols, trehaloze, pantenols, Butyrospermum Parkii (Shea) sviests, Glycine Soja (sojas pupi\u0146u) e\u013c\u013ca, amonija akriloildimetiltaur\u0101ta\/VP kopolim\u0113rs, dimetikons, glicerilpolimetakril\u0101ts, Helianthus Annuus (saulespu\u0137u) s\u0113klu e\u013c\u013ca, poligliceril-10 stear\u0101ts, hidrogen\u0113tais lecit\u012bns, hidroksietilakril\u0101ta\/n\u0101trija akrilindimetiltaur\u0101ta kopolim\u0113rs, karbom\u0113rs, trometam\u012bns, glicerilstear\u0101ts, polizilikons-11, n\u0101trija sulf\u012bts, tokoferols, Daucus Carota Sativa (burk\u0101nu) saknes ekstrakts, retinols, alanto\u012bns, glicerilkapril\u0101ts, Oryza Sativa (r\u012bsu) kliju vasks, tokotrienoli, stear\u012bnsk\u0101be, poligliceril-3-metilglikozes distear\u0101ts, palmit\u012bnsk\u0101be, din\u0101trija EDTA, etilheksilglicer\u012bns, adenoz\u012bns, sorbit\u0101na stear\u0101ts, Elaeis Guineensis (palmu) e\u013c\u013ca, BHT, beta-karot\u012bns, mirist\u012bnsk\u0101be, laur\u012bnsk\u0101be, askorb\u012bnsk\u0101be, Limnanthes Alba (p\u013cavas pienenes) s\u0113klu e\u013c\u013ca, 3-0-etil-askorb\u012bnsk\u0101be, glutations, n\u0101trija hialuron\u0101ts, 1,2-heksanediols, hidroliz\u0113ta hialuronsk\u0101be, n\u0101trija hialuron\u0101ta krospolim\u0113rs, hialuronsk\u0101be, n\u0101trija acetil\u0113ts hialuron\u0101ts<\/p>","protected":false},"featured_media":7692,"template":"","meta":{"om_disable_all_campaigns":false,"_monsterinsights_skip_tracking":false,"_monsterinsights_sitenote_active":false,"_monsterinsights_sitenote_note":"","_monsterinsights_sitenote_category":0},"product_cat":[15,71],"product_tag":[],"aioseo_notices":[],"_links":{"self":[{"href":"https:\/\/softskinshop.net\/lv\/wp-json\/wp\/v2\/product\/7691"}],"collection":[{"href":"https:\/\/softskinshop.net\/lv\/wp-json\/wp\/v2\/product"}],"about":[{"href":"https:\/\/softskinshop.net\/lv\/wp-json\/wp\/v2\/types\/product"}],"wp:featuredmedia":[{"embeddable":true,"href":"https:\/\/softskinshop.net\/lv\/wp-json\/wp\/v2\/media\/7692"}],"wp:attachment":[{"href":"https:\/\/softskinshop.net\/lv\/wp-json\/wp\/v2\/media?parent=7691"}],"wp:term":[{"taxonomy":"product_cat","embeddable":true,"href":"https:\/\/softskinshop.net\/lv\/wp-json\/wp\/v2\/product_cat?post=7691"},{"taxonomy":"product_tag","embeddable":true,"href":"https:\/\/softskinshop.net\/lv\/wp-json\/wp\/v2\/product_tag?post=7691"}],"curies":[{"name":"wp","href":"https:\/\/api.w.org\/{rel}","templated":true}]}}