{"id":7689,"date":"2024-04-06T08:48:32","date_gmt":"2024-04-06T08:48:32","guid":{"rendered":"https:\/\/softskinshop.net\/?post_type=product&#038;p=7689"},"modified":"2025-02-08T15:14:37","modified_gmt":"2025-02-08T15:14:37","slug":"eggplant-baking-powder-pore-scrub","status":"publish","type":"product","link":"https:\/\/softskinshop.net\/lv\/shop\/all-products\/eggplant-baking-powder-pore-scrub\/","title":{"rendered":"Bakla\u017e\u0101nu cepamais pulveris poru skrubis"},"content":{"rendered":"<p>EYENLIP Bakla\u017e\u0101nu cepamais pulveris poru skrubis maigi att\u012bra \u0101du, nov\u0113r\u0161 melnos punktus un sa\u0161aurina poras. Att\u012bra un toniz\u0113 \u0101du, p\u0101rm\u0113r\u012bgi to neiz\u017e\u0101v\u0113jot, nov\u0113r\u0161 taukainu sp\u012bdumu.<\/p>\n<ul>\n<li>44% sast\u0101v no vismaz\u0101kajiem sodas graudi\u0146iem, kas efekt\u012bvi att\u012bra poras no net\u012brumiem, maigi noloba atmiru\u0161\u0101s \u0101das da\u013ci\u0146as, stimul\u0113 \u0161\u016bnu atjauno\u0161anos, dezinfic\u0113 un dzied\u0113 sejas tonusu. Sejas skrubis iek\u013c\u016bst dzi\u013ci por\u0101s, att\u012bra t\u0101s, noloba atmiru\u0161\u0101s \u0101das \u0161\u016bnas, no\u0146em net\u012brumus un kosm\u0113tikas atliekas.<\/li>\n<li>Satur bakla\u017e\u0101nu ekstraktu, kas nomierina un mitrina \u0101du. Bakla\u017e\u0101nu ekstraktam piem\u012bt bakteric\u012bda iedarb\u012bba, tas lieliski mazina sejas \u0101das iekaisumus, balina vasaras raibumus un vecuma plankumus, atjauno \u0101du, pie\u0161\u0137ir tai gludumu, pat\u012bkamu kr\u0101su un izl\u012bdzina grumbas. Bakla\u017e\u0101ns \u012bpa\u0161i labi mitrina \u0101du.<\/li>\n<\/ul>","protected":false},"excerpt":{"rendered":"<p>EYENLIP Bakla\u017e\u0101nu cepamais pulveris poru skrubis maigi att\u012bra \u0101du, nov\u0113r\u0161 melnos punktus un sa\u0161aurina poras. Att\u012bra un toniz\u0113 \u0101du, p\u0101rm\u0113r\u012bgi to neiz\u017e\u0101v\u0113jot, nov\u0113r\u0161 taukainu sp\u012bdumu.<\/p>\n<ul>\n<li>44% sast\u0101v no vismaz\u0101kajiem sodas graudi\u0146iem, kas efekt\u012bvi att\u012bra poras no net\u012brumiem, maigi noloba atmiru\u0161\u0101s \u0101das da\u013ci\u0146as, stimul\u0113 \u0161\u016bnu atjauno\u0161anos, dezinfic\u0113 un dzied\u0113 sejas tonusu. Sejas skrubis iek\u013c\u016bst dzi\u013ci por\u0101s, att\u012bra t\u0101s, noloba atmiru\u0161\u0101s \u0101das \u0161\u016bnas, no\u0146em net\u012brumus un kosm\u0113tikas atliekas.<\/li>\n<li>Satur bakla\u017e\u0101nu ekstraktu, kas nomierina un mitrina \u0101du. Bakla\u017e\u0101nu ekstraktam piem\u012bt bakteric\u012bda iedarb\u012bba, tas lieliski mazina sejas \u0101das iekaisumus, balina vasaras raibumus un vecuma plankumus, atjauno \u0101du, pie\u0161\u0137ir tai gludumu, pat\u012bkamu kr\u0101su un izl\u012bdzina grumbas. Bakla\u017e\u0101ns \u012bpa\u0161i labi mitrina \u0101du.<\/li>\n<\/ul>","protected":false},"featured_media":7690,"template":"","meta":{"om_disable_all_campaigns":false,"_monsterinsights_skip_tracking":false,"_monsterinsights_sitenote_active":false,"_monsterinsights_sitenote_note":"","_monsterinsights_sitenote_category":0},"product_cat":[15,71],"product_tag":[],"aioseo_notices":[],"_links":{"self":[{"href":"https:\/\/softskinshop.net\/lv\/wp-json\/wp\/v2\/product\/7689"}],"collection":[{"href":"https:\/\/softskinshop.net\/lv\/wp-json\/wp\/v2\/product"}],"about":[{"href":"https:\/\/softskinshop.net\/lv\/wp-json\/wp\/v2\/types\/product"}],"wp:featuredmedia":[{"embeddable":true,"href":"https:\/\/softskinshop.net\/lv\/wp-json\/wp\/v2\/media\/7690"}],"wp:attachment":[{"href":"https:\/\/softskinshop.net\/lv\/wp-json\/wp\/v2\/media?parent=7689"}],"wp:term":[{"taxonomy":"product_cat","embeddable":true,"href":"https:\/\/softskinshop.net\/lv\/wp-json\/wp\/v2\/product_cat?post=7689"},{"taxonomy":"product_tag","embeddable":true,"href":"https:\/\/softskinshop.net\/lv\/wp-json\/wp\/v2\/product_tag?post=7689"}],"curies":[{"name":"wp","href":"https:\/\/api.w.org\/{rel}","templated":true}]}}