{"id":7687,"date":"2024-04-06T08:45:49","date_gmt":"2024-04-06T08:45:49","guid":{"rendered":"https:\/\/softskinshop.net\/?post_type=product&#038;p=7687"},"modified":"2026-05-08T12:24:33","modified_gmt":"2026-05-08T12:24:33","slug":"ceramide-rice-cleansing-foam","status":"publish","type":"product","link":"https:\/\/softskinshop.net\/lv\/shop\/all-products\/ceramide-rice-cleansing-foam\/","title":{"rendered":"Ceram\u012bdu r\u012bsu att\u012bro\u0161\u0101s putas"},"content":{"rendered":"<p>Eyenlip Ceramide Rice Cleansing Foam ir maigas att\u012bro\u0161\u0101s putas, kas intens\u012bvi mitrina, atjauno un palielina \u0101das mitrin\u0101\u0161anas l\u012bmeni. T\u0101 ekskluz\u012bvaj\u0101 formul\u0101 ir t\u0101das dab\u012bgas sast\u0101vda\u013cas k\u0101 Aspergillus\/Rice ferment\u0113tais ekstrakts, kas pal\u012bdz \u0101das kop\u0161anai, uztur \u0101du t\u012bru, att\u012brot \u0101das tekst\u016bru, un aizsarg\u0101 sebuma l\u012bdzsvaru, nodro\u0161inot vesel\u012bgu mirdzumu.<\/p>\n<p>Att\u012bro\u0161\u0101s putas maigi att\u012bra un r\u016bp\u012bgi no\u0146em visus net\u012brumus. R\u012bsu keram\u012bds pal\u012bdz \u0101dai veikt t\u0101s dabisk\u0101s att\u012br\u012b\u0161anas funkcijas un darbojas k\u0101 barjera, aizsarg\u0101jot \u0101du no \u0101r\u0113jiem boj\u0101jumiem.<\/p>\n<p>Ikdienas t\u012br\u012b\u0161ana pal\u012bdz\u0113s samazin\u0101t poras, likvid\u0113t kosm\u0113tikas atlikumus, net\u012brumus un kait\u012bg\u0101s vielas, k\u0101 ar\u012b pastiprin\u0101s \u0101das aizsardz\u012bbu. Tas viss tikai ar vienu \u017eestu! \u013boti koncentr\u0113t\u0101 formula uzlabos un l\u012bdzsvaros J\u016bsu \u0101das strukt\u016bru.<\/p>","protected":false},"excerpt":{"rendered":"<p>Eyenlip Ceramide Rice Cleansing Foam ir maigas att\u012bro\u0161\u0101s putas, kas intens\u012bvi mitrina, atjauno un palielina \u0101das mitrin\u0101\u0161anas l\u012bmeni. T\u0101 ekskluz\u012bvaj\u0101 formul\u0101 ir t\u0101das dab\u012bgas sast\u0101vda\u013cas k\u0101 Aspergillus\/Rice ferment\u0113tais ekstrakts, kas pal\u012bdz \u0101das kop\u0161anai, uztur \u0101du t\u012bru, att\u012brot \u0101das tekst\u016bru, un aizsarg\u0101 sebuma l\u012bdzsvaru, nodro\u0161inot vesel\u012bgu mirdzumu.<\/p>\n<p>Att\u012bro\u0161\u0101s putas maigi att\u012bra un r\u016bp\u012bgi no\u0146em visus net\u012brumus. R\u012bsu keram\u012bds pal\u012bdz \u0101dai veikt t\u0101s dabisk\u0101s att\u012br\u012b\u0161anas funkcijas un darbojas k\u0101 barjera, aizsarg\u0101jot \u0101du no \u0101r\u0113jiem boj\u0101jumiem.<\/p>\n<p>Ikdienas t\u012br\u012b\u0161ana pal\u012bdz\u0113s samazin\u0101t poras, likvid\u0113t kosm\u0113tikas atlikumus, net\u012brumus un kait\u012bg\u0101s vielas, k\u0101 ar\u012b pastiprin\u0101s \u0101das aizsardz\u012bbu. Tas viss tikai ar vienu \u017eestu! \u013boti koncentr\u0113t\u0101 formula uzlabos un l\u012bdzsvaros J\u016bsu \u0101das strukt\u016bru.<\/p>\n<p>Sast\u0101vda\u013cas:<br \/>\n\u016adens, stear\u012bnsk\u0101be, mirist\u012bnsk\u0101be, laur\u012bnsk\u0101be, k\u0101lija hidroks\u012bds, glicer\u012bns, glicer\u012bna stear\u0101ts, PEG-100 stear\u0101ts, kokamidopropilbeta\u012bns, polisorb\u0101ts 20, glikola distear\u0101ts, fenoksietanols, smar\u017evielas, hidroksietilceluloze, metilparab\u0113ns, n\u0101trija hlor\u012bds, laktozi, mikrokrist\u0101lisk\u0101 celuloze, din\u0101trija EDTA, hidroksipropilceluloze, oktildodekanols, Zanthoxylum Piperitum aug\u013cu ekstrakts, Pulsatilla Koreana ekstrakts, Usnea Barbata (Lichen) ekstrakts, tit\u0101na dioks\u012bds (CI 77891), Aspergillus\/Rice fermenta ekstrakts (1ppm), hidrogen\u0113tais lecit\u012bns, keram\u012bds NP, 1,2-Heksanediols, kaprilglikols.<\/p>","protected":false},"featured_media":7688,"template":"","meta":{"om_disable_all_campaigns":false,"_monsterinsights_skip_tracking":false,"_monsterinsights_sitenote_active":false,"_monsterinsights_sitenote_note":"","_monsterinsights_sitenote_category":0},"product_cat":[15,71],"product_tag":[],"aioseo_notices":[],"_links":{"self":[{"href":"https:\/\/softskinshop.net\/lv\/wp-json\/wp\/v2\/product\/7687"}],"collection":[{"href":"https:\/\/softskinshop.net\/lv\/wp-json\/wp\/v2\/product"}],"about":[{"href":"https:\/\/softskinshop.net\/lv\/wp-json\/wp\/v2\/types\/product"}],"wp:featuredmedia":[{"embeddable":true,"href":"https:\/\/softskinshop.net\/lv\/wp-json\/wp\/v2\/media\/7688"}],"wp:attachment":[{"href":"https:\/\/softskinshop.net\/lv\/wp-json\/wp\/v2\/media?parent=7687"}],"wp:term":[{"taxonomy":"product_cat","embeddable":true,"href":"https:\/\/softskinshop.net\/lv\/wp-json\/wp\/v2\/product_cat?post=7687"},{"taxonomy":"product_tag","embeddable":true,"href":"https:\/\/softskinshop.net\/lv\/wp-json\/wp\/v2\/product_tag?post=7687"}],"curies":[{"name":"wp","href":"https:\/\/api.w.org\/{rel}","templated":true}]}}