{"id":7672,"date":"2024-02-11T17:45:00","date_gmt":"2024-02-11T17:45:00","guid":{"rendered":"https:\/\/softskinshop.net\/?post_type=product&#038;p=7672"},"modified":"2025-09-25T07:22:08","modified_gmt":"2025-09-25T07:22:08","slug":"birch-juice-moisturizing-cream-80ml","status":"publish","type":"product","link":"https:\/\/softskinshop.net\/lv\/shop\/all-products\/birch-juice-moisturizing-cream-80ml\/","title":{"rendered":"Mitrino\u0161s kr\u0113ms ar b\u0113rzu sulu 80ml"},"content":{"rendered":"<p>Mitrino\u0161s kr\u0113ms ar b\u0113rzu sulu\u00a0<strong>Round Lab B\u0113rzu sulas mitrino\u0161ais kr\u0113ms<\/strong>\u00a0ir piem\u0113rots jut\u012bgai \u0101dai, nomierina kairin\u0101jumu un aps\u0101rtumu, pies\u0101tina epidermu ar mitrumu un pal\u012bdz to saglab\u0101t \u0161\u016bn\u0101s. Tam piem\u012bt bakteric\u012bda iedarb\u012bba, tas nov\u0113r\u0161 iekaisumu.<\/p>\n<p>L\u012bdzeklis uztur \u0101das lip\u012bdu barjeru, kas aizsarg\u0101 pret \u0101r\u0113jo faktoru negat\u012bvo ietekmi. Kr\u0113ms atjauno \u0101das \u016bdens l\u012bdzsvaru un pal\u012bdz ilgsto\u0161i saglab\u0101t mitrumu. Stimul\u0113 \u0161\u016bnu re\u0123ener\u0101ciju un atjauno reljefu. Izl\u012bdzina kop\u0113jo \u0101das toni, atgrie\u017e svaigu un atp\u016btu\u0161os izskatu.<\/p>\n<p>Kr\u0113ma sast\u0101v\u0101 ir mitrino\u0161as kapsulas, kas satur akt\u012bv\u0101s mitrino\u0161\u0101s sast\u0101vda\u013cas. Pateicoties \u012bpa\u0161ai tehnolo\u0123ijai, kapsulas \u0101tri iek\u013c\u016bst dzi\u013c\u0101kajos \u0101das sl\u0101\u0146os un visefekt\u012bv\u0101k mitrina epidermu.<\/p>\n<p>Kr\u0113ma galven\u0101 akt\u012bv\u0101 sast\u0101vda\u013ca ir b\u0113rzu sula. Tas ir univers\u0101ls antibakteri\u0101ls l\u012bdzeklis visiem \u0101das tipiem. Tas sp\u0113j iz\u0101rst\u0113t pinnes, p\u016bt\u012btes un normaliz\u0113t tauku dziedzeru sekr\u0113ciju. B\u0113rzu sula pie\u0161\u0137ir gludumu un mirdzumu.<\/p>\n<p><strong>Papildu akt\u012bv\u0101s sast\u0101vda\u013cas:<\/strong><\/p>\n<ul>\n<li><strong>Neema ekstrakts<\/strong>\u00a0ir viena no efekt\u012bv\u0101kaj\u0101m augu e\u013c\u013c\u0101m c\u012b\u0146\u0101 pret p\u016bt\u012bt\u0113m un p\u016bt\u012bt\u0113m. Tai piem\u012bt pretiekaisuma, re\u0123ener\u0113jo\u0161as \u012bpa\u0161\u012bbas.<\/li>\n<li><strong>Kurkuma saknes ekstrakts<\/strong>\u00a0ir sp\u0113c\u012bga antioksidanta iedarb\u012bba, labi re\u0123ener\u0113, att\u012bra un veicina \u0101das izl\u012bdzin\u0101\u0161anu un atjauno\u0161anos, normaliz\u0113 tauku dziedzeru darb\u012bbu, ir barojo\u0161a un m\u012bkstino\u0161a iedarb\u012bba, pal\u012bdz \u0101tri mazin\u0101t kairin\u0101jumu, nomierina, nomierina un tam piem\u012bt pretiekaisuma \u012bpa\u0161\u012bbas.<\/li>\n<li><strong>C vitam\u012bns<\/strong>\u00a0ir izteikta antioksidanta iedarb\u012bba, efekt\u012bvi aizsarg\u0101 pret ultraviolet\u0101 starojuma rad\u012btajiem boj\u0101jumiem, inici\u0113 sava kolag\u0113na veido\u0161anos, uzlabo \u0101das elast\u012bbu, tvirtumu un mitrumu, pal\u0113nina glik\u0101cijas procesu (kolag\u0113na \u0161\u0137iedru salip\u0161anu ar glikozi), kas izraisa agr\u012bnu \u0101das noveco\u0161anos, mazina vecuma plankumus un p\u0113p\u016bt\u012btes, izl\u012bdzina sejas kr\u0101su un pie\u0161\u0137ir vesel\u012bgu mirdzumu.<\/li>\n<\/ul>\n<p>Piem\u0113rots norm\u0101lai un sausai \u0101dai.<\/p>","protected":false},"excerpt":{"rendered":"<p>Mitrino\u0161s kr\u0113ms ar b\u0113rzu sulu\u00a0<strong>Round Lab B\u0113rzu sulas mitrino\u0161ais kr\u0113ms<\/strong>\u00a0ir piem\u0113rots jut\u012bgai \u0101dai, nomierina kairin\u0101jumu un aps\u0101rtumu, pies\u0101tina epidermu ar mitrumu un pal\u012bdz to saglab\u0101t \u0161\u016bn\u0101s. Tam piem\u012bt bakteric\u012bda iedarb\u012bba, tas nov\u0113r\u0161 iekaisumu.<\/p>\n<p>L\u012bdzeklis uztur \u0101das lip\u012bdu barjeru, kas aizsarg\u0101 pret \u0101r\u0113jo faktoru negat\u012bvo ietekmi. Kr\u0113ms atjauno \u0101das \u016bdens l\u012bdzsvaru un pal\u012bdz ilgsto\u0161i saglab\u0101t mitrumu. Stimul\u0113 \u0161\u016bnu re\u0123ener\u0101ciju un atjauno reljefu. Izl\u012bdzina kop\u0113jo \u0101das toni, atgrie\u017e svaigu un atp\u016btu\u0161os izskatu.<\/p>\n<p>Kr\u0113ma sast\u0101v\u0101 ir mitrino\u0161as kapsulas, kas satur akt\u012bv\u0101s mitrino\u0161\u0101s sast\u0101vda\u013cas. Pateicoties \u012bpa\u0161ai tehnolo\u0123ijai, kapsulas \u0101tri iek\u013c\u016bst dzi\u013c\u0101kajos \u0101das sl\u0101\u0146os un visefekt\u012bv\u0101k mitrina epidermu.<\/p>\n<p>Kr\u0113ma galven\u0101 akt\u012bv\u0101 sast\u0101vda\u013ca ir b\u0113rzu sula. Tas ir univers\u0101ls antibakteri\u0101ls l\u012bdzeklis visiem \u0101das tipiem. Tas sp\u0113j iz\u0101rst\u0113t pinnes, p\u016bt\u012btes un normaliz\u0113t tauku dziedzeru sekr\u0113ciju. B\u0113rzu sula pie\u0161\u0137ir gludumu un mirdzumu.<\/p>\n<p><strong>Papildu akt\u012bv\u0101s sast\u0101vda\u013cas:<\/strong><\/p>\n<ul>\n<li><strong>Neema ekstrakts<\/strong>\u00a0ir viena no efekt\u012bv\u0101kaj\u0101m augu e\u013c\u013c\u0101m c\u012b\u0146\u0101 pret p\u016bt\u012bt\u0113m un p\u016bt\u012bt\u0113m. Tai piem\u012bt pretiekaisuma, re\u0123ener\u0113jo\u0161as \u012bpa\u0161\u012bbas.<\/li>\n<li><strong>Kurkuma saknes ekstrakts<\/strong>\u00a0ir sp\u0113c\u012bga antioksidanta iedarb\u012bba, labi re\u0123ener\u0113, att\u012bra un veicina \u0101das izl\u012bdzin\u0101\u0161anu un atjauno\u0161anos, normaliz\u0113 tauku dziedzeru darb\u012bbu, ir barojo\u0161a un m\u012bkstino\u0161a iedarb\u012bba, pal\u012bdz \u0101tri mazin\u0101t kairin\u0101jumu, nomierina, nomierina un tam piem\u012bt pretiekaisuma \u012bpa\u0161\u012bbas.<\/li>\n<li><strong>C vitam\u012bns<\/strong>\u00a0ir izteikta antioksidanta iedarb\u012bba, efekt\u012bvi aizsarg\u0101 pret ultraviolet\u0101 starojuma rad\u012btajiem boj\u0101jumiem, inici\u0113 sava kolag\u0113na veido\u0161anos, uzlabo \u0101das elast\u012bbu, tvirtumu un mitrumu, pal\u0113nina glik\u0101cijas procesu (kolag\u0113na \u0161\u0137iedru salip\u0161anu ar glikozi), kas izraisa agr\u012bnu \u0101das noveco\u0161anos, mazina vecuma plankumus un p\u0113p\u016bt\u012btes, izl\u012bdzina sejas kr\u0101su un pie\u0161\u0137ir vesel\u012bgu mirdzumu.<\/li>\n<\/ul>\n<p>Piem\u0113rots norm\u0101lai un sausai \u0101dai.<\/p>","protected":false},"featured_media":7673,"template":"","meta":{"om_disable_all_campaigns":false,"_monsterinsights_skip_tracking":false,"_monsterinsights_sitenote_active":false,"_monsterinsights_sitenote_note":"","_monsterinsights_sitenote_category":0},"product_cat":[15,71],"product_tag":[],"aioseo_notices":[],"_links":{"self":[{"href":"https:\/\/softskinshop.net\/lv\/wp-json\/wp\/v2\/product\/7672"}],"collection":[{"href":"https:\/\/softskinshop.net\/lv\/wp-json\/wp\/v2\/product"}],"about":[{"href":"https:\/\/softskinshop.net\/lv\/wp-json\/wp\/v2\/types\/product"}],"wp:featuredmedia":[{"embeddable":true,"href":"https:\/\/softskinshop.net\/lv\/wp-json\/wp\/v2\/media\/7673"}],"wp:attachment":[{"href":"https:\/\/softskinshop.net\/lv\/wp-json\/wp\/v2\/media?parent=7672"}],"wp:term":[{"taxonomy":"product_cat","embeddable":true,"href":"https:\/\/softskinshop.net\/lv\/wp-json\/wp\/v2\/product_cat?post=7672"},{"taxonomy":"product_tag","embeddable":true,"href":"https:\/\/softskinshop.net\/lv\/wp-json\/wp\/v2\/product_tag?post=7672"}],"curies":[{"name":"wp","href":"https:\/\/api.w.org\/{rel}","templated":true}]}}