{"id":7670,"date":"2024-02-11T17:43:46","date_gmt":"2024-02-11T17:43:46","guid":{"rendered":"https:\/\/softskinshop.net\/?post_type=product&#038;p=7670"},"modified":"2026-04-09T13:04:46","modified_gmt":"2026-04-09T13:04:46","slug":"dokdo-cream-80ml","status":"publish","type":"product","link":"https:\/\/softskinshop.net\/lv\/shop\/all-products\/dokdo-cream-80ml\/","title":{"rendered":"Dokdo kr\u0113ms 80ml"},"content":{"rendered":"<p>Port\u0101ls\u00a0<strong>Apa\u013c\u0101 laboratorija<\/strong>\u00a01025 Dokdo kr\u0113ms ir bag\u0101tin\u0101ts ar j\u016bras \u016bdeni, kas ieg\u016bts no Ulleungdo salas (Dienvidkoreja), t\u0101p\u0113c tas ir bag\u0101ts ar vair\u0101k\u0101m miner\u0101lviel\u0101m, kas regul\u0113 j\u016bras \u016bdens kvalit\u0101ti.\u00a0<span class=\"Y2IQFc\" lang=\"en\">sebum\u00a0<\/span>ra\u017eo\u0161ana. Kr\u0113ma sast\u0101v\u0101 ir nomierino\u0161as sast\u0101vda\u013cas, k\u0101 ar\u012b tr\u012bs da\u017e\u0101di hialuronsk\u0101bes veidi. T\u0101p\u0113c tas ir piem\u0113rots ne tikai jut\u012bgai, bet ar\u012b sausai \u0101dai.<\/p>\n<p><strong>Sast\u0101vda\u013cas, kuras m\u0113s m\u012blam:<\/strong><\/p>\n<ul>\n<li><b>Shea sviests:\u00a0<\/b>M\u012bkstino\u0161s l\u012bdzeklis, kas intens\u012bvi mitrina \u0101du. Tam piem\u012bt re\u0123ener\u0113jo\u0161a, nomierino\u0161a iedarb\u012bba uz \u0101du, un tas ir bag\u0101ts ar antioksidantiem.<\/li>\n<li><b>Ceram\u012bdi:\u00a0<\/b>Veicina \u0101das mitruma aizsargbarjeru un palielina \u0101das mitrin\u0101\u0161anu, padarot \u0101du gludu un tvirt\u0101ku, ar maz\u0101k s\u012bk\u0101m grumbi\u0146\u0101m.<\/li>\n<li><b>Alanto\u012bns:\u00a0<\/b>Nomierino\u0161s m\u012bkstino\u0161s l\u012bdzeklis, kam piem\u012bt \u0101du m\u012bkstino\u0161as, aizsarg\u0101jo\u0161as un br\u016b\u010du dziedino\u0161as \u012bpa\u0161\u012bbas. Dabiski sastopams komfrejas aug\u0101.<\/li>\n<li><b>Pantenols:\u00a0<\/b>Provitam\u012bns ar mitrino\u0161\u0101m, mitrino\u0161\u0101m un mitrino\u0161\u0101m \u012bpa\u0161\u012bb\u0101m, kam piem\u012bt pretiekaisuma un aizsarg\u0101jo\u0161as \u012bpa\u0161\u012bbas. Pal\u012bdz nov\u0113rst kairin\u0101jumu.<\/li>\n<\/ul>","protected":false},"excerpt":{"rendered":"<p>Port\u0101ls\u00a0<strong>Apa\u013c\u0101 laboratorija<\/strong>\u00a01025 Dokdo kr\u0113ms ir bag\u0101tin\u0101ts ar j\u016bras \u016bdeni, kas ieg\u016bts no Ulleungdo salas (Dienvidkoreja), t\u0101p\u0113c tas ir bag\u0101ts ar vair\u0101k\u0101m miner\u0101lviel\u0101m, kas regul\u0113 j\u016bras \u016bdens kvalit\u0101ti.\u00a0<span class=\"Y2IQFc\" lang=\"en\">sebum\u00a0<\/span>ra\u017eo\u0161ana. Kr\u0113ma sast\u0101v\u0101 ir nomierino\u0161as sast\u0101vda\u013cas, k\u0101 ar\u012b tr\u012bs da\u017e\u0101di hialuronsk\u0101bes veidi. T\u0101p\u0113c tas ir piem\u0113rots ne tikai jut\u012bgai, bet ar\u012b sausai \u0101dai.<\/p>\n<p><strong>Sast\u0101vda\u013cas, kuras m\u0113s m\u012blam:<\/strong><\/p>\n<ul>\n<li><b>Shea sviests:\u00a0<\/b>M\u012bkstino\u0161s l\u012bdzeklis, kas intens\u012bvi mitrina \u0101du. Tam piem\u012bt re\u0123ener\u0113jo\u0161a, nomierino\u0161a iedarb\u012bba uz \u0101du, un tas ir bag\u0101ts ar antioksidantiem.<\/li>\n<li><b>Ceram\u012bdi:\u00a0<\/b>Veicina \u0101das mitruma aizsargbarjeru un palielina \u0101das mitrin\u0101\u0161anu, padarot \u0101du gludu un tvirt\u0101ku, ar maz\u0101k s\u012bk\u0101m grumbi\u0146\u0101m.<\/li>\n<li><b>Alanto\u012bns:\u00a0<\/b>Nomierino\u0161s m\u012bkstino\u0161s l\u012bdzeklis, kam piem\u012bt \u0101du m\u012bkstino\u0161as, aizsarg\u0101jo\u0161as un br\u016b\u010du dziedino\u0161as \u012bpa\u0161\u012bbas. Dabiski sastopams komfrejas aug\u0101.<\/li>\n<li><b>Pantenols:\u00a0<\/b>Provitam\u012bns ar mitrino\u0161\u0101m, mitrino\u0161\u0101m un mitrino\u0161\u0101m \u012bpa\u0161\u012bb\u0101m, kam piem\u012bt pretiekaisuma un aizsarg\u0101jo\u0161as \u012bpa\u0161\u012bbas. Pal\u012bdz nov\u0113rst kairin\u0101jumu.<\/li>\n<\/ul>\n<p>Sast\u0101vda\u013cas:<br \/>\nAtt\u012br\u012bts \u016bdens, glicer\u012bns, kaprilic\/kapric triglicer\u012bds, dipropil\u0113nglikols, hidrogen\u0113ts poli(C6-14 olef\u012bns), cetearilspirts, metiltrimetikons, 1,2-heks\u0101ndiols, kaprilmetikons, feniltrimetikons, C12-16 spirti, \u0161\u012b sviests, j\u016bras \u016bdens, \u012bru s\u016bnu ekstrakts, cukurniedru ekstrakts, hialuronsk\u0101be, hidroliz\u0113ta hialuronsk\u0101be, n\u0101trija hialuron\u0101ts, glicerila stear\u0101ts SE, keram\u012bds AP, Ceramide AS, Ceramide EOP, Ceramide NP, Ceramide NS, Polymethylsilsesquioxane, Palmitic Acid, Cetearyl Glucoside, Cetearyl Olivate, Sorbitan Olivate, Hydrogenated Lecithin, Carnauba Wax, Stearic acid, amonija akriloksidimetiltaur\u0101ta\/VP kopolim\u0113rs, etilheksilglicer\u012bns, glicer\u012bna kapril\u0101ts, alanto\u012bns, pantenols, butil\u0113nglikols, beta-glik\u0101ns, holester\u012bns, fitosfingoz\u012bns, din\u0101trija EDTA<\/p>","protected":false},"featured_media":7671,"template":"","meta":{"om_disable_all_campaigns":false,"_monsterinsights_skip_tracking":false,"_monsterinsights_sitenote_active":false,"_monsterinsights_sitenote_note":"","_monsterinsights_sitenote_category":0},"product_cat":[15,71],"product_tag":[],"aioseo_notices":[],"_links":{"self":[{"href":"https:\/\/softskinshop.net\/lv\/wp-json\/wp\/v2\/product\/7670"}],"collection":[{"href":"https:\/\/softskinshop.net\/lv\/wp-json\/wp\/v2\/product"}],"about":[{"href":"https:\/\/softskinshop.net\/lv\/wp-json\/wp\/v2\/types\/product"}],"wp:featuredmedia":[{"embeddable":true,"href":"https:\/\/softskinshop.net\/lv\/wp-json\/wp\/v2\/media\/7671"}],"wp:attachment":[{"href":"https:\/\/softskinshop.net\/lv\/wp-json\/wp\/v2\/media?parent=7670"}],"wp:term":[{"taxonomy":"product_cat","embeddable":true,"href":"https:\/\/softskinshop.net\/lv\/wp-json\/wp\/v2\/product_cat?post=7670"},{"taxonomy":"product_tag","embeddable":true,"href":"https:\/\/softskinshop.net\/lv\/wp-json\/wp\/v2\/product_tag?post=7670"}],"curies":[{"name":"wp","href":"https:\/\/api.w.org\/{rel}","templated":true}]}}