{"id":7650,"date":"2024-02-11T14:41:35","date_gmt":"2024-02-11T14:41:35","guid":{"rendered":"https:\/\/softskinshop.net\/?post_type=product&#038;p=7650"},"modified":"2025-10-11T10:38:19","modified_gmt":"2025-10-11T10:38:19","slug":"super-food-mask-blueberry","status":"publish","type":"product","link":"https:\/\/softskinshop.net\/lv\/shop\/all-products\/super-food-mask-blueberry\/","title":{"rendered":"Super p\u0101rtikas maska #Blueberry"},"content":{"rendered":"<p>Tas\u00a0<b>atdz\u012bvina, baro un nomierina.<\/b>. Turkl\u0101t formula atjauno \u0101das vitalit\u0101ti, pie\u0161\u0137irot tai ener\u0123iju un padarot \u0101du gludu un att\u012br\u012btu. Maisi\u0146\u0101 ir viena maska.<\/p>","protected":false},"excerpt":{"rendered":"<p>Tas\u00a0<b>atdz\u012bvina, baro un nomierina.<\/b>. Turkl\u0101t formula atjauno \u0101das vitalit\u0101ti, pie\u0161\u0137irot tai ener\u0123iju un padarot \u0101du gludu un att\u012br\u012btu. Maisi\u0146\u0101 ir viena maska.<\/p>\n<p>Sast\u0101vda\u013cas:<br \/>\n\u016adens, glicer\u012bns, dipropil\u0113nglikols, poligliceril-10 laur\u0101ts, dietilheksiln\u0101trija sulfosukcin\u0101ts, ksant\u0101na sve\u0137i, n\u0101trija hialuron\u0101ts, hlorfenez\u012bns, hidroksietilceluloze, butil\u0113nglikols, Vaccinium Angustifolium (melle\u0146u) aug\u013cu ekstrakts, din\u0101trija EDTA, asijas centellas ekstrakts, Polygonum Cuspidatum sak\u0146u ekstrakts, Scutellaria Baicalensis sak\u0146u ekstrakts, Camellia Sinensis lapu ekstrakts, Glycyrrhiza Glabra (lakrica) sak\u0146u ekstrakts, Chamomilla Recutita (Matricaria) ziedu ekstrakts, Rosmarinus Officinalis (rozmar\u012bns) lapu ekstrakts, Dipotassium Glycyrrhizate, fenoksietanols, smar\u017evielas.<\/p>","protected":false},"featured_media":7651,"template":"","meta":{"om_disable_all_campaigns":false,"_monsterinsights_skip_tracking":false,"_monsterinsights_sitenote_active":false,"_monsterinsights_sitenote_note":"","_monsterinsights_sitenote_category":0},"product_cat":[15,70],"product_tag":[],"aioseo_notices":[],"_links":{"self":[{"href":"https:\/\/softskinshop.net\/lv\/wp-json\/wp\/v2\/product\/7650"}],"collection":[{"href":"https:\/\/softskinshop.net\/lv\/wp-json\/wp\/v2\/product"}],"about":[{"href":"https:\/\/softskinshop.net\/lv\/wp-json\/wp\/v2\/types\/product"}],"wp:featuredmedia":[{"embeddable":true,"href":"https:\/\/softskinshop.net\/lv\/wp-json\/wp\/v2\/media\/7651"}],"wp:attachment":[{"href":"https:\/\/softskinshop.net\/lv\/wp-json\/wp\/v2\/media?parent=7650"}],"wp:term":[{"taxonomy":"product_cat","embeddable":true,"href":"https:\/\/softskinshop.net\/lv\/wp-json\/wp\/v2\/product_cat?post=7650"},{"taxonomy":"product_tag","embeddable":true,"href":"https:\/\/softskinshop.net\/lv\/wp-json\/wp\/v2\/product_tag?post=7650"}],"curies":[{"name":"wp","href":"https:\/\/api.w.org\/{rel}","templated":true}]}}