{"id":7635,"date":"2023-12-10T13:48:37","date_gmt":"2023-12-10T13:48:37","guid":{"rendered":"https:\/\/softskinshop.net\/?post_type=product&#038;p=7635"},"modified":"2026-02-14T18:48:24","modified_gmt":"2026-02-14T18:48:24","slug":"real-water-eye-zone-patch-30-sheets","status":"publish","type":"product","link":"https:\/\/softskinshop.net\/lv\/shop\/all-products\/real-water-eye-zone-patch-30-sheets\/","title":{"rendered":"\u012asta \u016bdens EYE ZONE PATCH 30 lapas"},"content":{"rendered":"<ul>\n<li>Prreti Real Water Eye Zone Patch ir intens\u012bva acu zonas mitrino\u0161a kop\u0161anas proced\u016bra.<\/li>\n<\/ul>\n<ul>\n<li>Acu zonas pl\u0101ksteris, kas satur ledus\u016bdeni, mitrina un atdz\u012bvina noguru\u0161u \u0101du.<\/li>\n<\/ul>\n<ul>\n<li>Ar \u0161iem acu pl\u0101ksteriem acu zona tiek atdz\u012bvin\u0101ta un barota. T\u0101s galven\u0101s sast\u0101vda\u013cas ir ledus \u016bdens, 8 veidu hialurons un 3 veidu piparm\u0113tras. \u0100da tiek barota, tum\u0161ie loki un grumbi\u0146as samazin\u0101s.<\/li>\n<\/ul>","protected":false},"excerpt":{"rendered":"<ul>\n<li>Prreti Real Water Eye Zone Patch ir intens\u012bva acu zonas mitrino\u0161a kop\u0161anas proced\u016bra.<\/li>\n<\/ul>\n<ul>\n<li>Acu zonas pl\u0101ksteris, kas satur ledus\u016bdeni, mitrina un atdz\u012bvina noguru\u0161u \u0101du.<\/li>\n<\/ul>\n<ul>\n<li>Ar \u0161iem acu pl\u0101ksteriem acu zona tiek atdz\u012bvin\u0101ta un barota. T\u0101s galven\u0101s sast\u0101vda\u013cas ir ledus \u016bdens, 8 veidu hialurons un 3 veidu piparm\u0113tras. \u0100da tiek barota, tum\u0161ie loki un grumbi\u0146as samazin\u0101s.<\/li>\n<\/ul>\n<p>Sast\u0101vs: A\u013caskas led\u0101ja \u016bdens (10 000ppm) , 8 veidu hialuronsk\u0101be , 3 veidu piparm\u0113tru ekstrakts.<\/p>","protected":false},"featured_media":7636,"template":"","meta":{"om_disable_all_campaigns":false,"_monsterinsights_skip_tracking":false,"_monsterinsights_sitenote_active":false,"_monsterinsights_sitenote_note":"","_monsterinsights_sitenote_category":0},"product_cat":[15,71],"product_tag":[],"aioseo_notices":[],"_links":{"self":[{"href":"https:\/\/softskinshop.net\/lv\/wp-json\/wp\/v2\/product\/7635"}],"collection":[{"href":"https:\/\/softskinshop.net\/lv\/wp-json\/wp\/v2\/product"}],"about":[{"href":"https:\/\/softskinshop.net\/lv\/wp-json\/wp\/v2\/types\/product"}],"wp:featuredmedia":[{"embeddable":true,"href":"https:\/\/softskinshop.net\/lv\/wp-json\/wp\/v2\/media\/7636"}],"wp:attachment":[{"href":"https:\/\/softskinshop.net\/lv\/wp-json\/wp\/v2\/media?parent=7635"}],"wp:term":[{"taxonomy":"product_cat","embeddable":true,"href":"https:\/\/softskinshop.net\/lv\/wp-json\/wp\/v2\/product_cat?post=7635"},{"taxonomy":"product_tag","embeddable":true,"href":"https:\/\/softskinshop.net\/lv\/wp-json\/wp\/v2\/product_tag?post=7635"}],"curies":[{"name":"wp","href":"https:\/\/api.w.org\/{rel}","templated":true}]}}