{"id":7633,"date":"2023-12-10T13:47:03","date_gmt":"2023-12-10T13:47:03","guid":{"rendered":"https:\/\/softskinshop.net\/?post_type=product&#038;p=7633"},"modified":"2026-03-15T15:47:07","modified_gmt":"2026-03-15T15:47:07","slug":"real-cica-eye-zone-patch-30sheets","status":"publish","type":"product","link":"https:\/\/softskinshop.net\/lv\/shop\/all-products\/real-cica-eye-zone-patch-30sheets\/","title":{"rendered":"Real Cica EYE ZONE PATCH 30 lapas"},"content":{"rendered":"<p>Real Cica Eye Zone Patch ir intens\u012bva proced\u016bra jut\u012bgai acu zonai. Tas ir papildin\u0101ts ar asiatisk\u0101s centellas ekstraktu, kas pal\u012bdz nomierin\u0101t un nomierin\u0101t iekaisu\u0161o \u0101du, vienlaikus nodro\u0161inot lab\u0101ku mitrin\u0101\u0161anu. Katr\u0101 iepakojum\u0101 ir 30 pl\u0101ksn\u012btes acu zonas nomierin\u0101\u0161anai un mitrin\u0101\u0161anai.<\/p>","protected":false},"excerpt":{"rendered":"<p>Real Cica Eye Zone Patch ir intens\u012bva proced\u016bra jut\u012bgai acu zonai. Tas ir papildin\u0101ts ar asiatisk\u0101s centellas ekstraktu, kas pal\u012bdz nomierin\u0101t un nomierin\u0101t iekaisu\u0161o \u0101du, vienlaikus nodro\u0161inot lab\u0101ku mitrin\u0101\u0161anu. Katr\u0101 iepakojum\u0101 ir 30 pl\u0101ksn\u012btes acu zonas nomierin\u0101\u0161anai un mitrin\u0101\u0161anai.<\/p>\n<p>Sast\u0101vda\u013cas: Sast\u0101vda\u013cas: Centella asiatica ekstrakts (50000ppm) , azi\u0101tisk\u0101 sk\u0101be , azi\u0101tisk\u0101 s\u0101nu , madekaksos\u012bds , madekakssk\u0101be.<\/p>","protected":false},"featured_media":7634,"template":"","meta":{"om_disable_all_campaigns":false,"_monsterinsights_skip_tracking":false,"_monsterinsights_sitenote_active":false,"_monsterinsights_sitenote_note":"","_monsterinsights_sitenote_category":0},"product_cat":[15,71],"product_tag":[],"aioseo_notices":[],"_links":{"self":[{"href":"https:\/\/softskinshop.net\/lv\/wp-json\/wp\/v2\/product\/7633"}],"collection":[{"href":"https:\/\/softskinshop.net\/lv\/wp-json\/wp\/v2\/product"}],"about":[{"href":"https:\/\/softskinshop.net\/lv\/wp-json\/wp\/v2\/types\/product"}],"wp:featuredmedia":[{"embeddable":true,"href":"https:\/\/softskinshop.net\/lv\/wp-json\/wp\/v2\/media\/7634"}],"wp:attachment":[{"href":"https:\/\/softskinshop.net\/lv\/wp-json\/wp\/v2\/media?parent=7633"}],"wp:term":[{"taxonomy":"product_cat","embeddable":true,"href":"https:\/\/softskinshop.net\/lv\/wp-json\/wp\/v2\/product_cat?post=7633"},{"taxonomy":"product_tag","embeddable":true,"href":"https:\/\/softskinshop.net\/lv\/wp-json\/wp\/v2\/product_tag?post=7633"}],"curies":[{"name":"wp","href":"https:\/\/api.w.org\/{rel}","templated":true}]}}