{"id":7622,"date":"2023-12-10T13:12:38","date_gmt":"2023-12-10T13:12:38","guid":{"rendered":"https:\/\/softskinshop.net\/?post_type=product&#038;p=7622"},"modified":"2025-09-25T07:23:19","modified_gmt":"2025-09-25T07:23:19","slug":"revive-eye-serum-ginseng-retinal-30m","status":"publish","type":"product","link":"https:\/\/softskinshop.net\/lv\/shop\/all-products\/revive-eye-serum-ginseng-retinal-30m\/","title":{"rendered":"Atjaunojo\u0161s acu serums : \u017ee\u0146\u0161e\u0146s + t\u012bklene 30m"},"content":{"rendered":"<p>\u017de\u0146\u0161e\u0146a un t\u012bklenes duets:\u00a0<b>M\u016bsu serums ar 10% \u017ee\u0146\u0161e\u0146a ekstraktu un 2% t\u012bklenes liposomu nodro\u0161ina sp\u0113c\u012bgu, uzticamu formulu c\u012b\u0146ai pret grumbi\u0146\u0101m un elast\u012bgas, jaun\u012bbas pilnas \u0101das veido\u0161anai.<\/b>. Dabas grumbu risin\u0101jums: \u017de\u0146\u0161e\u0146a sast\u0101v\u0101 eso\u0161ais sapon\u012bns atjauno elast\u012bbu, savuk\u0101rt retin\u0101ls strauji samazina s\u012bk\u0101s grumbi\u0146as.<\/p>","protected":false},"excerpt":{"rendered":"<p>\u017de\u0146\u0161e\u0146a un t\u012bklenes duets:\u00a0<b>M\u016bsu serums ar 10% \u017ee\u0146\u0161e\u0146a ekstraktu un 2% t\u012bklenes liposomu nodro\u0161ina sp\u0113c\u012bgu, uzticamu formulu c\u012b\u0146ai pret grumbi\u0146\u0101m un elast\u012bgas, jaun\u012bbas pilnas \u0101das veido\u0161anai.<\/b>. Dabas grumbu risin\u0101jums: \u017de\u0146\u0161e\u0146a sast\u0101v\u0101 eso\u0161ais sapon\u012bns atjauno elast\u012bbu, savuk\u0101rt retin\u0101ls strauji samazina s\u012bk\u0101s grumbi\u0146as.<\/p>","protected":false},"featured_media":7623,"template":"","meta":{"om_disable_all_campaigns":false,"_monsterinsights_skip_tracking":false,"_monsterinsights_sitenote_active":false,"_monsterinsights_sitenote_note":"","_monsterinsights_sitenote_category":0},"product_cat":[15,71],"product_tag":[],"aioseo_notices":[],"_links":{"self":[{"href":"https:\/\/softskinshop.net\/lv\/wp-json\/wp\/v2\/product\/7622"}],"collection":[{"href":"https:\/\/softskinshop.net\/lv\/wp-json\/wp\/v2\/product"}],"about":[{"href":"https:\/\/softskinshop.net\/lv\/wp-json\/wp\/v2\/types\/product"}],"wp:featuredmedia":[{"embeddable":true,"href":"https:\/\/softskinshop.net\/lv\/wp-json\/wp\/v2\/media\/7623"}],"wp:attachment":[{"href":"https:\/\/softskinshop.net\/lv\/wp-json\/wp\/v2\/media?parent=7622"}],"wp:term":[{"taxonomy":"product_cat","embeddable":true,"href":"https:\/\/softskinshop.net\/lv\/wp-json\/wp\/v2\/product_cat?post=7622"},{"taxonomy":"product_tag","embeddable":true,"href":"https:\/\/softskinshop.net\/lv\/wp-json\/wp\/v2\/product_tag?post=7622"}],"curies":[{"name":"wp","href":"https:\/\/api.w.org\/{rel}","templated":true}]}}