{"id":7619,"date":"2023-12-10T13:08:32","date_gmt":"2023-12-10T13:08:32","guid":{"rendered":"https:\/\/softskinshop.net\/?post_type=product&#038;p=7619"},"modified":"2026-03-24T18:34:56","modified_gmt":"2026-03-24T18:34:56","slug":"matte-sun-stick-mugwort-camelia","status":"publish","type":"product","link":"https:\/\/softskinshop.net\/lv\/shop\/all-products\/matte-sun-stick-mugwort-camelia\/","title":{"rendered":"Mat\u0113ts saules stienis : Mugwort + Camelia"},"content":{"rendered":"<p>Joseon Matte Sun Stick skaistums: Sloti\u0146a + kam\u0113lija ir\u00a0<b>ide\u0101ls saules stick, kas j\u0101pielieto ik p\u0113c 2-3 stund\u0101m.<\/b>. L\u012bmi\u0146a satur sebumu regul\u0113jo\u0161u sil\u012bcija dioks\u012bda pulveri, kas nodro\u0161ina mat\u0113jo\u0161u efektu bez lip\u012bguma. Artemisia capillaris un za\u013c\u0101s t\u0113jas ekstrakti nodro\u0161ina gludu, mitrin\u0101tu un koptu \u0101du.<\/p>","protected":false},"excerpt":{"rendered":"<p>Joseon Matte Sun Stick skaistums: Sloti\u0146a + kam\u0113lija ir\u00a0<b>ide\u0101ls saules stick, kas j\u0101pielieto ik p\u0113c 2-3 stund\u0101m.<\/b>. L\u012bmi\u0146a satur sebumu regul\u0113jo\u0161u sil\u012bcija dioks\u012bda pulveri, kas nodro\u0161ina mat\u0113jo\u0161u efektu bez lip\u012bguma. Artemisia capillaris un za\u013c\u0101s t\u0113jas ekstrakti nodro\u0161ina gludu, mitrin\u0101tu un koptu \u0101du.<\/p>","protected":false},"featured_media":7620,"template":"","meta":{"om_disable_all_campaigns":false,"_monsterinsights_skip_tracking":false,"_monsterinsights_sitenote_active":false,"_monsterinsights_sitenote_note":"","_monsterinsights_sitenote_category":0},"product_cat":[15,71],"product_tag":[],"aioseo_notices":[],"_links":{"self":[{"href":"https:\/\/softskinshop.net\/lv\/wp-json\/wp\/v2\/product\/7619"}],"collection":[{"href":"https:\/\/softskinshop.net\/lv\/wp-json\/wp\/v2\/product"}],"about":[{"href":"https:\/\/softskinshop.net\/lv\/wp-json\/wp\/v2\/types\/product"}],"wp:featuredmedia":[{"embeddable":true,"href":"https:\/\/softskinshop.net\/lv\/wp-json\/wp\/v2\/media\/7620"}],"wp:attachment":[{"href":"https:\/\/softskinshop.net\/lv\/wp-json\/wp\/v2\/media?parent=7619"}],"wp:term":[{"taxonomy":"product_cat","embeddable":true,"href":"https:\/\/softskinshop.net\/lv\/wp-json\/wp\/v2\/product_cat?post=7619"},{"taxonomy":"product_tag","embeddable":true,"href":"https:\/\/softskinshop.net\/lv\/wp-json\/wp\/v2\/product_tag?post=7619"}],"curies":[{"name":"wp","href":"https:\/\/api.w.org\/{rel}","templated":true}]}}