{"id":7617,"date":"2023-12-10T13:06:14","date_gmt":"2023-12-10T13:06:14","guid":{"rendered":"https:\/\/softskinshop.net\/?post_type=product&#038;p=7617"},"modified":"2026-03-09T06:42:17","modified_gmt":"2026-03-09T06:42:17","slug":"relief-sun-rice-probiotics-50ml","status":"publish","type":"product","link":"https:\/\/softskinshop.net\/lv\/shop\/all-products\/relief-sun-rice-probiotics-50ml\/","title":{"rendered":"Relief Sun : R\u012bsi + probiotikas 50ml"},"content":{"rendered":"<p>The Beauty Of Joseon Relief Sun : Rice + Probiotics SPF50+ PA++++ ir\u00a0<b>\u0137\u012bmisks saules aizsargkr\u0113ms, kas maigi uzkl\u0101j uz \u0101das un kura sast\u0101v\u0101 ir \u0101du nomierino\u0161as un balino\u0161as sast\u0101vda\u013cas.<\/b>. Tam ir sp\u0113c\u012bgs SPF50+ pla\u0161a spektra UV blo\u0137\u0113t\u0101js PA++++.<\/p>","protected":false},"excerpt":{"rendered":"<p>The Beauty Of Joseon Relief Sun : Rice + Probiotics SPF50+ PA++++ ir\u00a0<b>\u0137\u012bmisks saules aizsargkr\u0113ms, kas maigi uzkl\u0101j uz \u0101das un kura sast\u0101v\u0101 ir \u0101du nomierino\u0161as un balino\u0161as sast\u0101vda\u013cas.<\/b>. Tam ir sp\u0113c\u012bgs SPF50+ pla\u0161a spektra UV blo\u0137\u0113t\u0101js PA++++.<\/p>\n<p>Sast\u0101vda\u013cas:<br \/>\n\u016adens, Oryza Sativa (r\u012bsu) ekstrakts (30%), dibutiladip\u0101ts, propandiols, dietilaminohidroksibenzola heksilbenzola benzo\u0101ts, polimetilsilsskvioks\u0101ns, etilheksiltriazons, niac\u012bnam\u012bds, metil\u0113nbis-bis-benzotriazoliltetrametilbutilfenols, kokokapril\u0101ta\/kapr\u0101ts, Kaprilmetilmetikons, dietilheksilbutamido triazons, glicer\u012bns, butil\u0113nglikols, Oryza Sativa (r\u012bsu) d\u012bgstu ekstrakts, Camellia Sinensis lapu ekstrakts, Lactobacillus\/\u0137irbju fermentu ekstrakts, Bacillus\/sojas pupi\u0146u fermentu ekstrakts, Saccharum Officinarum (cukurniedru ekstrakts), Macrocystis Pyrifera (Kelp) ekstrakts, Cocos Nucifera (Coconut) aug\u013cu ekstrakts, Panax Ginseng sak\u0146u ekstrakts, Monascus\/Rice ferments, Pentil\u0113nglikols, Behenil Alcohol, Poly C10-30 Alkyl Acrylate, Poliglyceryl-3 Methylglucose Distearate, Decyl Glucoside, Tromethamine, Carbomer, akril\u0101tu\/C10-30 alkilakril\u0101ta krustpolim\u0113rs, 1,2-heksandiols, n\u0101trija stearoilglutam\u0101ts, poliakril\u0101ta krustpolim\u0113rs-6, etilheksilglicer\u012bns, adenoz\u012bns, ksant\u0101na sve\u0137i, tokoferols, Lactobacillus\/r\u012bsu ferments, Aspergillus ferments, Saccharomyces\/r\u012bsu ferments filtr\u0101ts<\/p>","protected":false},"featured_media":7618,"template":"","meta":{"om_disable_all_campaigns":false,"_monsterinsights_skip_tracking":false,"_monsterinsights_sitenote_active":false,"_monsterinsights_sitenote_note":"","_monsterinsights_sitenote_category":0},"product_cat":[15,71],"product_tag":[],"aioseo_notices":[],"_links":{"self":[{"href":"https:\/\/softskinshop.net\/lv\/wp-json\/wp\/v2\/product\/7617"}],"collection":[{"href":"https:\/\/softskinshop.net\/lv\/wp-json\/wp\/v2\/product"}],"about":[{"href":"https:\/\/softskinshop.net\/lv\/wp-json\/wp\/v2\/types\/product"}],"wp:featuredmedia":[{"embeddable":true,"href":"https:\/\/softskinshop.net\/lv\/wp-json\/wp\/v2\/media\/7618"}],"wp:attachment":[{"href":"https:\/\/softskinshop.net\/lv\/wp-json\/wp\/v2\/media?parent=7617"}],"wp:term":[{"taxonomy":"product_cat","embeddable":true,"href":"https:\/\/softskinshop.net\/lv\/wp-json\/wp\/v2\/product_cat?post=7617"},{"taxonomy":"product_tag","embeddable":true,"href":"https:\/\/softskinshop.net\/lv\/wp-json\/wp\/v2\/product_tag?post=7617"}],"curies":[{"name":"wp","href":"https:\/\/api.w.org\/{rel}","templated":true}]}}