{"id":7585,"date":"2023-10-31T09:49:05","date_gmt":"2023-10-31T09:49:05","guid":{"rendered":"https:\/\/softskinshop.net\/?post_type=product&#038;p=7585"},"modified":"2025-02-08T15:18:51","modified_gmt":"2025-02-08T15:18:51","slug":"rose-petal-satin-foot-mask","status":"publish","type":"product","link":"https:\/\/softskinshop.net\/lv\/shop\/all-products\/rose-petal-satin-foot-mask\/","title":{"rendered":"Ro\u017eu ziedlapu sat\u012bna p\u0113du maska"},"content":{"rendered":"<p>KOELF Rose Petal Satin Heel Mask ir\u00a0<b>\"augstas funkcionalit\u0101tes maska\", kas nodro\u0161ina efekt\u012bvu p\u012blinga un mitrino\u0161u l\u012bdzekli j\u016bsu saplais\u0101ju\u0161iem vai sausiem pap\u0113\u017eiem.<\/b>. Maskas sast\u0101v\u0101 eso\u0161\u0101 \u0101rk\u0101rt\u012bgi mitrino\u0161\u0101 ro\u017eu esence baro \u0101du un uzlabo plais\u0101ju\u0161as un raupjas p\u0113das.<\/p>","protected":false},"excerpt":{"rendered":"<p>KOELF Rose Petal Satin Heel Mask ir\u00a0<b>\"augstas funkcionalit\u0101tes maska\", kas nodro\u0161ina efekt\u012bvu p\u012blinga un mitrino\u0161u l\u012bdzekli j\u016bsu saplais\u0101ju\u0161iem vai sausiem pap\u0113\u017eiem.<\/b>. Maskas sast\u0101v\u0101 eso\u0161\u0101 \u0101rk\u0101rt\u012bgi mitrino\u0161\u0101 ro\u017eu esence baro \u0101du un uzlabo plais\u0101ju\u0161as un raupjas p\u0113das.<\/p>","protected":false},"featured_media":7586,"template":"","meta":{"om_disable_all_campaigns":false,"_monsterinsights_skip_tracking":false,"_monsterinsights_sitenote_active":false,"_monsterinsights_sitenote_note":"","_monsterinsights_sitenote_category":0},"product_cat":[15,69],"product_tag":[],"aioseo_notices":[],"_links":{"self":[{"href":"https:\/\/softskinshop.net\/lv\/wp-json\/wp\/v2\/product\/7585"}],"collection":[{"href":"https:\/\/softskinshop.net\/lv\/wp-json\/wp\/v2\/product"}],"about":[{"href":"https:\/\/softskinshop.net\/lv\/wp-json\/wp\/v2\/types\/product"}],"wp:featuredmedia":[{"embeddable":true,"href":"https:\/\/softskinshop.net\/lv\/wp-json\/wp\/v2\/media\/7586"}],"wp:attachment":[{"href":"https:\/\/softskinshop.net\/lv\/wp-json\/wp\/v2\/media?parent=7585"}],"wp:term":[{"taxonomy":"product_cat","embeddable":true,"href":"https:\/\/softskinshop.net\/lv\/wp-json\/wp\/v2\/product_cat?post=7585"},{"taxonomy":"product_tag","embeddable":true,"href":"https:\/\/softskinshop.net\/lv\/wp-json\/wp\/v2\/product_tag?post=7585"}],"curies":[{"name":"wp","href":"https:\/\/api.w.org\/{rel}","templated":true}]}}