{"id":7579,"date":"2023-10-31T09:37:24","date_gmt":"2023-10-31T09:37:24","guid":{"rendered":"https:\/\/softskinshop.net\/?post_type=product&#038;p=7579"},"modified":"2026-02-14T18:45:27","modified_gmt":"2026-02-14T18:45:27","slug":"peptide-3r-derma-eye-serum","status":"publish","type":"product","link":"https:\/\/softskinshop.net\/lv\/shop\/all-products\/peptide-3r-derma-eye-serum\/","title":{"rendered":"Peptide 3R Derma acu serums"},"content":{"rendered":"<p>Intens\u012bvs acu serums ar sp\u0113c\u012bgu pept\u012bdu kompleksu! Serums stimul\u0113 kolag\u0113na un elast\u012bna veido\u0161anos, tam ir liftinga efekts. Peptidu serums izl\u012bdzina grumbas, pal\u0113nina noveco\u0161an\u0101s procesus un attiec\u012bgi pagarina \u0101das jaun\u012bbu.<\/p>\n<p>Peptide Roller Serum ir\u00a0<strong>intens\u012bva mitrino\u0161a un nostiprino\u0161a proced\u016bra \u0101dai ap ac\u012bm.<\/strong><\/p>\n<p>Seruma aplikators ir papildin\u0101ts ar 3 maziem met\u0101la rull\u012b\u0161iem, kas pastiprina l\u012bdzek\u013ca iedarb\u012bbu, \u013caujot seruma akt\u012bvaj\u0101m sast\u0101vda\u013c\u0101m iek\u013c\u016bt dzi\u013c\u0101kos sl\u0101\u0146os. Turkl\u0101t rull\u012b\u0161i pat\u012bkami atv\u0113sina \u0101du,\u00a0<strong>pal\u012bdz mazin\u0101t \u0101das piet\u016bkumu, mazina stresu un nogurumu un uzlabo mikrocirkul\u0101ciju.<\/strong><\/p>\n<p>Produkts ir nelip\u012bgs gela tipa; esence pop iek\u0161pus\u0113 \u017eelejas un nodro\u0161ina svaigu saj\u016btu.<br \/>\np\u0113c lieto\u0161anas.<\/p>\n<p><strong>Ide\u0101li piem\u0113rots noguru\u0161ai un nobriedu\u0161ai \u0101dai<\/strong><\/p>","protected":false},"excerpt":{"rendered":"<p>Intens\u012bvs acu serums ar sp\u0113c\u012bgu pept\u012bdu kompleksu! Serums stimul\u0113 kolag\u0113na un elast\u012bna veido\u0161anos, tam ir liftinga efekts. Peptidu serums izl\u012bdzina grumbas, pal\u0113nina noveco\u0161an\u0101s procesus un attiec\u012bgi pagarina \u0101das jaun\u012bbu.<\/p>\n<p>Peptide Roller Serum ir\u00a0<strong>intens\u012bva mitrino\u0161a un nostiprino\u0161a proced\u016bra \u0101dai ap ac\u012bm.<\/strong><\/p>\n<p>Seruma aplikators ir papildin\u0101ts ar 3 maziem met\u0101la rull\u012b\u0161iem, kas pastiprina l\u012bdzek\u013ca iedarb\u012bbu, \u013caujot seruma akt\u012bvaj\u0101m sast\u0101vda\u013c\u0101m iek\u013c\u016bt dzi\u013c\u0101kos sl\u0101\u0146os. Turkl\u0101t rull\u012b\u0161i pat\u012bkami atv\u0113sina \u0101du,\u00a0<strong>pal\u012bdz mazin\u0101t \u0101das piet\u016bkumu, mazina stresu un nogurumu un uzlabo mikrocirkul\u0101ciju.<\/strong><\/p>\n<p>Produkts ir nelip\u012bgs gela tipa; esence pop iek\u0161pus\u0113 \u017eelejas un nodro\u0161ina svaigu saj\u016btu.<br \/>\np\u0113c lieto\u0161anas.<\/p>\n<p><strong>Ide\u0101li piem\u0113rots noguru\u0161ai un nobriedu\u0161ai \u0101dai<\/strong><\/p>","protected":false},"featured_media":5207,"template":"","meta":{"om_disable_all_campaigns":false,"_monsterinsights_skip_tracking":false,"_monsterinsights_sitenote_active":false,"_monsterinsights_sitenote_note":"","_monsterinsights_sitenote_category":0},"product_cat":[15,71],"product_tag":[],"aioseo_notices":[],"_links":{"self":[{"href":"https:\/\/softskinshop.net\/lv\/wp-json\/wp\/v2\/product\/7579"}],"collection":[{"href":"https:\/\/softskinshop.net\/lv\/wp-json\/wp\/v2\/product"}],"about":[{"href":"https:\/\/softskinshop.net\/lv\/wp-json\/wp\/v2\/types\/product"}],"wp:featuredmedia":[{"embeddable":true,"href":"https:\/\/softskinshop.net\/lv\/wp-json\/wp\/v2\/media\/5207"}],"wp:attachment":[{"href":"https:\/\/softskinshop.net\/lv\/wp-json\/wp\/v2\/media?parent=7579"}],"wp:term":[{"taxonomy":"product_cat","embeddable":true,"href":"https:\/\/softskinshop.net\/lv\/wp-json\/wp\/v2\/product_cat?post=7579"},{"taxonomy":"product_tag","embeddable":true,"href":"https:\/\/softskinshop.net\/lv\/wp-json\/wp\/v2\/product_tag?post=7579"}],"curies":[{"name":"wp","href":"https:\/\/api.w.org\/{rel}","templated":true}]}}