{"id":7577,"date":"2023-10-31T09:34:50","date_gmt":"2023-10-31T09:34:50","guid":{"rendered":"https:\/\/softskinshop.net\/?post_type=product&#038;p=7577"},"modified":"2025-05-23T15:40:44","modified_gmt":"2025-05-23T15:40:44","slug":"salmon-peptide-nutrition-eye-patch","status":"publish","type":"product","link":"https:\/\/softskinshop.net\/lv\/shop\/all-products\/salmon-peptide-nutrition-eye-patch\/","title":{"rendered":"La\u0161a un pept\u012bdu uzturs acu pl\u0101ksteris"},"content":{"rendered":"<p>\u0160ie hidrog\u0113la acu pl\u0101ksteri ar la\u0161u e\u013c\u013cu nomierina un uzreiz mitrina jut\u012bgo acu zonu. Smalk\u0101s grumbi\u0146as samazin\u0101s un tum\u0161ie loki k\u013c\u016bst maz\u0101k paman\u0101mi. La\u0161a e\u013c\u013ca ir pilna ar A un E vitam\u012bniem, kas nov\u0113r\u0161 noveco\u0161an\u0101s paz\u012bmes un uzlabo bl\u0101vu \u0101du. T\u0101 pal\u012bdz izgaismot acu zonu un nov\u0113r\u0161 s\u012bk\u0101s grumbi\u0146as. La\u0161a e\u013c\u013ca ir bag\u0101ta ar pretiekaisuma omega-6 tauksk\u0101b\u0113m un D vitam\u012bnu, kas atjauno un mitrina \u0101du. \u0160is iespaid\u012bgais antioksidants ar\u012b nov\u0113r\u0161 jebk\u0101dus boj\u0101jumus. La\u0161a e\u013c\u013c\u0101 ir v\u0113l viena pretnoveco\u0161an\u0101s super sast\u0101vda\u013ca - astaksant\u012bns, kas mazina grumbu ra\u0161anos un nov\u0113r\u0161 kolag\u0113na zudumu. Ceram\u012bds stiprina \u0101das barjeru, lai t\u0101 k\u013c\u016btu stipr\u0101ka un vesel\u012bg\u0101ka, savuk\u0101rt alanto\u012bns veicina \u0101das atjauno\u0161anos un nomierina \u0101du pept\u012bdu kombin\u0101cija palielina kolag\u0113na l\u012bmeni un pace\u013c \u0101du.<\/p>\n<ul>\n<li>Bez sulf\u0101tu<\/li>\n<li>Bez alkohola<\/li>\n<li>Bez \u0113teriskaj\u0101m e\u013c\u013c\u0101m<\/li>\n<li>Bez silikona<\/li>\n<\/ul>","protected":false},"excerpt":{"rendered":"<p>\u0160ie hidrog\u0113la acu pl\u0101ksteri ar la\u0161u e\u013c\u013cu nomierina un uzreiz mitrina jut\u012bgo acu zonu. Smalk\u0101s grumbi\u0146as samazin\u0101s un tum\u0161ie loki k\u013c\u016bst maz\u0101k paman\u0101mi. La\u0161a e\u013c\u013ca ir pilna ar A un E vitam\u012bniem, kas nov\u0113r\u0161 noveco\u0161an\u0101s paz\u012bmes un uzlabo bl\u0101vu \u0101du. T\u0101 pal\u012bdz izgaismot acu zonu un nov\u0113r\u0161 s\u012bk\u0101s grumbi\u0146as. La\u0161a e\u013c\u013ca ir bag\u0101ta ar pretiekaisuma omega-6 tauksk\u0101b\u0113m un D vitam\u012bnu, kas atjauno un mitrina \u0101du. \u0160is iespaid\u012bgais antioksidants ar\u012b nov\u0113r\u0161 jebk\u0101dus boj\u0101jumus. La\u0161a e\u013c\u013c\u0101 ir v\u0113l viena pretnoveco\u0161an\u0101s super sast\u0101vda\u013ca - astaksant\u012bns, kas mazina grumbu ra\u0161anos un nov\u0113r\u0161 kolag\u0113na zudumu. Ceram\u012bds stiprina \u0101das barjeru, lai t\u0101 k\u013c\u016btu stipr\u0101ka un vesel\u012bg\u0101ka, savuk\u0101rt alanto\u012bns veicina \u0101das atjauno\u0161anos un nomierina \u0101du pept\u012bdu kombin\u0101cija palielina kolag\u0113na l\u012bmeni un pace\u013c \u0101du.<\/p>\n<ul>\n<li>Bez sulf\u0101tu<\/li>\n<li>Bez alkohola<\/li>\n<li>Bez \u0113teriskaj\u0101m e\u013c\u013c\u0101m<\/li>\n<li>Bez silikona<\/li>\n<\/ul>\n<p>Sast\u0101vda\u013cas:<br \/>\n\u016adens, glicer\u012bns, agars, hidroksietilur\u012bnviela, ksant\u0101na sve\u0137i, Ceratonia Siliqua (Ceratonia Siliqua) sve\u0137i, butil\u0113nglikols, Peg-60 hidrogen\u0113ta r\u012bcine\u013c\u013ca, karagin\u0101ns, karbom\u0113rs, alanto\u012bns, metilparab\u0113ns, saharoze, din\u0101trija edta, vizlas, Ci 77492, tit\u0101na dioks\u012bds, smar\u017evielas, la\u0161a e\u013c\u013ca (100Ppm), Ci 77491, hidrogen\u0113tais lecit\u012bns, keram\u012bds Np, 1,2-heksandiols, polisorb\u0101ts 20, fenoksietanols, palmitoiltripept\u012bds-1 (110 ppb), palmitoiltripept\u012bds-5 (110 ppb), palmitoiltetrapept\u012bds-7 (105 pb), palmitoil dipeptid-7 (100 ppb), palmitoil heksapept\u012bds-12 (100 ppb), acetilheksapept\u012bds-8 (50 ppb), vara tripept\u012bds-1 (50 ppb), palmitoil pentapept\u012bds-4 (10 ppb)<\/p>","protected":false},"featured_media":7578,"template":"","meta":{"om_disable_all_campaigns":false,"_monsterinsights_skip_tracking":false,"_monsterinsights_sitenote_active":false,"_monsterinsights_sitenote_note":"","_monsterinsights_sitenote_category":0},"product_cat":[15,71],"product_tag":[],"aioseo_notices":[],"_links":{"self":[{"href":"https:\/\/softskinshop.net\/lv\/wp-json\/wp\/v2\/product\/7577"}],"collection":[{"href":"https:\/\/softskinshop.net\/lv\/wp-json\/wp\/v2\/product"}],"about":[{"href":"https:\/\/softskinshop.net\/lv\/wp-json\/wp\/v2\/types\/product"}],"wp:featuredmedia":[{"embeddable":true,"href":"https:\/\/softskinshop.net\/lv\/wp-json\/wp\/v2\/media\/7578"}],"wp:attachment":[{"href":"https:\/\/softskinshop.net\/lv\/wp-json\/wp\/v2\/media?parent=7577"}],"wp:term":[{"taxonomy":"product_cat","embeddable":true,"href":"https:\/\/softskinshop.net\/lv\/wp-json\/wp\/v2\/product_cat?post=7577"},{"taxonomy":"product_tag","embeddable":true,"href":"https:\/\/softskinshop.net\/lv\/wp-json\/wp\/v2\/product_tag?post=7577"}],"curies":[{"name":"wp","href":"https:\/\/api.w.org\/{rel}","templated":true}]}}